{"id":22422,"date":"2021-04-23T09:14:08","date_gmt":"2021-04-23T09:14:08","guid":{"rendered":"https:\/\/wpbingosite.com\/wordpress\/tikie\/?page_id=22422"},"modified":"2024-05-07T19:00:57","modified_gmt":"2024-05-07T17:00:57","slug":"home-1","status":"publish","type":"page","link":"https:\/\/magnumopuskiado.hu\/en\/home-1\/","title":{"rendered":"HomeOld"},"content":{"rendered":"\t\t<div data-elementor-type=\"wp-page\" data-elementor-id=\"22422\" class=\"elementor elementor-22422\">\n\t\t\t\t\t\t<section class=\"elementor-section elementor-top-section elementor-element elementor-element-b00c83b elementor-section-full_width elementor-section-height-default elementor-section-height-default\" data-id=\"b00c83b\" data-element_type=\"section\" data-e-type=\"section\" data-settings=\"{&quot;background_background&quot;:&quot;classic&quot;}\">\n\t\t\t\t\t\t<div class=\"elementor-container elementor-column-gap-no\">\n\t\t\t\t\t<div class=\"elementor-column elementor-col-100 elementor-top-column elementor-element elementor-element-b9aa964\" data-id=\"b9aa964\" data-element_type=\"column\" data-e-type=\"column\">\n\t\t\t<div class=\"elementor-widget-wrap\">\n\t\t\t\t\t\t\t<\/div>\n\t\t<\/div>\n\t\t\t\t\t<\/div>\n\t\t<\/section>\n\t\t\t\t<section class=\"elementor-section elementor-top-section elementor-element elementor-element-6c937d6 elementor-section-boxed elementor-section-height-default elementor-section-height-default\" data-id=\"6c937d6\" data-element_type=\"section\" data-e-type=\"section\" data-settings=\"{&quot;background_background&quot;:&quot;classic&quot;}\">\n\t\t\t\t\t\t<div class=\"elementor-container elementor-column-gap-default\">\n\t\t\t\t\t<div class=\"elementor-column elementor-col-100 elementor-top-column elementor-element elementor-element-d55a815\" data-id=\"d55a815\" data-element_type=\"column\" data-e-type=\"column\">\n\t\t\t<div class=\"elementor-widget-wrap\">\n\t\t\t\t\t\t\t<\/div>\n\t\t<\/div>\n\t\t\t\t\t<\/div>\n\t\t<\/section>\n\t\t\t\t<section class=\"elementor-section elementor-top-section elementor-element elementor-element-6f16a1d elementor-section-boxed elementor-section-height-default elementor-section-height-default\" data-id=\"6f16a1d\" data-element_type=\"section\" data-e-type=\"section\" data-settings=\"{&quot;background_background&quot;:&quot;classic&quot;}\">\n\t\t\t\t\t\t<div class=\"elementor-container elementor-column-gap-default\">\n\t\t\t\t\t<div class=\"elementor-column elementor-col-100 elementor-top-column elementor-element elementor-element-e811925\" data-id=\"e811925\" data-element_type=\"column\" data-e-type=\"column\">\n\t\t\t<div class=\"elementor-widget-wrap elementor-element-populated\">\n\t\t\t\t\t\t<section class=\"elementor-section elementor-inner-section elementor-element elementor-element-1774cd5 elementor-section-boxed elementor-section-height-default elementor-section-height-default\" data-id=\"1774cd5\" data-element_type=\"section\" data-e-type=\"section\" data-settings=\"{&quot;background_background&quot;:&quot;classic&quot;}\">\n\t\t\t\t\t\t<div class=\"elementor-container elementor-column-gap-default\">\n\t\t\t\t\t<div class=\"elementor-column elementor-col-100 elementor-inner-column elementor-element elementor-element-d1b3cda\" data-id=\"d1b3cda\" data-element_type=\"column\" data-e-type=\"column\" data-settings=\"{&quot;background_background&quot;:&quot;classic&quot;}\">\n\t\t\t<div class=\"elementor-widget-wrap elementor-element-populated\">\n\t\t\t\t\t\t<div class=\"elementor-element elementor-element-11549c2 elementor-widget__width-auto elementor-widget elementor-widget-bwp_product_list\" data-id=\"11549c2\" data-element_type=\"widget\" data-e-type=\"widget\" data-widget_type=\"bwp_product_list.default\">\n\t\t\t\t<div class=\"elementor-widget-container\">\n\t\t\t\t\t\t<div id=\"bwp_default_3101314351776759559\" class=\"bwp-products-loadmore bwp_list_default  no-title\"\r\n\t\tdata-attributes= \"col-xl-4 col-lg-4 col-md-4 col-6\"\r\n\t\tdata-orderby= \"name\"\r\n\t\tdata-order= \"ASC\"\r\n\t\tdata-category = \"saga\"\r\n\t\tdata-numberposts = \"7\"\r\n\t\tdata-source = \"default\"\r\n\t\tdata-total\t= \t\"22\"\r\n\t\tdata-url = \"https:\/\/magnumopuskiado.hu\/wp-admin\/admin-ajax.php\"\r\n\t\t>\r\n\t\t         \r\n\t\t<div class=\"content products-list grid row\">\t\r\n\t\t\t\t\t<div class=\"item-product col-xl-4 col-lg-4 col-md-4 col-6\">\r\n\t\t\t\t\t\t\t\t\t<div class=\"products-entry content-product1 clearfix product-wapper\">\n\t<div class=\"products-thumb\">\n\t\t<a href=\"https:\/\/magnumopuskiado.hu\/en\/product\/saga-1-kotet-cica-edison\/\" class=\"woocommerce-LoopProduct-link\"><img fetchpriority=\"high\" decoding=\"async\" width=\"300\" height=\"450\" src=\"https:\/\/magnumopuskiado.hu\/wp-content\/uploads\/2024\/09\/Saga_cica-300x450.png\" class=\"fade-in lazyload wp-post-image\" alt=\"\" loading=\"eager\" \/><\/a>\t\t<div class='product-button'>\n\t\t\t<a rel=\"nofollow\" href=\"\/en\/wp-json\/wp\/v2\/pages\/22422?add-to-cart=26762\" data-quantity=\"1\" data-product_id=\"26762\" data-product_sku=\"\" class=\"button product_type_simple add_to_cart_button ajax_add_to_cart\">Add to cart<\/a><span class=\"product-quickview\"><a href=\"#\" data-product_id=\"26762\" class=\"quickview quickview-button quickview-26762\" >Quick View <i class=\"icon-search\"><\/i><\/a><\/span>\t\t<\/div>\n\t<\/div>\n\t<div class=\"products-content\">\n\t\t<div class=\"contents\">\n\t\t\t<h3 class=\"product-title\"><a href=\"https:\/\/magnumopuskiado.hu\/en\/product\/saga-1-kotet-cica-edison\/\">Saga 1. k\u00f6tet &#8211; Cica Edis\u00f6n<\/a><\/h3>\n\t\t\t\n\t<span class=\"price\"><span class=\"woocommerce-Price-amount amount\"><bdi>6 000&nbsp;<span class=\"woocommerce-Price-currencySymbol\">&#70;&#116;<\/span><\/bdi><\/span><\/span>\n\t\t\t\t\t<\/div>\n\t<\/div>\n<\/div>\t\t\t\t\t\t\t<\/div>\r\n\t\t\t\t\t<div class=\"item-product col-xl-4 col-lg-4 col-md-4 col-6\">\r\n\t\t\t\t\t\t\t\t\t<div class=\"products-entry content-product1 clearfix product-wapper\">\n\t<div class=\"products-thumb\">\n\t\t<a href=\"https:\/\/magnumopuskiado.hu\/en\/product\/saga-1-kotet-gyujtoi-kiadas\/\" class=\"woocommerce-LoopProduct-link\"><img decoding=\"async\" width=\"300\" height=\"450\" src=\"https:\/\/magnumopuskiado.hu\/wp-content\/uploads\/2024\/05\/Saga_1_limitalt_kepregeny-2-300x450.jpg\" class=\"fade-in lazyload wp-post-image\" alt=\"\" loading=\"eager\" \/><\/a>\t\t<div class='product-button'>\n\t\t\t<a rel=\"nofollow\" href=\"\/en\/wp-json\/wp\/v2\/pages\/22422?add-to-cart=26441\" data-quantity=\"1\" data-product_id=\"26441\" data-product_sku=\"\" class=\"button product_type_simple add_to_cart_button ajax_add_to_cart\">Add to cart<\/a><span class=\"product-quickview\"><a href=\"#\" data-product_id=\"26441\" class=\"quickview quickview-button quickview-26441\" >Quick View <i class=\"icon-search\"><\/i><\/a><\/span>\t\t<\/div>\n\t<\/div>\n\t<div class=\"products-content\">\n\t\t<div class=\"contents\">\n\t\t\t<h3 class=\"product-title\"><a href=\"https:\/\/magnumopuskiado.hu\/en\/product\/saga-1-kotet-gyujtoi-kiadas\/\">Saga 1. k\u00f6tet &#8211; Gy\u0171jt\u0151i kiad\u00e1s [PK]<\/a><\/h3>\n\t\t\t\n\t<span class=\"price\"><span class=\"woocommerce-Price-amount amount\"><bdi>12 500&nbsp;<span class=\"woocommerce-Price-currencySymbol\">&#70;&#116;<\/span><\/bdi><\/span><\/span>\n\t\t\t\t\t<\/div>\n\t<\/div>\n<\/div>\t\t\t\t\t\t\t<\/div>\r\n\t\t\t\t\t<div class=\"item-product col-xl-4 col-lg-4 col-md-4 col-6\">\r\n\t\t\t\t\t\t\t\t\t<div class=\"products-entry content-product1 clearfix product-wapper\">\n\t<div class=\"products-thumb\">\n\t\t<a href=\"https:\/\/magnumopuskiado.hu\/en\/product\/saga-1-kotet-normal-valtozat\/\" class=\"woocommerce-LoopProduct-link\"><img decoding=\"async\" width=\"300\" height=\"450\" src=\"https:\/\/magnumopuskiado.hu\/wp-content\/uploads\/2024\/05\/Saga_1_normal-300x450.jpg\" class=\"fade-in lazyload wp-post-image\" alt=\"\" loading=\"eager\" \/><\/a>\t\t<div class='product-button'>\n\t\t\t<a rel=\"nofollow\" href=\"\/en\/wp-json\/wp\/v2\/pages\/22422?add-to-cart=26439\" data-quantity=\"1\" data-product_id=\"26439\" data-product_sku=\"\" class=\"button product_type_simple add_to_cart_button ajax_add_to_cart\">Add to cart<\/a><span class=\"product-quickview\"><a href=\"#\" data-product_id=\"26439\" class=\"quickview quickview-button quickview-26439\" >Quick View <i class=\"icon-search\"><\/i><\/a><\/span>\t\t<\/div>\n\t<\/div>\n\t<div class=\"products-content\">\n\t\t<div class=\"contents\">\n\t\t\t<h3 class=\"product-title\"><a href=\"https:\/\/magnumopuskiado.hu\/en\/product\/saga-1-kotet-normal-valtozat\/\">Saga 1. k\u00f6tet &#8211; Norm\u00e1l [MO]<\/a><\/h3>\n\t\t\t\n\t<span class=\"price\"><del aria-hidden=\"true\"><span class=\"woocommerce-Price-amount amount\"><bdi>8 000&nbsp;<span class=\"woocommerce-Price-currencySymbol\">&#70;&#116;<\/span><\/bdi><\/span><\/del> <span class=\"screen-reader-text\">Original price was: 8 000&nbsp;&#070;&#116;.<\/span><ins aria-hidden=\"true\"><span class=\"woocommerce-Price-amount amount\"><bdi>7 200&nbsp;<span class=\"woocommerce-Price-currencySymbol\">&#70;&#116;<\/span><\/bdi><\/span><\/ins><span class=\"screen-reader-text\">Current price is: 7 200&nbsp;&#070;&#116;.<\/span><\/span>\n\t\t\t\t\t<\/div>\n\t<\/div>\n<\/div>\t\t\t\t\t\t\t<\/div>\r\n\t\t\t\t\t<div class=\"item-product col-xl-4 col-lg-4 col-md-4 col-6\">\r\n\t\t\t\t\t\t\t\t\t<div class=\"products-entry content-product1 clearfix product-wapper\">\n\t<div class=\"products-thumb\">\n\t\t<a href=\"https:\/\/magnumopuskiado.hu\/en\/product\/saga-2-kotet-gyujtoi-kiadas\/\" class=\"woocommerce-LoopProduct-link\"><img decoding=\"async\" width=\"300\" height=\"450\" src=\"https:\/\/magnumopuskiado.hu\/wp-content\/uploads\/2024\/08\/Saga_2_limitalt_kepregeny-1-300x450.jpg\" class=\"fade-in lazyload wp-post-image\" alt=\"\" loading=\"eager\" \/><\/a>\t\t<div class='product-button'>\n\t\t\t<a rel=\"nofollow\" href=\"\/en\/wp-json\/wp\/v2\/pages\/22422?add-to-cart=26704\" data-quantity=\"1\" data-product_id=\"26704\" data-product_sku=\"\" class=\"button product_type_simple add_to_cart_button ajax_add_to_cart\">Add to cart<\/a><span class=\"product-quickview\"><a href=\"#\" data-product_id=\"26704\" class=\"quickview quickview-button quickview-26704\" >Quick View <i class=\"icon-search\"><\/i><\/a><\/span>\t\t<\/div>\n\t<\/div>\n\t<div class=\"products-content\">\n\t\t<div class=\"contents\">\n\t\t\t<h3 class=\"product-title\"><a href=\"https:\/\/magnumopuskiado.hu\/en\/product\/saga-2-kotet-gyujtoi-kiadas\/\">Saga 2. k\u00f6tet &#8211; Gy\u0171jt\u0151i kiad\u00e1s [PK]<\/a><\/h3>\n\t\t\t\n\t<span class=\"price\"><span class=\"woocommerce-Price-amount amount\"><bdi>12 500&nbsp;<span class=\"woocommerce-Price-currencySymbol\">&#70;&#116;<\/span><\/bdi><\/span><\/span>\n\t\t\t\t\t<\/div>\n\t<\/div>\n<\/div>\t\t\t\t\t\t\t<\/div>\r\n\t\t\t\t\t<div class=\"item-product col-xl-4 col-lg-4 col-md-4 col-6\">\r\n\t\t\t\t\t\t\t\t\t<div class=\"products-entry content-product1 clearfix product-wapper\">\n\t<div class=\"products-thumb\">\n\t\t<a href=\"https:\/\/magnumopuskiado.hu\/en\/product\/saga-2-kotet-normal\/\" class=\"woocommerce-LoopProduct-link\"><img decoding=\"async\" width=\"300\" height=\"450\" src=\"https:\/\/magnumopuskiado.hu\/wp-content\/uploads\/2024\/05\/Saga_2_normal-300x450.jpg\" class=\"fade-in lazyload wp-post-image\" alt=\"\" loading=\"eager\" \/><\/a>\t\t<div class='product-button'>\n\t\t\t<a rel=\"nofollow\" href=\"\/en\/wp-json\/wp\/v2\/pages\/22422?add-to-cart=26040\" data-quantity=\"1\" data-product_id=\"26040\" data-product_sku=\"\" class=\"button product_type_simple add_to_cart_button ajax_add_to_cart\">Add to cart<\/a><span class=\"product-quickview\"><a href=\"#\" data-product_id=\"26040\" class=\"quickview quickview-button quickview-26040\" >Quick View <i class=\"icon-search\"><\/i><\/a><\/span>\t\t<\/div>\n\t<\/div>\n\t<div class=\"products-content\">\n\t\t<div class=\"contents\">\n\t\t\t<h3 class=\"product-title\"><a href=\"https:\/\/magnumopuskiado.hu\/en\/product\/saga-2-kotet-normal\/\">Saga 2. k\u00f6tet &#8211; Norm\u00e1l [PK]<\/a><\/h3>\n\t\t\t\n\t<span class=\"price\"><del aria-hidden=\"true\"><span class=\"woocommerce-Price-amount amount\"><bdi>8 000&nbsp;<span class=\"woocommerce-Price-currencySymbol\">&#70;&#116;<\/span><\/bdi><\/span><\/del> <span class=\"screen-reader-text\">Original price was: 8 000&nbsp;&#070;&#116;.<\/span><ins aria-hidden=\"true\"><span class=\"woocommerce-Price-amount amount\"><bdi>7 200&nbsp;<span class=\"woocommerce-Price-currencySymbol\">&#70;&#116;<\/span><\/bdi><\/span><\/ins><span class=\"screen-reader-text\">Current price is: 7 200&nbsp;&#070;&#116;.<\/span><\/span>\n\t\t\t\t\t<\/div>\n\t<\/div>\n<\/div>\t\t\t\t\t\t\t<\/div>\r\n\t\t\t\t\t<div class=\"item-product col-xl-4 col-lg-4 col-md-4 col-6\">\r\n\t\t\t\t\t\t\t\t\t<div class=\"products-entry content-product1 clearfix product-wapper\">\n\t<div class=\"products-thumb\">\n\t\t<a href=\"https:\/\/magnumopuskiado.hu\/en\/product\/saga-2-kotet-pok-edison\/\" class=\"woocommerce-LoopProduct-link\"><img decoding=\"async\" width=\"300\" height=\"450\" src=\"https:\/\/magnumopuskiado.hu\/wp-content\/uploads\/2024\/09\/Saga_sajat2-300x450.png\" class=\"fade-in lazyload wp-post-image\" alt=\"\" loading=\"eager\" \/><\/a>\t\t<div class='product-button'>\n\t\t\t<a rel=\"nofollow\" href=\"\/en\/wp-json\/wp\/v2\/pages\/22422?add-to-cart=26765\" data-quantity=\"1\" data-product_id=\"26765\" data-product_sku=\"\" class=\"button product_type_simple add_to_cart_button ajax_add_to_cart\">Add to cart<\/a><span class=\"product-quickview\"><a href=\"#\" data-product_id=\"26765\" class=\"quickview quickview-button quickview-26765\" >Quick View <i class=\"icon-search\"><\/i><\/a><\/span>\t\t<\/div>\n\t<\/div>\n\t<div class=\"products-content\">\n\t\t<div class=\"contents\">\n\t\t\t<h3 class=\"product-title\"><a href=\"https:\/\/magnumopuskiado.hu\/en\/product\/saga-2-kotet-pok-edison\/\">Saga 2. k\u00f6tet &#8211; P\u00f3k Edis\u00f6n<\/a><\/h3>\n\t\t\t\n\t<span class=\"price\"><span class=\"woocommerce-Price-amount amount\"><bdi>6 000&nbsp;<span class=\"woocommerce-Price-currencySymbol\">&#70;&#116;<\/span><\/bdi><\/span><\/span>\n\t\t\t\t\t<\/div>\n\t<\/div>\n<\/div>\t\t\t\t\t\t\t<\/div>\r\n\t\t\t\t\t<div class=\"item-product col-xl-4 col-lg-4 col-md-4 col-6\">\r\n\t\t\t\t\t\t\t\t\t<div class=\"products-entry content-product1 clearfix product-wapper\">\n\t<div class=\"products-thumb\">\n\t\t<a href=\"https:\/\/magnumopuskiado.hu\/en\/product\/saga-3-kotet-gyujtoi-kiadas\/\" class=\"woocommerce-LoopProduct-link\"><img decoding=\"async\" width=\"300\" height=\"450\" src=\"https:\/\/magnumopuskiado.hu\/wp-content\/uploads\/2024\/08\/Saga_3_limitalt_kepregeny-1-300x450.jpg\" class=\"fade-in lazyload wp-post-image\" alt=\"\" loading=\"eager\" \/><\/a>\t\t<div class='product-button'>\n\t\t\t<a rel=\"nofollow\" href=\"\/en\/wp-json\/wp\/v2\/pages\/22422?add-to-cart=26706\" data-quantity=\"1\" data-product_id=\"26706\" data-product_sku=\"\" class=\"button product_type_simple add_to_cart_button ajax_add_to_cart\">Add to cart<\/a><span class=\"product-quickview\"><a href=\"#\" data-product_id=\"26706\" class=\"quickview quickview-button quickview-26706\" >Quick View <i class=\"icon-search\"><\/i><\/a><\/span>\t\t<\/div>\n\t<\/div>\n\t<div class=\"products-content\">\n\t\t<div class=\"contents\">\n\t\t\t<h3 class=\"product-title\"><a href=\"https:\/\/magnumopuskiado.hu\/en\/product\/saga-3-kotet-gyujtoi-kiadas\/\">Saga 3. k\u00f6tet &#8211; Gy\u0171jt\u0151i Kiad\u00e1s [MO]<\/a><\/h3>\n\t\t\t\n\t<span class=\"price\"><span class=\"woocommerce-Price-amount amount\"><bdi>17 500&nbsp;<span class=\"woocommerce-Price-currencySymbol\">&#70;&#116;<\/span><\/bdi><\/span><\/span>\n\t\t\t\t\t<\/div>\n\t<\/div>\n<\/div>\t\t\t\t\t\t\t<\/div>\r\n\t\t\t\t<\/div>\r\n\t\t\t\t<div class=\"products_loadmore\">\r\n\t\t\t<button type=\"button\" class=\"btn btn-default loadmore\" name=\"loadmore\">\r\n\t\t\t\t<i class=\"fa fa-refresh\" aria-hidden=\"true\"><\/i>\r\n\t\t\t\t<span>Load More<\/span>\r\n\t\t\t<\/button>\r\n\t\t\t<input type=\"hidden\"  value=\"2\" class=\"count_loadmore\" \/>\r\n\t\t<\/div>\t\r\n\t\t\t\r\n\t<\/div>\r\n\t\t\t\t\t<\/div>\n\t\t\t\t<\/div>\n\t\t\t\t\t<\/div>\n\t\t<\/div>\n\t\t\t\t\t<\/div>\n\t\t<\/section>\n\t\t\t\t\t<\/div>\n\t\t<\/div>\n\t\t\t\t\t<\/div>\n\t\t<\/section>\n\t\t\t\t<section class=\"elementor-section elementor-top-section elementor-element elementor-element-2baabd0 elementor-section-full_width elementor-section-height-default elementor-section-height-default\" data-id=\"2baabd0\" data-element_type=\"section\" data-e-type=\"section\" data-settings=\"{&quot;background_background&quot;:&quot;classic&quot;}\">\n\t\t\t\t\t\t<div class=\"elementor-container elementor-column-gap-default\">\n\t\t\t\t\t<div class=\"elementor-column elementor-col-100 elementor-top-column elementor-element elementor-element-a070e11\" data-id=\"a070e11\" data-element_type=\"column\" data-e-type=\"column\" data-settings=\"{&quot;background_background&quot;:&quot;classic&quot;}\">\n\t\t\t<div class=\"elementor-widget-wrap\">\n\t\t\t\t\t\t\t<\/div>\n\t\t<\/div>\n\t\t\t\t\t<\/div>\n\t\t<\/section>\n\t\t\t\t<\/div>\n\t\t","protected":false},"excerpt":{"rendered":"<p>Kos\u00e1rba teszemQuick View Saga 6. k\u00f6tet \u2013 Norm\u00e1l v\u00e1ltozat 7500\u00a0Ft Kos\u00e1rba teszemQuick View Saga 6. k\u00f6tet \u2013 F\u00f3ka Edis\u00f6n 6000\u00a0Ft Kos\u00e1rba teszemQuick View Saga 6. k\u00f6tet \u2013 Gy\u0171jt\u0151i v\u00e1ltozat 12500\u00a0Ft<\/p>","protected":false},"author":1,"featured_media":0,"parent":0,"menu_order":1,"comment_status":"closed","ping_status":"closed","template":"page-templates\/homepage.php","meta":{"footnotes":""},"class_list":["post-22422","page","type-page","status-publish","hentry","has-post-thumbnail"],"_links":{"self":[{"href":"https:\/\/magnumopuskiado.hu\/en\/wp-json\/wp\/v2\/pages\/22422","targetHints":{"allow":["GET"]}}],"collection":[{"href":"https:\/\/magnumopuskiado.hu\/en\/wp-json\/wp\/v2\/pages"}],"about":[{"href":"https:\/\/magnumopuskiado.hu\/en\/wp-json\/wp\/v2\/types\/page"}],"author":[{"embeddable":true,"href":"https:\/\/magnumopuskiado.hu\/en\/wp-json\/wp\/v2\/users\/1"}],"replies":[{"embeddable":true,"href":"https:\/\/magnumopuskiado.hu\/en\/wp-json\/wp\/v2\/comments?post=22422"}],"version-history":[{"count":185,"href":"https:\/\/magnumopuskiado.hu\/en\/wp-json\/wp\/v2\/pages\/22422\/revisions"}],"predecessor-version":[{"id":26280,"href":"https:\/\/magnumopuskiado.hu\/en\/wp-json\/wp\/v2\/pages\/22422\/revisions\/26280"}],"wp:attachment":[{"href":"https:\/\/magnumopuskiado.hu\/en\/wp-json\/wp\/v2\/media?parent=22422"}],"curies":[{"name":"wp","href":"https:\/\/api.w.org\/{rel}","templated":true}]}}