{"id":25152,"date":"2023-08-23T18:17:52","date_gmt":"2023-08-23T18:17:52","guid":{"rendered":"https:\/\/magnumopuskiado.hu\/?page_id=25152"},"modified":"2024-05-12T17:06:31","modified_gmt":"2024-05-12T15:06:31","slug":"kapcsolat","status":"publish","type":"page","link":"https:\/\/magnumopuskiado.hu\/en\/kapcsolat\/","title":{"rendered":"Contact"},"content":{"rendered":"<div data-elementor-type=\"wp-page\" data-elementor-id=\"25152\" class=\"elementor elementor-25152\">\n\t\t\t\t\t\t<section class=\"elementor-section elementor-top-section elementor-element elementor-element-485b803 elementor-section-boxed elementor-section-height-default elementor-section-height-default\" data-id=\"485b803\" data-element_type=\"section\" data-e-type=\"section\" data-settings=\"{&quot;background_background&quot;:&quot;classic&quot;}\">\n\t\t\t\t\t\t<div class=\"elementor-container elementor-column-gap-default\">\n\t\t\t\t\t<div class=\"elementor-column elementor-col-100 elementor-top-column elementor-element elementor-element-273aed4f\" data-id=\"273aed4f\" data-element_type=\"column\" data-e-type=\"column\">\n\t\t\t<div class=\"elementor-widget-wrap\">\n\t\t\t\t\t\t\t<\/div>\n\t\t<\/div>\n\t\t\t\t\t<\/div>\n\t\t<\/section>\n\t\t\t\t<section class=\"elementor-section elementor-top-section elementor-element elementor-element-1d8ec24 elementor-section-height-min-height elementor-section-boxed elementor-section-height-default elementor-section-items-middle\" data-id=\"1d8ec24\" data-element_type=\"section\" data-e-type=\"section\">\n\t\t\t\t\t\t<div class=\"elementor-container elementor-column-gap-default\">\n\t\t\t\t\t<div class=\"elementor-column elementor-col-100 elementor-top-column elementor-element elementor-element-f5b6558\" data-id=\"f5b6558\" data-element_type=\"column\" data-e-type=\"column\">\n\t\t\t<div class=\"elementor-widget-wrap elementor-element-populated\">\n\t\t\t\t\t\t<div class=\"elementor-element elementor-element-15f2441 elementor-widget__width-initial elementor-widget elementor-widget-text-editor\" data-id=\"15f2441\" data-element_type=\"widget\" data-e-type=\"widget\" data-widget_type=\"text-editor.default\">\n\t\t\t\t<div class=\"elementor-widget-container\">\n\t\t\t\t\t\t\t\t\t<p><span lang=\"HU\">A <b>Magnum Opus Kiad\u00f3<\/b> hivatalos web\u00e1ruh\u00e1za.<\/span><br \/><br \/><br \/>El\u00e9rhet\u0151s\u00e9g\u00fcnk: <b><a href=\"mailto:magnumopuskiado@gmail.com\">magnumopuskiado@gmail.com<\/a><\/b><\/p><p>A kiadv\u00e1nyok megtekinthet\u0151ek\/megv\u00e1s\u00e1rolhat\u00f3ak szem\u00e9lyesen a <b>Trillian K\u00e9preg\u00e9nybolt<\/b>ban:<br \/>Budapest, Ter\u00e9z krt 12. fszt 2.<\/p><h6><a style=\"background-color: #ffffff;\" href=\"https:\/\/www.facebook.com\/kepregeny\">https:\/\/www.facebook.com\/kepregeny<br \/><\/a><a style=\"background-color: #ffffff;\" href=\"https:\/\/goo.gl\/maps\/ogoTYmxPzHRZPpGn8\">https:\/\/goo.gl\/maps\/ogoTYmxPzHRZPpGn8<\/a><\/h6><h5><span lang=\"HU\"><b>Kiadv\u00e1nyaink facebook oldalai:<\/b><\/span><\/h5><p><span lang=\"HU\"><a href=\"https:\/\/www.facebook.com\/sagamagyarul\/\">Saga magyarul<br \/><\/a><a href=\"https:\/\/www.facebook.com\/Incal.hu\/\">Incal magyarul<br \/><\/a><a href=\"https:\/\/www.facebook.com\/bladerunner.hu\/\">Blade Runner magyarul<\/a><\/span><br \/><br \/><br \/><\/p>\t\t\t\t\t\t\t\t<\/div>\n\t\t\t\t<\/div>\n\t\t\t\t\t<\/div>\n\t\t<\/div>\n\t\t\t\t\t<\/div>\n\t\t<\/section>\n\t\t\t\t<\/div>","protected":false},"excerpt":{"rendered":"<p>A Magnum Opus Kiad\u00f3 hivatalos web\u00e1ruh\u00e1za. El\u00e9rhet\u0151s\u00e9g\u00fcnk: magnumopuskiado@gmail.com A kiadv\u00e1nyok megtekinthet\u0151ek\/megv\u00e1s\u00e1rolhat\u00f3ak szem\u00e9lyesen a Trillian K\u00e9preg\u00e9nyboltban:Budapest, Ter\u00e9z krt 12. fszt 2. https:\/\/www.facebook.com\/kepregenyhttps:\/\/goo.gl\/maps\/ogoTYmxPzHRZPpGn8 Kiadv\u00e1nyaink facebook oldalai: Saga magyarulIncal magyarulBlade Runner magyarul<\/p>","protected":false},"author":1,"featured_media":0,"parent":0,"menu_order":0,"comment_status":"closed","ping_status":"closed","template":"page-templates\/homepage.php","meta":{"footnotes":""},"class_list":["post-25152","page","type-page","status-publish","hentry"],"_links":{"self":[{"href":"https:\/\/magnumopuskiado.hu\/en\/wp-json\/wp\/v2\/pages\/25152","targetHints":{"allow":["GET"]}}],"collection":[{"href":"https:\/\/magnumopuskiado.hu\/en\/wp-json\/wp\/v2\/pages"}],"about":[{"href":"https:\/\/magnumopuskiado.hu\/en\/wp-json\/wp\/v2\/types\/page"}],"author":[{"embeddable":true,"href":"https:\/\/magnumopuskiado.hu\/en\/wp-json\/wp\/v2\/users\/1"}],"replies":[{"embeddable":true,"href":"https:\/\/magnumopuskiado.hu\/en\/wp-json\/wp\/v2\/comments?post=25152"}],"version-history":[{"count":82,"href":"https:\/\/magnumopuskiado.hu\/en\/wp-json\/wp\/v2\/pages\/25152\/revisions"}],"predecessor-version":[{"id":26571,"href":"https:\/\/magnumopuskiado.hu\/en\/wp-json\/wp\/v2\/pages\/25152\/revisions\/26571"}],"wp:attachment":[{"href":"https:\/\/magnumopuskiado.hu\/en\/wp-json\/wp\/v2\/media?parent=25152"}],"curies":[{"name":"wp","href":"https:\/\/api.w.org\/{rel}","templated":true}]}}