{"id":25948,"date":"2024-05-01T19:04:18","date_gmt":"2024-05-01T17:04:18","guid":{"rendered":"https:\/\/magnumopuskiado.hu\/?page_id=25948"},"modified":"2024-05-14T10:14:05","modified_gmt":"2024-05-14T08:14:05","slug":"bladerunner","status":"publish","type":"page","link":"https:\/\/magnumopuskiado.hu\/en\/bladerunner\/","title":{"rendered":"BladeRunner"},"content":{"rendered":"<div data-elementor-type=\"wp-page\" data-elementor-id=\"25948\" class=\"elementor elementor-25948\">\n\t\t\t\t\t\t<section class=\"elementor-section elementor-top-section elementor-element elementor-element-b00c83b elementor-section-full_width elementor-section-height-default elementor-section-height-default\" data-id=\"b00c83b\" data-element_type=\"section\" data-e-type=\"section\" data-settings=\"{&quot;background_background&quot;:&quot;classic&quot;}\">\n\t\t\t\t\t\t<div class=\"elementor-container elementor-column-gap-no\">\n\t\t\t\t\t<div class=\"elementor-column elementor-col-100 elementor-top-column elementor-element elementor-element-b9aa964\" data-id=\"b9aa964\" data-element_type=\"column\" data-e-type=\"column\">\n\t\t\t<div class=\"elementor-widget-wrap\">\n\t\t\t\t\t\t\t<\/div>\n\t\t<\/div>\n\t\t\t\t\t<\/div>\n\t\t<\/section>\n\t\t\t\t<section class=\"elementor-section elementor-top-section elementor-element elementor-element-6c937d6 elementor-section-boxed elementor-section-height-default elementor-section-height-default\" data-id=\"6c937d6\" data-element_type=\"section\" data-e-type=\"section\" data-settings=\"{&quot;background_background&quot;:&quot;classic&quot;}\">\n\t\t\t\t\t\t<div class=\"elementor-container elementor-column-gap-default\">\n\t\t\t\t\t<div class=\"elementor-column elementor-col-100 elementor-top-column elementor-element elementor-element-d55a815\" data-id=\"d55a815\" data-element_type=\"column\" data-e-type=\"column\">\n\t\t\t<div class=\"elementor-widget-wrap\">\n\t\t\t\t\t\t\t<\/div>\n\t\t<\/div>\n\t\t\t\t\t<\/div>\n\t\t<\/section>\n\t\t\t\t<section class=\"elementor-section elementor-top-section elementor-element elementor-element-6f16a1d elementor-section-boxed elementor-section-height-default elementor-section-height-default\" data-id=\"6f16a1d\" data-element_type=\"section\" data-e-type=\"section\" data-settings=\"{&quot;background_background&quot;:&quot;classic&quot;}\">\n\t\t\t\t\t\t<div class=\"elementor-container elementor-column-gap-default\">\n\t\t\t\t\t<div class=\"elementor-column elementor-col-100 elementor-top-column elementor-element elementor-element-e811925\" data-id=\"e811925\" data-element_type=\"column\" data-e-type=\"column\">\n\t\t\t<div class=\"elementor-widget-wrap elementor-element-populated\">\n\t\t\t\t\t\t<section class=\"elementor-section elementor-inner-section elementor-element elementor-element-1774cd5 elementor-section-boxed elementor-section-height-default elementor-section-height-default\" data-id=\"1774cd5\" data-element_type=\"section\" data-e-type=\"section\" data-settings=\"{&quot;background_background&quot;:&quot;classic&quot;}\">\n\t\t\t\t\t\t<div class=\"elementor-container elementor-column-gap-default\">\n\t\t\t\t\t<div class=\"elementor-column elementor-col-100 elementor-inner-column elementor-element elementor-element-d1b3cda\" data-id=\"d1b3cda\" data-element_type=\"column\" data-e-type=\"column\" data-settings=\"{&quot;background_background&quot;:&quot;classic&quot;}\">\n\t\t\t<div class=\"elementor-widget-wrap elementor-element-populated\">\n\t\t\t\t\t\t<div class=\"elementor-element elementor-element-11549c2 elementor-widget elementor-widget-bwp_product_list\" data-id=\"11549c2\" data-element_type=\"widget\" data-e-type=\"widget\" data-widget_type=\"bwp_product_list.default\">\n\t\t\t\t<div class=\"elementor-widget-container\">\n\t\t\t\t\t\t<div id=\"bwp_default_7208677621777667660\" class=\"bwp-products-loadmore bwp_list_default  no-title\"\r\n\t\tdata-attributes= \"col-xl-3 col-lg-4 col-md-4 col-6\"\r\n\t\tdata-orderby= \"date\"\r\n\t\tdata-order= \"DESC\"\r\n\t\tdata-category = \"blade-runner\"\r\n\t\tdata-numberposts = \"30\"\r\n\t\tdata-source = \"default\"\r\n\t\tdata-total\t= \t\"11\"\r\n\t\tdata-url = \"https:\/\/magnumopuskiado.hu\/wp-admin\/admin-ajax.php\"\r\n\t\t>\r\n\t\t         \r\n\t\t<div class=\"content products-list grid row\">\t\r\n\t\t\t\t\t<div class=\"item-product col-xl-3 col-lg-4 col-md-4 col-6\">\r\n\t\t\t\t\t\t\t\t\t<div class=\"products-entry content-product1 clearfix product-wapper\">\n\t<div class=\"products-thumb\">\n\t\t<a href=\"https:\/\/magnumopuskiado.hu\/en\/product\/blade-runner-2029-1-momoko\/\" class=\"woocommerce-LoopProduct-link\"><img fetchpriority=\"high\" decoding=\"async\" width=\"300\" height=\"450\" src=\"https:\/\/magnumopuskiado.hu\/wp-content\/uploads\/2025\/10\/bl2029_momoko-300x450.webp\" class=\"fade-in lazyload wp-post-image\" alt=\"\" loading=\"eager\" \/><\/a>\t\t<div class='product-button'>\n\t\t\t<a rel=\"nofollow\" href=\"\/en\/wp-json\/wp\/v2\/pages\/25948?add-to-cart=27559\" data-quantity=\"1\" data-product_id=\"27559\" data-product_sku=\"\" class=\"button product_type_simple add_to_cart_button ajax_add_to_cart\" data-no-translation=\"\" data-trp-gettext=\"\">Add to cart<\/a><span class=\"product-quickview\"><a href=\"#\" data-product_id=\"27559\" class=\"quickview quickview-button quickview-27559\" >Quick View <i class=\"icon-search\"><\/i><\/a><\/span>\t\t<\/div>\n\t<\/div>\n\t<div class=\"products-content\">\n\t\t<div class=\"contents\">\n\t\t\t<h3 class=\"product-title\"><a href=\"https:\/\/magnumopuskiado.hu\/en\/product\/blade-runner-2029-1-momoko\/\">Blade Runner 2029 \/ 1. &#8211; Momoko Edis\u00f6n<\/a><\/h3>\n\t\t\t\n\t<span class=\"price\"><span class=\"woocommerce-Price-amount amount\"><bdi>8 000&nbsp;<span class=\"woocommerce-Price-currencySymbol\">&#70;&#116;<\/span><\/bdi><\/span><\/span>\n\t\t\t\t\t<\/div>\n\t<\/div>\n<\/div>\t\t\t\t\t\t\t<\/div>\r\n\t\t\t\t\t<div class=\"item-product col-xl-3 col-lg-4 col-md-4 col-6\">\r\n\t\t\t\t\t\t\t\t\t<div class=\"products-entry content-product1 clearfix product-wapper\">\n\t<div class=\"products-thumb\">\n\t\t<a href=\"https:\/\/magnumopuskiado.hu\/en\/product\/blade-runner-2029-1-normal-elorendeles\/\" class=\"woocommerce-LoopProduct-link\"><img decoding=\"async\" width=\"300\" height=\"450\" src=\"https:\/\/magnumopuskiado.hu\/wp-content\/uploads\/2025\/10\/bl2029_Normal-300x450.webp\" class=\"fade-in lazyload wp-post-image\" alt=\"\" loading=\"eager\" \/><\/a>\t\t<div class='product-button'>\n\t\t\t<a rel=\"nofollow\" href=\"\/en\/wp-json\/wp\/v2\/pages\/25948?add-to-cart=27557\" data-quantity=\"1\" data-product_id=\"27557\" data-product_sku=\"\" class=\"button product_type_simple add_to_cart_button ajax_add_to_cart\" data-no-translation=\"\" data-trp-gettext=\"\">Add to cart<\/a><span class=\"product-quickview\"><a href=\"#\" data-product_id=\"27557\" class=\"quickview quickview-button quickview-27557\" >Quick View <i class=\"icon-search\"><\/i><\/a><\/span>\t\t<\/div>\n\t<\/div>\n\t<div class=\"products-content\">\n\t\t<div class=\"contents\">\n\t\t\t<h3 class=\"product-title\"><a href=\"https:\/\/magnumopuskiado.hu\/en\/product\/blade-runner-2029-1-normal-elorendeles\/\">Blade Runner 2029 \/ 1. &#8211; Norm\u00e1l<\/a><\/h3>\n\t\t\t\n\t<span class=\"price\"><del aria-hidden=\"true\"><span class=\"woocommerce-Price-amount amount\"><bdi>8 000&nbsp;<span class=\"woocommerce-Price-currencySymbol\">&#70;&#116;<\/span><\/bdi><\/span><\/del> <span class=\"screen-reader-text\" data-no-translation=\"\" data-trp-gettext=\"\">Original price was: 8 000&nbsp;&#070;&#116;.<\/span><ins aria-hidden=\"true\"><span class=\"woocommerce-Price-amount amount\"><bdi>7 200&nbsp;<span class=\"woocommerce-Price-currencySymbol\">&#70;&#116;<\/span><\/bdi><\/span><\/ins><span class=\"screen-reader-text\" data-no-translation=\"\" data-trp-gettext=\"\">Current price is: 7 200&nbsp;&#070;&#116;.<\/span><\/span>\n\t\t\t\t\t<\/div>\n\t<\/div>\n<\/div>\t\t\t\t\t\t\t<\/div>\r\n\t\t\t\t\t<div class=\"item-product col-xl-3 col-lg-4 col-md-4 col-6\">\r\n\t\t\t\t\t\t\t\t\t<div class=\"products-entry content-product1 clearfix product-wapper\">\n\t<div class=\"products-thumb\">\n\t\t<a href=\"https:\/\/magnumopuskiado.hu\/en\/product\/blade-runner-2029-1-limitalt-kiadas-elorendeles\/\" class=\"woocommerce-LoopProduct-link\"><img decoding=\"async\" width=\"300\" height=\"450\" src=\"https:\/\/magnumopuskiado.hu\/wp-content\/uploads\/2025\/10\/bl2029_limitalt-300x450.webp\" class=\"fade-in lazyload wp-post-image\" alt=\"\" loading=\"eager\" \/><\/a>\t\t<div class='product-button'>\n\t\t\t<a rel=\"nofollow\" href=\"\/en\/wp-json\/wp\/v2\/pages\/25948?add-to-cart=27555\" data-quantity=\"1\" data-product_id=\"27555\" data-product_sku=\"\" class=\"button product_type_simple add_to_cart_button ajax_add_to_cart\" data-no-translation=\"\" data-trp-gettext=\"\">Add to cart<\/a><span class=\"product-quickview\"><a href=\"#\" data-product_id=\"27555\" class=\"quickview quickview-button quickview-27555\" >Quick View <i class=\"icon-search\"><\/i><\/a><\/span>\t\t<\/div>\n\t<\/div>\n\t<div class=\"products-content\">\n\t\t<div class=\"contents\">\n\t\t\t<h3 class=\"product-title\"><a href=\"https:\/\/magnumopuskiado.hu\/en\/product\/blade-runner-2029-1-limitalt-kiadas-elorendeles\/\">Blade Runner 2029 \/ 1. &#8211; Limit\u00e1lt kiad\u00e1s<\/a><\/h3>\n\t\t\t\n\t<span class=\"price\"><span class=\"woocommerce-Price-amount amount\"><bdi>15 000&nbsp;<span class=\"woocommerce-Price-currencySymbol\">&#70;&#116;<\/span><\/bdi><\/span><\/span>\n\t\t\t\t\t<\/div>\n\t<\/div>\n<\/div>\t\t\t\t\t\t\t<\/div>\r\n\t\t\t\t\t<div class=\"item-product col-xl-3 col-lg-4 col-md-4 col-6\">\r\n\t\t\t\t\t\t\t\t\t<div class=\"products-entry content-product1 clearfix product-wapper\">\n\t<div class=\"products-thumb\">\n\t\t<div class=\"product-thumb-hover\"><a href=\"https:\/\/magnumopuskiado.hu\/en\/product\/blade-runner-2019-limitalt\/\" class=\"woocommerce-LoopProduct-link\"><img decoding=\"async\" width=\"300\" height=\"450\" src=\"https:\/\/magnumopuskiado.hu\/wp-content\/uploads\/2024\/05\/br_limitaltset_gerincek_nagyitos-300x450.jpg\" class=\"fade-in lazyload wp-post-image\" alt=\"\" loading=\"eager\" \/><img decoding=\"async\" width=\"300\" height=\"450\" src=\"https:\/\/magnumopuskiado.hu\/wp-content\/uploads\/2024\/05\/image_2024-05-07_181024992-300x450.png\" class=\"hover-image back\" alt=\"\" loading=\"eager\" \/><\/a><\/div>\t\t<div class='product-button'>\n\t\t\t<a rel=\"nofollow\" href=\"\/en\/wp-json\/wp\/v2\/pages\/25948?add-to-cart=26028\" data-quantity=\"1\" data-product_id=\"26028\" data-product_sku=\"\" class=\"button product_type_simple add_to_cart_button ajax_add_to_cart\" data-no-translation=\"\" data-trp-gettext=\"\">Add to cart<\/a><span class=\"product-quickview\"><a href=\"#\" data-product_id=\"26028\" class=\"quickview quickview-button quickview-26028\" >Quick View <i class=\"icon-search\"><\/i><\/a><\/span>\t\t<\/div>\n\t<\/div>\n\t<div class=\"products-content\">\n\t\t<div class=\"contents\">\n\t\t\t<h3 class=\"product-title\"><a href=\"https:\/\/magnumopuskiado.hu\/en\/product\/blade-runner-2019-limitalt\/\">Blade Runner 2019 &#8211; Limit\u00e1lt sor<\/a><\/h3>\n\t\t\t\n\t<span class=\"price\"><span class=\"woocommerce-Price-amount amount\"><bdi>42 000&nbsp;<span class=\"woocommerce-Price-currencySymbol\">&#70;&#116;<\/span><\/bdi><\/span><\/span>\n\t\t\t\t\t<\/div>\n\t<\/div>\n<\/div>\t\t\t\t\t\t\t<\/div>\r\n\t\t\t\t\t<div class=\"item-product col-xl-3 col-lg-4 col-md-4 col-6\">\r\n\t\t\t\t\t\t\t\t\t<div class=\"products-entry content-product1 clearfix product-wapper\">\n\t<div class=\"products-thumb\">\n\t\t<div class=\"product-thumb-hover\"><a href=\"https:\/\/magnumopuskiado.hu\/en\/product\/blade-runner-2019-1-3-normal\/\" class=\"woocommerce-LoopProduct-link\"><img decoding=\"async\" width=\"300\" height=\"450\" src=\"https:\/\/magnumopuskiado.hu\/wp-content\/uploads\/2024\/05\/br_normalset_gerincek-300x450.jpg\" class=\"fade-in lazyload wp-post-image\" alt=\"\" loading=\"eager\" \/><img decoding=\"async\" width=\"300\" height=\"450\" src=\"https:\/\/magnumopuskiado.hu\/wp-content\/uploads\/2024\/05\/BR-1-3-normal-1-300x450.jpg\" class=\"hover-image back\" alt=\"\" loading=\"eager\" \/><\/a><\/div>\t\t<div class='product-button'>\n\t\t\t<a rel=\"nofollow\" href=\"\/en\/wp-json\/wp\/v2\/pages\/25948?add-to-cart=26025\" data-quantity=\"1\" data-product_id=\"26025\" data-product_sku=\"\" class=\"button product_type_simple add_to_cart_button ajax_add_to_cart\" data-no-translation=\"\" data-trp-gettext=\"\">Add to cart<\/a><span class=\"product-quickview\"><a href=\"#\" data-product_id=\"26025\" class=\"quickview quickview-button quickview-26025\" >Quick View <i class=\"icon-search\"><\/i><\/a><\/span>\t\t<\/div>\n\t<\/div>\n\t<div class=\"products-content\">\n\t\t<div class=\"contents\">\n\t\t\t<h3 class=\"product-title\"><a href=\"https:\/\/magnumopuskiado.hu\/en\/product\/blade-runner-2019-1-3-normal\/\">Blade Runner 2019 &#8211; Norm\u00e1l sor<\/a><\/h3>\n\t\t\t\n\t<span class=\"price\"><span class=\"woocommerce-Price-amount amount\"><bdi>19 200&nbsp;<span class=\"woocommerce-Price-currencySymbol\">&#70;&#116;<\/span><\/bdi><\/span><\/span>\n\t\t\t\t\t<\/div>\n\t<\/div>\n<\/div>\t\t\t\t\t\t\t<\/div>\r\n\t\t\t\t\t<div class=\"item-product col-xl-3 col-lg-4 col-md-4 col-6\">\r\n\t\t\t\t\t\t\t\t\t<div class=\"products-entry content-product1 clearfix product-wapper\">\n\t<div class=\"products-thumb\">\n\t\t<div class=\"product-thumb-hover\"><a href=\"https:\/\/magnumopuskiado.hu\/en\/product\/blade-runner-2019-3-otthon-edes-otthon-normal\/\" class=\"woocommerce-LoopProduct-link\"><img decoding=\"async\" width=\"300\" height=\"450\" src=\"https:\/\/magnumopuskiado.hu\/wp-content\/uploads\/2024\/05\/br3_normal_B1-300x450.png\" class=\"fade-in lazyload wp-post-image\" alt=\"\" loading=\"eager\" \/><img decoding=\"async\" width=\"300\" height=\"450\" src=\"https:\/\/magnumopuskiado.hu\/wp-content\/uploads\/2024\/05\/image_2024-05-07_184119951-300x450.png\" class=\"hover-image back\" alt=\"\" loading=\"eager\" \/><\/a><\/div>\t\t<div class='product-button'>\n\t\t\t<a rel=\"nofollow\" href=\"\/en\/wp-json\/wp\/v2\/pages\/25948?add-to-cart=26013\" data-quantity=\"1\" data-product_id=\"26013\" data-product_sku=\"\" class=\"button product_type_simple add_to_cart_button ajax_add_to_cart\" data-no-translation=\"\" data-trp-gettext=\"\">Add to cart<\/a><span class=\"product-quickview\"><a href=\"#\" data-product_id=\"26013\" class=\"quickview quickview-button quickview-26013\" >Quick View <i class=\"icon-search\"><\/i><\/a><\/span>\t\t<\/div>\n\t<\/div>\n\t<div class=\"products-content\">\n\t\t<div class=\"contents\">\n\t\t\t<h3 class=\"product-title\"><a href=\"https:\/\/magnumopuskiado.hu\/en\/product\/blade-runner-2019-3-otthon-edes-otthon-normal\/\">Blade Runner 2019 \/ 3. &#8211; Norm\u00e1l<\/a><\/h3>\n\t\t\t\n\t<span class=\"price\"><span class=\"woocommerce-Price-amount amount\"><bdi>7 200&nbsp;<span class=\"woocommerce-Price-currencySymbol\">&#70;&#116;<\/span><\/bdi><\/span><\/span>\n\t\t\t\t\t<\/div>\n\t<\/div>\n<\/div>\t\t\t\t\t\t\t<\/div>\r\n\t\t\t\t\t<div class=\"item-product col-xl-3 col-lg-4 col-md-4 col-6\">\r\n\t\t\t\t\t\t\t\t\t<div class=\"products-entry content-product1 clearfix product-wapper\">\n\t<div class=\"products-thumb\">\n\t\t<div class=\"product-thumb-hover\"><a href=\"https:\/\/magnumopuskiado.hu\/en\/product\/blade-runner-2019-2-a-koloniak\/\" class=\"woocommerce-LoopProduct-link\"><img decoding=\"async\" width=\"300\" height=\"450\" src=\"https:\/\/magnumopuskiado.hu\/wp-content\/uploads\/2024\/05\/br2_normal_B1-300x450.png\" class=\"fade-in lazyload wp-post-image\" alt=\"\" loading=\"eager\" \/><img decoding=\"async\" width=\"300\" height=\"450\" src=\"https:\/\/magnumopuskiado.hu\/wp-content\/uploads\/2024\/05\/BR-normal-2-hat-300x450.jpg\" class=\"hover-image back\" alt=\"\" loading=\"eager\" \/><\/a><\/div>\t\t<div class='product-button'>\n\t\t\t<a rel=\"nofollow\" href=\"\/en\/wp-json\/wp\/v2\/pages\/25948?add-to-cart=26009\" data-quantity=\"1\" data-product_id=\"26009\" data-product_sku=\"\" class=\"button product_type_simple add_to_cart_button ajax_add_to_cart\" data-no-translation=\"\" data-trp-gettext=\"\">Add to cart<\/a><span class=\"product-quickview\"><a href=\"#\" data-product_id=\"26009\" class=\"quickview quickview-button quickview-26009\" >Quick View <i class=\"icon-search\"><\/i><\/a><\/span>\t\t<\/div>\n\t<\/div>\n\t<div class=\"products-content\">\n\t\t<div class=\"contents\">\n\t\t\t<h3 class=\"product-title\"><a href=\"https:\/\/magnumopuskiado.hu\/en\/product\/blade-runner-2019-2-a-koloniak\/\">Blade Runner 2019 \/ 2. &#8211; Norm\u00e1l<\/a><\/h3>\n\t\t\t\n\t<span class=\"price\"><span class=\"woocommerce-Price-amount amount\"><bdi>7 200&nbsp;<span class=\"woocommerce-Price-currencySymbol\">&#70;&#116;<\/span><\/bdi><\/span><\/span>\n\t\t\t\t\t<\/div>\n\t<\/div>\n<\/div>\t\t\t\t\t\t\t<\/div>\r\n\t\t\t\t\t<div class=\"item-product col-xl-3 col-lg-4 col-md-4 col-6\">\r\n\t\t\t\t\t\t\t\t\t<div class=\"products-entry content-product1 clearfix product-wapper\">\n\t<div class=\"products-thumb\">\n\t\t<div class=\"product-thumb-hover\"><a href=\"https:\/\/magnumopuskiado.hu\/en\/product\/blade-runner-2019-3-otthon-edes-otthon-limitalt\/\" class=\"woocommerce-LoopProduct-link\"><img decoding=\"async\" width=\"300\" height=\"450\" src=\"https:\/\/magnumopuskiado.hu\/wp-content\/uploads\/2024\/05\/br3_limitalt_D1-300x450.png\" class=\"fade-in lazyload wp-post-image\" alt=\"\" loading=\"eager\" \/><img decoding=\"async\" width=\"300\" height=\"450\" src=\"https:\/\/magnumopuskiado.hu\/wp-content\/uploads\/2024\/05\/20240503_134337-1-300x450.jpg\" class=\"hover-image back\" alt=\"\" loading=\"eager\" \/><\/a><\/div>\t\t<div class='product-button'>\n\t\t\t<a rel=\"nofollow\" href=\"\/en\/wp-json\/wp\/v2\/pages\/25948?add-to-cart=26002\" data-quantity=\"1\" data-product_id=\"26002\" data-product_sku=\"\" class=\"button product_type_simple add_to_cart_button ajax_add_to_cart\" data-no-translation=\"\" data-trp-gettext=\"\">Add to cart<\/a><span class=\"product-quickview\"><a href=\"#\" data-product_id=\"26002\" class=\"quickview quickview-button quickview-26002\" >Quick View <i class=\"icon-search\"><\/i><\/a><\/span>\t\t<\/div>\n\t<\/div>\n\t<div class=\"products-content\">\n\t\t<div class=\"contents\">\n\t\t\t<h3 class=\"product-title\"><a href=\"https:\/\/magnumopuskiado.hu\/en\/product\/blade-runner-2019-3-otthon-edes-otthon-limitalt\/\">Blade Runner 2019 \/ 3. &#8211; Limit\u00e1lt kiad\u00e1s<\/a><\/h3>\n\t\t\t\n\t<span class=\"price\"><span class=\"woocommerce-Price-amount amount\"><bdi>15 000&nbsp;<span class=\"woocommerce-Price-currencySymbol\">&#70;&#116;<\/span><\/bdi><\/span><\/span>\n\t\t\t\t\t<\/div>\n\t<\/div>\n<\/div>\t\t\t\t\t\t\t<\/div>\r\n\t\t\t\t\t<div class=\"item-product col-xl-3 col-lg-4 col-md-4 col-6\">\r\n\t\t\t\t\t\t\t\t\t<div class=\"products-entry content-product1 clearfix product-wapper\">\n\t<div class=\"products-thumb\">\n\t\t<div class=\"product-thumb-hover\"><a href=\"https:\/\/magnumopuskiado.hu\/en\/product\/blade-runner-2019-2-a-koloniak-limitalt\/\" class=\"woocommerce-LoopProduct-link\"><img decoding=\"async\" width=\"300\" height=\"450\" src=\"https:\/\/magnumopuskiado.hu\/wp-content\/uploads\/2024\/05\/br2_limitalt_D1-300x450.png\" class=\"fade-in lazyload wp-post-image\" alt=\"\" loading=\"eager\" \/><img decoding=\"async\" width=\"300\" height=\"450\" src=\"https:\/\/magnumopuskiado.hu\/wp-content\/uploads\/2024\/05\/image_2024-05-07_185157301-300x450.png\" class=\"hover-image back\" alt=\"\" loading=\"eager\" \/><\/a><\/div>\t\t<div class='product-button'>\n\t\t\t<a rel=\"nofollow\" href=\"\/en\/wp-json\/wp\/v2\/pages\/25948?add-to-cart=26000\" data-quantity=\"1\" data-product_id=\"26000\" data-product_sku=\"\" class=\"button product_type_simple add_to_cart_button ajax_add_to_cart\" data-no-translation=\"\" data-trp-gettext=\"\">Add to cart<\/a><span class=\"product-quickview\"><a href=\"#\" data-product_id=\"26000\" class=\"quickview quickview-button quickview-26000\" >Quick View <i class=\"icon-search\"><\/i><\/a><\/span>\t\t<\/div>\n\t<\/div>\n\t<div class=\"products-content\">\n\t\t<div class=\"contents\">\n\t\t\t<h3 class=\"product-title\"><a href=\"https:\/\/magnumopuskiado.hu\/en\/product\/blade-runner-2019-2-a-koloniak-limitalt\/\">Blade Runner 2019 \/ 2. &#8211; Limit\u00e1lt kiad\u00e1s<\/a><\/h3>\n\t\t\t\n\t<span class=\"price\"><span class=\"woocommerce-Price-amount amount\"><bdi>15 000&nbsp;<span class=\"woocommerce-Price-currencySymbol\">&#70;&#116;<\/span><\/bdi><\/span><\/span>\n\t\t\t\t\t<\/div>\n\t<\/div>\n<\/div>\t\t\t\t\t\t\t<\/div>\r\n\t\t\t\t\t<div class=\"item-product col-xl-3 col-lg-4 col-md-4 col-6\">\r\n\t\t\t\t\t\t\t\t\t<div class=\"products-entry content-product1 clearfix product-wapper\">\n\t<div class=\"products-thumb\">\n\t\t<div class=\"product-thumb-hover\"><a href=\"https:\/\/magnumopuskiado.hu\/en\/product\/blade-runner-2019-los-angeles-limitalt\/\" class=\"woocommerce-LoopProduct-link\"><img decoding=\"async\" width=\"300\" height=\"450\" src=\"https:\/\/magnumopuskiado.hu\/wp-content\/uploads\/2022\/01\/br19limitalt1_b1-300x450.jpg\" class=\"fade-in lazyload wp-post-image\" alt=\"\" loading=\"eager\" \/><img decoding=\"async\" width=\"300\" height=\"450\" src=\"https:\/\/magnumopuskiado.hu\/wp-content\/uploads\/2022\/01\/image_2024-05-08_015225605-300x450.png\" class=\"hover-image back\" alt=\"\" loading=\"eager\" \/><\/a><\/div>\t\t<div class='product-button'>\n\t\t\t<a rel=\"nofollow\" href=\"\/en\/wp-json\/wp\/v2\/pages\/25948?add-to-cart=42\" data-quantity=\"1\" data-product_id=\"42\" data-product_sku=\"\" class=\"button product_type_simple add_to_cart_button ajax_add_to_cart\" data-no-translation=\"\" data-trp-gettext=\"\">Add to cart<\/a><span class=\"product-quickview\"><a href=\"#\" data-product_id=\"42\" class=\"quickview quickview-button quickview-42\" >Quick View <i class=\"icon-search\"><\/i><\/a><\/span>\t\t<\/div>\n\t<\/div>\n\t<div class=\"products-content\">\n\t\t<div class=\"contents\">\n\t\t\t<h3 class=\"product-title\"><a href=\"https:\/\/magnumopuskiado.hu\/en\/product\/blade-runner-2019-los-angeles-limitalt\/\">Blade Runner 2019 \/ 1. &#8211; Limit\u00e1lt kiad\u00e1s<\/a><\/h3>\n\t\t\t\n\t<span class=\"price\"><span class=\"woocommerce-Price-amount amount\"><bdi>15 000&nbsp;<span class=\"woocommerce-Price-currencySymbol\">&#70;&#116;<\/span><\/bdi><\/span><\/span>\n\t\t\t\t\t<\/div>\n\t<\/div>\n<\/div>\t\t\t\t\t\t\t<\/div>\r\n\t\t\t\t\t<div class=\"item-product col-xl-3 col-lg-4 col-md-4 col-6\">\r\n\t\t\t\t\t\t\t\t\t<div class=\"products-entry content-product1 clearfix product-wapper\">\n\t<div class=\"products-thumb\">\n\t\t<div class=\"product-thumb-hover\"><a href=\"https:\/\/magnumopuskiado.hu\/en\/product\/blade-runner-2019-los-angeles\/\" class=\"woocommerce-LoopProduct-link\"><img decoding=\"async\" width=\"300\" height=\"450\" src=\"https:\/\/magnumopuskiado.hu\/wp-content\/uploads\/2022\/01\/br19normal1_b1-300x450.jpg\" class=\"fade-in lazyload wp-post-image\" alt=\"\" loading=\"eager\" \/><img decoding=\"async\" width=\"300\" height=\"450\" src=\"https:\/\/magnumopuskiado.hu\/wp-content\/uploads\/2022\/01\/blade-runner-1-mintaoldal-11-300x450.jpg\" class=\"hover-image back\" alt=\"\" loading=\"eager\" \/><\/a><\/div>\t\t<div class='product-button'>\n\t\t\t<a rel=\"nofollow\" href=\"\/en\/wp-json\/wp\/v2\/pages\/25948?add-to-cart=41\" data-quantity=\"1\" data-product_id=\"41\" data-product_sku=\"\" class=\"button product_type_simple add_to_cart_button ajax_add_to_cart\" data-no-translation=\"\" data-trp-gettext=\"\">Add to cart<\/a><span class=\"product-quickview\"><a href=\"#\" data-product_id=\"41\" class=\"quickview quickview-button quickview-41\" >Quick View <i class=\"icon-search\"><\/i><\/a><\/span>\t\t<\/div>\n\t<\/div>\n\t<div class=\"products-content\">\n\t\t<div class=\"contents\">\n\t\t\t<h3 class=\"product-title\"><a href=\"https:\/\/magnumopuskiado.hu\/en\/product\/blade-runner-2019-los-angeles\/\">Blade Runner 2019 \/ 1. &#8211; Norm\u00e1l<\/a><\/h3>\n\t\t\t\n\t<span class=\"price\"><span class=\"woocommerce-Price-amount amount\"><bdi>7 200&nbsp;<span class=\"woocommerce-Price-currencySymbol\">&#70;&#116;<\/span><\/bdi><\/span><\/span>\n\t\t\t\t\t<\/div>\n\t<\/div>\n<\/div>\t\t\t\t\t\t\t<\/div>\r\n\t\t\t\t<\/div>\r\n\t\t\t\r\n\t<\/div>\r\n\t\t\t\t\t<\/div>\n\t\t\t\t<\/div>\n\t\t\t\t\t<\/div>\n\t\t<\/div>\n\t\t\t\t\t<\/div>\n\t\t<\/section>\n\t\t\t\t\t<\/div>\n\t\t<\/div>\n\t\t\t\t\t<\/div>\n\t\t<\/section>\n\t\t\t\t<section class=\"elementor-section elementor-top-section elementor-element elementor-element-2baabd0 elementor-section-full_width elementor-section-height-default elementor-section-height-default\" data-id=\"2baabd0\" data-element_type=\"section\" data-e-type=\"section\" data-settings=\"{&quot;background_background&quot;:&quot;classic&quot;}\">\n\t\t\t\t\t\t<div class=\"elementor-container elementor-column-gap-default\">\n\t\t\t\t\t<div class=\"elementor-column elementor-col-100 elementor-top-column elementor-element elementor-element-a070e11\" data-id=\"a070e11\" data-element_type=\"column\" data-e-type=\"column\" data-settings=\"{&quot;background_background&quot;:&quot;classic&quot;}\">\n\t\t\t<div class=\"elementor-widget-wrap\">\n\t\t\t\t\t\t\t<\/div>\n\t\t<\/div>\n\t\t\t\t\t<\/div>\n\t\t<\/section>\n\t\t\t\t<\/div>","protected":false},"excerpt":{"rendered":"<p>Tov\u00e1bb olvasomQuick View Blade Runner 2019 \u2013 1-3. \u2013 Gy\u0171jt\u0151i kiad\u00e1s 33000\u00a0Ft Tov\u00e1bb olvasomQuick View Blade Runner 2019 \u2013 1-3. Norm\u00e1l v\u00e1ltozat 17500\u00a0Ft Tov\u00e1bb olvasomQuick View Blade Runner 2019 \u2013 3. (Otthon, \u00c9des Otthon) \u2013 Norm\u00e1l v\u00e1ltozat 6400\u00a0Ft Tov\u00e1bb olvasomQuick View Blade Runner 2019 \u2013 2. (A Kol\u00f3ni\u00e1k) \u2013 Norm\u00e1l v\u00e1ltozat 6400\u00a0Ft Tov\u00e1bb olvasomQuick View [&hellip;]<\/p>\n","protected":false},"author":1,"featured_media":0,"parent":0,"menu_order":1,"comment_status":"closed","ping_status":"closed","template":"page-templates\/homepage.php","meta":{"footnotes":""},"class_list":["post-25948","page","type-page","status-publish","hentry","has-post-thumbnail"],"_links":{"self":[{"href":"https:\/\/magnumopuskiado.hu\/en\/wp-json\/wp\/v2\/pages\/25948","targetHints":{"allow":["GET"]}}],"collection":[{"href":"https:\/\/magnumopuskiado.hu\/en\/wp-json\/wp\/v2\/pages"}],"about":[{"href":"https:\/\/magnumopuskiado.hu\/en\/wp-json\/wp\/v2\/types\/page"}],"author":[{"embeddable":true,"href":"https:\/\/magnumopuskiado.hu\/en\/wp-json\/wp\/v2\/users\/1"}],"replies":[{"embeddable":true,"href":"https:\/\/magnumopuskiado.hu\/en\/wp-json\/wp\/v2\/comments?post=25948"}],"version-history":[{"count":21,"href":"https:\/\/magnumopuskiado.hu\/en\/wp-json\/wp\/v2\/pages\/25948\/revisions"}],"predecessor-version":[{"id":26582,"href":"https:\/\/magnumopuskiado.hu\/en\/wp-json\/wp\/v2\/pages\/25948\/revisions\/26582"}],"wp:attachment":[{"href":"https:\/\/magnumopuskiado.hu\/en\/wp-json\/wp\/v2\/media?parent=25948"}],"curies":[{"name":"wp","href":"https:\/\/api.w.org\/{rel}","templated":true}]}}