{"id":25982,"date":"2024-05-05T16:46:41","date_gmt":"2024-05-05T14:46:41","guid":{"rendered":"https:\/\/magnumopuskiado.hu\/?page_id=25982"},"modified":"2024-10-01T18:40:07","modified_gmt":"2024-10-01T16:40:07","slug":"klaus","status":"publish","type":"page","link":"https:\/\/magnumopuskiado.hu\/en\/klaus\/","title":{"rendered":"Klaus"},"content":{"rendered":"<div data-elementor-type=\"wp-page\" data-elementor-id=\"25982\" class=\"elementor elementor-25982\">\n\t\t\t\t\t\t<section class=\"elementor-section elementor-top-section elementor-element elementor-element-b00c83b elementor-section-full_width elementor-section-height-default elementor-section-height-default\" data-id=\"b00c83b\" data-element_type=\"section\" data-e-type=\"section\" data-settings=\"{&quot;background_background&quot;:&quot;classic&quot;}\">\n\t\t\t\t\t\t<div class=\"elementor-container elementor-column-gap-no\">\n\t\t\t\t\t<div class=\"elementor-column elementor-col-100 elementor-top-column elementor-element elementor-element-b9aa964\" data-id=\"b9aa964\" data-element_type=\"column\" data-e-type=\"column\">\n\t\t\t<div class=\"elementor-widget-wrap\">\n\t\t\t\t\t\t\t<\/div>\n\t\t<\/div>\n\t\t\t\t\t<\/div>\n\t\t<\/section>\n\t\t\t\t<section class=\"elementor-section elementor-top-section elementor-element elementor-element-6c937d6 elementor-section-boxed elementor-section-height-default elementor-section-height-default\" data-id=\"6c937d6\" data-element_type=\"section\" data-e-type=\"section\" data-settings=\"{&quot;background_background&quot;:&quot;classic&quot;}\">\n\t\t\t\t\t\t<div class=\"elementor-container elementor-column-gap-default\">\n\t\t\t\t\t<div class=\"elementor-column elementor-col-100 elementor-top-column elementor-element elementor-element-d55a815\" data-id=\"d55a815\" data-element_type=\"column\" data-e-type=\"column\">\n\t\t\t<div class=\"elementor-widget-wrap\">\n\t\t\t\t\t\t\t<\/div>\n\t\t<\/div>\n\t\t\t\t\t<\/div>\n\t\t<\/section>\n\t\t\t\t<section class=\"elementor-section elementor-top-section elementor-element elementor-element-6f16a1d elementor-section-boxed elementor-section-height-default elementor-section-height-default\" data-id=\"6f16a1d\" data-element_type=\"section\" data-e-type=\"section\" data-settings=\"{&quot;background_background&quot;:&quot;classic&quot;}\">\n\t\t\t\t\t\t<div class=\"elementor-container elementor-column-gap-default\">\n\t\t\t\t\t<div class=\"elementor-column elementor-col-100 elementor-top-column elementor-element elementor-element-e811925\" data-id=\"e811925\" data-element_type=\"column\" data-e-type=\"column\">\n\t\t\t<div class=\"elementor-widget-wrap elementor-element-populated\">\n\t\t\t\t\t\t<section class=\"elementor-section elementor-inner-section elementor-element elementor-element-1774cd5 elementor-section-boxed elementor-section-height-default elementor-section-height-default\" data-id=\"1774cd5\" data-element_type=\"section\" data-e-type=\"section\" data-settings=\"{&quot;background_background&quot;:&quot;classic&quot;}\">\n\t\t\t\t\t\t<div class=\"elementor-container elementor-column-gap-default\">\n\t\t\t\t\t<div class=\"elementor-column elementor-col-100 elementor-inner-column elementor-element elementor-element-d1b3cda\" data-id=\"d1b3cda\" data-element_type=\"column\" data-e-type=\"column\" data-settings=\"{&quot;background_background&quot;:&quot;classic&quot;}\">\n\t\t\t<div class=\"elementor-widget-wrap elementor-element-populated\">\n\t\t\t\t\t\t<div class=\"elementor-element elementor-element-11549c2 elementor-widget__width-auto elementor-widget elementor-widget-bwp_product_list\" data-id=\"11549c2\" data-element_type=\"widget\" data-e-type=\"widget\" data-widget_type=\"bwp_product_list.default\">\n\t\t\t\t<div class=\"elementor-widget-container\">\n\t\t\t\t\t\t<div id=\"bwp_default_27864291777513088\" class=\"bwp-products-loadmore bwp_list_default  no-title\"\r\n\t\tdata-attributes= \"col-xl-4 col-lg-4 col-md-4 col-6\"\r\n\t\tdata-orderby= \"name\"\r\n\t\tdata-order= \"ASC\"\r\n\t\tdata-category = \"klaus\"\r\n\t\tdata-numberposts = \"80\"\r\n\t\tdata-source = \"default\"\r\n\t\tdata-total\t= \t\"3\"\r\n\t\tdata-url = \"https:\/\/magnumopuskiado.hu\/wp-admin\/admin-ajax.php\"\r\n\t\t>\r\n\t\t         \r\n\t\t<div class=\"content products-list grid row\">\t\r\n\t\t\t\t\t<div class=\"item-product col-xl-4 col-lg-4 col-md-4 col-6\">\r\n\t\t\t\t\t\t\t\t\t<div class=\"products-entry content-product1 clearfix product-wapper\">\n\t<div class=\"products-thumb\">\n\t\t<div class=\"product-thumb-hover\"><a href=\"https:\/\/magnumopuskiado.hu\/en\/product\/klaus-gyujtoi-kiadas\/\" class=\"woocommerce-LoopProduct-link\"><img fetchpriority=\"high\" decoding=\"async\" width=\"300\" height=\"450\" src=\"https:\/\/magnumopuskiado.hu\/wp-content\/uploads\/2024\/05\/klaus_limitalt_b1-300x450.jpg\" class=\"fade-in lazyload wp-post-image\" alt=\"\" loading=\"eager\" \/><img decoding=\"async\" width=\"300\" height=\"450\" src=\"https:\/\/magnumopuskiado.hu\/wp-content\/uploads\/2024\/05\/Klaus-limitalt-300x450.jpg\" class=\"hover-image back\" alt=\"\" loading=\"eager\" \/><\/a><\/div>\t\t<div class='product-button'>\n\t\t\t<a rel=\"nofollow\" href=\"\/en\/wp-json\/wp\/v2\/pages\/25982?add-to-cart=26046\" data-quantity=\"1\" data-product_id=\"26046\" data-product_sku=\"\" class=\"button product_type_simple add_to_cart_button ajax_add_to_cart\" data-no-translation=\"\" data-trp-gettext=\"\">Add to cart<\/a><span class=\"product-quickview\"><a href=\"#\" data-product_id=\"26046\" class=\"quickview quickview-button quickview-26046\" >Quick View <i class=\"icon-search\"><\/i><\/a><\/span>\t\t<\/div>\n\t<\/div>\n\t<div class=\"products-content\">\n\t\t<div class=\"contents\">\n\t\t\t<h3 class=\"product-title\"><a href=\"https:\/\/magnumopuskiado.hu\/en\/product\/klaus-gyujtoi-kiadas\/\">Klaus &#8211; Limit\u00e1l<\/a><\/h3>\n\t\t\t\n\t<span class=\"price\"><span class=\"woocommerce-Price-amount amount\"><bdi>15 000&nbsp;<span class=\"woocommerce-Price-currencySymbol\">&#70;&#116;<\/span><\/bdi><\/span><\/span>\n\t\t\t\t\t<\/div>\n\t<\/div>\n<\/div>\t\t\t\t\t\t\t<\/div>\r\n\t\t\t\t\t<div class=\"item-product col-xl-4 col-lg-4 col-md-4 col-6\">\r\n\t\t\t\t\t\t\t\t\t<div class=\"products-entry content-product1 clearfix product-wapper\">\n\t<div class=\"products-thumb\">\n\t\t<div class=\"product-thumb-hover\"><a href=\"https:\/\/magnumopuskiado.hu\/en\/product\/klaus-gyujtoi-kiadas-elfestett\/\" class=\"woocommerce-LoopProduct-link\"><img fetchpriority=\"high\" decoding=\"async\" width=\"300\" height=\"450\" src=\"https:\/\/magnumopuskiado.hu\/wp-content\/uploads\/2024\/05\/klaus_limitalt_b1-300x450.jpg\" class=\"fade-in lazyload wp-post-image\" alt=\"\" loading=\"eager\" \/><img decoding=\"async\" width=\"300\" height=\"450\" src=\"https:\/\/magnumopuskiado.hu\/wp-content\/uploads\/2024\/05\/Klaus-elfestett-300x450.jpg\" class=\"hover-image back\" alt=\"\" loading=\"eager\" \/><\/a><\/div>\t\t<div class='product-button'>\n\t\t\t<a rel=\"nofollow\" href=\"\/en\/wp-json\/wp\/v2\/pages\/25982?add-to-cart=26049\" data-quantity=\"1\" data-product_id=\"26049\" data-product_sku=\"\" class=\"button product_type_simple add_to_cart_button ajax_add_to_cart\" data-no-translation=\"\" data-trp-gettext=\"\">Add to cart<\/a><span class=\"product-quickview\"><a href=\"#\" data-product_id=\"26049\" class=\"quickview quickview-button quickview-26049\" >Quick View <i class=\"icon-search\"><\/i><\/a><\/span>\t\t<\/div>\n\t<\/div>\n\t<div class=\"products-content\">\n\t\t<div class=\"contents\">\n\t\t\t<h3 class=\"product-title\"><a href=\"https:\/\/magnumopuskiado.hu\/en\/product\/klaus-gyujtoi-kiadas-elfestett\/\">Klaus &#8211; Limit\u00e1lt (\u00c9lfestett v\u00e1ltozat)<\/a><\/h3>\n\t\t\t\n\t<span class=\"price\"><span class=\"woocommerce-Price-amount amount\"><bdi>20 000&nbsp;<span class=\"woocommerce-Price-currencySymbol\">&#70;&#116;<\/span><\/bdi><\/span><\/span>\n\t\t\t\t\t<\/div>\n\t<\/div>\n<\/div>\t\t\t\t\t\t\t<\/div>\r\n\t\t\t\t\t<div class=\"item-product col-xl-4 col-lg-4 col-md-4 col-6\">\r\n\t\t\t\t\t\t\t\t\t<div class=\"products-entry content-product1 clearfix product-wapper\">\n\t<div class=\"products-thumb\">\n\t\t<a href=\"https:\/\/magnumopuskiado.hu\/en\/product\/klaus-normal-valtozat\/\" class=\"woocommerce-LoopProduct-link\"><img decoding=\"async\" width=\"300\" height=\"450\" src=\"https:\/\/magnumopuskiado.hu\/wp-content\/uploads\/2024\/05\/klaus_normal_b1-300x450.jpg\" class=\"fade-in lazyload wp-post-image\" alt=\"\" loading=\"eager\" \/><\/a>\t\t<div class='product-button'>\n\t\t\t<a rel=\"nofollow\" href=\"\/en\/wp-json\/wp\/v2\/pages\/25982?add-to-cart=26044\" data-quantity=\"1\" data-product_id=\"26044\" data-product_sku=\"\" class=\"button product_type_simple add_to_cart_button ajax_add_to_cart\" data-no-translation=\"\" data-trp-gettext=\"\">Add to cart<\/a><span class=\"product-quickview\"><a href=\"#\" data-product_id=\"26044\" class=\"quickview quickview-button quickview-26044\" >Quick View <i class=\"icon-search\"><\/i><\/a><\/span>\t\t<\/div>\n\t<\/div>\n\t<div class=\"products-content\">\n\t\t<div class=\"contents\">\n\t\t\t<h3 class=\"product-title\"><a href=\"https:\/\/magnumopuskiado.hu\/en\/product\/klaus-normal-valtozat\/\">Klaus &#8211; Norm\u00e1l<\/a><\/h3>\n\t\t\t\n\t<span class=\"price\"><span class=\"woocommerce-Price-amount amount\"><bdi>8 000&nbsp;<span class=\"woocommerce-Price-currencySymbol\">&#70;&#116;<\/span><\/bdi><\/span><\/span>\n\t\t\t\t\t<\/div>\n\t<\/div>\n<\/div>\t\t\t\t\t\t\t<\/div>\r\n\t\t\t\t<\/div>\r\n\t\t\t\r\n\t<\/div>\r\n\t\t\t\t\t<\/div>\n\t\t\t\t<\/div>\n\t\t\t\t\t<\/div>\n\t\t<\/div>\n\t\t\t\t\t<\/div>\n\t\t<\/section>\n\t\t\t\t\t<\/div>\n\t\t<\/div>\n\t\t\t\t\t<\/div>\n\t\t<\/section>\n\t\t\t\t<section class=\"elementor-section elementor-top-section elementor-element elementor-element-2baabd0 elementor-section-full_width elementor-section-height-default elementor-section-height-default\" data-id=\"2baabd0\" data-element_type=\"section\" data-e-type=\"section\" data-settings=\"{&quot;background_background&quot;:&quot;classic&quot;}\">\n\t\t\t\t\t\t<div class=\"elementor-container elementor-column-gap-default\">\n\t\t\t\t\t<div class=\"elementor-column elementor-col-100 elementor-top-column elementor-element elementor-element-a070e11\" data-id=\"a070e11\" data-element_type=\"column\" data-e-type=\"column\" data-settings=\"{&quot;background_background&quot;:&quot;classic&quot;}\">\n\t\t\t<div class=\"elementor-widget-wrap\">\n\t\t\t\t\t\t\t<\/div>\n\t\t<\/div>\n\t\t\t\t\t<\/div>\n\t\t<\/section>\n\t\t\t\t<\/div>","protected":false},"excerpt":{"rendered":"<p>Kos\u00e1rba teszemQuick View Klaus &#8211; Limit\u00e1l 15000&nbsp;&#70;&#116; Kos\u00e1rba teszemQuick View Klaus &#8211; Limit\u00e1lt (\u00c9lfestett v\u00e1ltozat) 20000&nbsp;&#70;&#116; Kos\u00e1rba teszemQuick View Klaus &#8211; Norm\u00e1l 8000&nbsp;&#70;&#116;<\/p>","protected":false},"author":1,"featured_media":0,"parent":0,"menu_order":1,"comment_status":"closed","ping_status":"closed","template":"page-templates\/homepage.php","meta":{"footnotes":""},"class_list":["post-25982","page","type-page","status-publish","hentry","has-post-thumbnail"],"_links":{"self":[{"href":"https:\/\/magnumopuskiado.hu\/en\/wp-json\/wp\/v2\/pages\/25982","targetHints":{"allow":["GET"]}}],"collection":[{"href":"https:\/\/magnumopuskiado.hu\/en\/wp-json\/wp\/v2\/pages"}],"about":[{"href":"https:\/\/magnumopuskiado.hu\/en\/wp-json\/wp\/v2\/types\/page"}],"author":[{"embeddable":true,"href":"https:\/\/magnumopuskiado.hu\/en\/wp-json\/wp\/v2\/users\/1"}],"replies":[{"embeddable":true,"href":"https:\/\/magnumopuskiado.hu\/en\/wp-json\/wp\/v2\/comments?post=25982"}],"version-history":[{"count":11,"href":"https:\/\/magnumopuskiado.hu\/en\/wp-json\/wp\/v2\/pages\/25982\/revisions"}],"predecessor-version":[{"id":26937,"href":"https:\/\/magnumopuskiado.hu\/en\/wp-json\/wp\/v2\/pages\/25982\/revisions\/26937"}],"wp:attachment":[{"href":"https:\/\/magnumopuskiado.hu\/en\/wp-json\/wp\/v2\/media?parent=25982"}],"curies":[{"name":"wp","href":"https:\/\/api.w.org\/{rel}","templated":true}]}}