{"id":26170,"date":"2024-05-06T23:22:47","date_gmt":"2024-05-06T21:22:47","guid":{"rendered":"https:\/\/magnumopuskiado.hu\/?page_id=26170"},"modified":"2025-11-01T13:41:20","modified_gmt":"2025-11-01T12:41:20","slug":"thelastronin","status":"publish","type":"page","link":"https:\/\/magnumopuskiado.hu\/en\/thelastronin\/","title":{"rendered":"TheLastRonin"},"content":{"rendered":"<div data-elementor-type=\"wp-page\" data-elementor-id=\"26170\" class=\"elementor elementor-26170\">\n\t\t\t\t\t\t<section class=\"elementor-section elementor-top-section elementor-element elementor-element-b00c83b elementor-section-full_width elementor-section-height-default elementor-section-height-default\" data-id=\"b00c83b\" data-element_type=\"section\" data-e-type=\"section\" data-settings=\"{&quot;background_background&quot;:&quot;classic&quot;}\">\n\t\t\t\t\t\t<div class=\"elementor-container elementor-column-gap-no\">\n\t\t\t\t\t<div class=\"elementor-column elementor-col-100 elementor-top-column elementor-element elementor-element-b9aa964\" data-id=\"b9aa964\" data-element_type=\"column\" data-e-type=\"column\">\n\t\t\t<div class=\"elementor-widget-wrap\">\n\t\t\t\t\t\t\t<\/div>\n\t\t<\/div>\n\t\t\t\t\t<\/div>\n\t\t<\/section>\n\t\t\t\t<section class=\"elementor-section elementor-top-section elementor-element elementor-element-6c937d6 elementor-section-boxed elementor-section-height-default elementor-section-height-default\" data-id=\"6c937d6\" data-element_type=\"section\" data-e-type=\"section\" data-settings=\"{&quot;background_background&quot;:&quot;classic&quot;}\">\n\t\t\t\t\t\t<div class=\"elementor-container elementor-column-gap-default\">\n\t\t\t\t\t<div class=\"elementor-column elementor-col-100 elementor-top-column elementor-element elementor-element-d55a815\" data-id=\"d55a815\" data-element_type=\"column\" data-e-type=\"column\">\n\t\t\t<div class=\"elementor-widget-wrap\">\n\t\t\t\t\t\t\t<\/div>\n\t\t<\/div>\n\t\t\t\t\t<\/div>\n\t\t<\/section>\n\t\t\t\t<section class=\"elementor-section elementor-top-section elementor-element elementor-element-6f16a1d elementor-section-boxed elementor-section-height-default elementor-section-height-default\" data-id=\"6f16a1d\" data-element_type=\"section\" data-e-type=\"section\" data-settings=\"{&quot;background_background&quot;:&quot;classic&quot;}\">\n\t\t\t\t\t\t<div class=\"elementor-container elementor-column-gap-default\">\n\t\t\t\t\t<div class=\"elementor-column elementor-col-100 elementor-top-column elementor-element elementor-element-e811925\" data-id=\"e811925\" data-element_type=\"column\" data-e-type=\"column\">\n\t\t\t<div class=\"elementor-widget-wrap elementor-element-populated\">\n\t\t\t\t\t\t<section class=\"elementor-section elementor-inner-section elementor-element elementor-element-1774cd5 elementor-section-boxed elementor-section-height-default elementor-section-height-default\" data-id=\"1774cd5\" data-element_type=\"section\" data-e-type=\"section\" data-settings=\"{&quot;background_background&quot;:&quot;classic&quot;}\">\n\t\t\t\t\t\t<div class=\"elementor-container elementor-column-gap-default\">\n\t\t\t\t\t<div class=\"elementor-column elementor-col-100 elementor-inner-column elementor-element elementor-element-d1b3cda\" data-id=\"d1b3cda\" data-element_type=\"column\" data-e-type=\"column\" data-settings=\"{&quot;background_background&quot;:&quot;classic&quot;}\">\n\t\t\t<div class=\"elementor-widget-wrap elementor-element-populated\">\n\t\t\t\t\t\t<div class=\"elementor-element elementor-element-30e9045 elementor-widget elementor-widget-bwp_product_list\" data-id=\"30e9045\" data-element_type=\"widget\" data-e-type=\"widget\" data-widget_type=\"bwp_product_list.default\">\n\t\t\t\t<div class=\"elementor-widget-container\">\n\t\t\t\t\t\t<div id=\"bwp_default_2653712001776208210\" class=\"bwp-products-loadmore bwp_list_default  no-title\"\r\n\t\tdata-attributes= \"col-xl-4 col-lg-4 col-md-4 col-6\"\r\n\t\tdata-orderby= \"name\"\r\n\t\tdata-order= \"DESC\"\r\n\t\tdata-category = \"last-ronin\"\r\n\t\tdata-numberposts = \"5\"\r\n\t\tdata-source = \"default\"\r\n\t\tdata-total\t= \t\"3\"\r\n\t\tdata-url = \"https:\/\/magnumopuskiado.hu\/wp-admin\/admin-ajax.php\"\r\n\t\t>\r\n\t\t         \r\n\t\t<div class=\"content products-list grid row\">\t\r\n\t\t\t\t\t<div class=\"item-product col-xl-4 col-lg-4 col-md-4 col-6\">\r\n\t\t\t\t\t\t\t\t\t<div class=\"products-entry content-product1 clearfix product-wapper\">\n\t<div class=\"products-thumb\">\n\t\t<a href=\"https:\/\/magnumopuskiado.hu\/en\/product\/tmnt-az-utolso-ronin-normal-elorendeles\/\" class=\"woocommerce-LoopProduct-link\"><img fetchpriority=\"high\" decoding=\"async\" width=\"300\" height=\"450\" src=\"https:\/\/magnumopuskiado.hu\/wp-content\/uploads\/2025\/10\/lastronin_normal-300x450.jpg\" class=\"fade-in lazyload wp-post-image\" alt=\"\" loading=\"eager\" \/><\/a>\t\t<div class='product-button'>\n\t\t\t<a rel=\"nofollow\" href=\"\/en\/wp-json\/wp\/v2\/pages\/26170?add-to-cart=27553\" data-quantity=\"1\" data-product_id=\"27553\" data-product_sku=\"\" class=\"button product_type_simple add_to_cart_button ajax_add_to_cart\" data-no-translation=\"\" data-trp-gettext=\"\">Add to cart<\/a><span class=\"product-quickview\"><a href=\"#\" data-product_id=\"27553\" class=\"quickview quickview-button quickview-27553\" >Quick View <i class=\"icon-search\"><\/i><\/a><\/span>\t\t<\/div>\n\t<\/div>\n\t<div class=\"products-content\">\n\t\t<div class=\"contents\">\n\t\t\t<h3 class=\"product-title\"><a href=\"https:\/\/magnumopuskiado.hu\/en\/product\/tmnt-az-utolso-ronin-normal-elorendeles\/\">TMNT Az Utols\u00f3 R\u00f3nin &#8211; Norm\u00e1l<\/a><\/h3>\n\t\t\t\n\t<span class=\"price\"><del aria-hidden=\"true\"><span class=\"woocommerce-Price-amount amount\"><bdi>12 000&nbsp;<span class=\"woocommerce-Price-currencySymbol\">&#70;&#116;<\/span><\/bdi><\/span><\/del> <span class=\"screen-reader-text\" data-no-translation=\"\" data-trp-gettext=\"\">Original price was: 12 000&nbsp;&#070;&#116;.<\/span><ins aria-hidden=\"true\"><span class=\"woocommerce-Price-amount amount\"><bdi>10 800&nbsp;<span class=\"woocommerce-Price-currencySymbol\">&#70;&#116;<\/span><\/bdi><\/span><\/ins><span class=\"screen-reader-text\" data-no-translation=\"\" data-trp-gettext=\"\">Current price is: 10 800&nbsp;&#070;&#116;.<\/span><\/span>\n\t\t\t\t\t<\/div>\n\t<\/div>\n<\/div>\t\t\t\t\t\t\t<\/div>\r\n\t\t\t\t\t<div class=\"item-product col-xl-4 col-lg-4 col-md-4 col-6\">\r\n\t\t\t\t\t\t\t\t\t<div class=\"products-entry content-product1 clearfix product-wapper\">\n\t<div class=\"products-thumb\">\n\t\t<a href=\"https:\/\/magnumopuskiado.hu\/en\/product\/tmnt-az-utolso-ronin-nindzsa-edison-elorendeles\/\" class=\"woocommerce-LoopProduct-link\"><img decoding=\"async\" width=\"300\" height=\"450\" src=\"https:\/\/magnumopuskiado.hu\/wp-content\/uploads\/2025\/10\/ronin_nin-300x450.jpg\" class=\"fade-in lazyload wp-post-image\" alt=\"\" loading=\"eager\" \/><\/a>\t\t<div class='product-button'>\n\t\t\t<a rel=\"nofollow\" href=\"\/en\/wp-json\/wp\/v2\/pages\/26170?add-to-cart=27542\" data-quantity=\"1\" data-product_id=\"27542\" data-product_sku=\"\" class=\"button product_type_simple add_to_cart_button ajax_add_to_cart\" data-no-translation=\"\" data-trp-gettext=\"\">Add to cart<\/a><span class=\"product-quickview\"><a href=\"#\" data-product_id=\"27542\" class=\"quickview quickview-button quickview-27542\" >Quick View <i class=\"icon-search\"><\/i><\/a><\/span>\t\t<\/div>\n\t<\/div>\n\t<div class=\"products-content\">\n\t\t<div class=\"contents\">\n\t\t\t<h3 class=\"product-title\"><a href=\"https:\/\/magnumopuskiado.hu\/en\/product\/tmnt-az-utolso-ronin-nindzsa-edison-elorendeles\/\">TMNT Az Utols\u00f3 R\u00f3nin &#8211; Nindzsa Edis\u00f6n<\/a><\/h3>\n\t\t\t\n\t<span class=\"price\"><span class=\"woocommerce-Price-amount amount\"><bdi>10 000&nbsp;<span class=\"woocommerce-Price-currencySymbol\">&#70;&#116;<\/span><\/bdi><\/span><\/span>\n\t\t\t\t\t<\/div>\n\t<\/div>\n<\/div>\t\t\t\t\t\t\t<\/div>\r\n\t\t\t\t\t<div class=\"item-product col-xl-4 col-lg-4 col-md-4 col-6\">\r\n\t\t\t\t\t\t\t\t\t<div class=\"products-entry content-product1 clearfix product-wapper\">\n\t<div class=\"products-thumb\">\n\t\t<a href=\"https:\/\/magnumopuskiado.hu\/en\/product\/tmnt-az-utolso-ronin-limitalt-elorendeles\/\" class=\"woocommerce-LoopProduct-link\"><img decoding=\"async\" width=\"300\" height=\"450\" src=\"https:\/\/magnumopuskiado.hu\/wp-content\/uploads\/2025\/10\/ronin_dc-300x450.jpg\" class=\"fade-in lazyload wp-post-image\" alt=\"\" loading=\"eager\" \/><\/a>\t\t<div class='product-button'>\n\t\t\t<a rel=\"nofollow\" href=\"\/en\/wp-json\/wp\/v2\/pages\/26170?add-to-cart=27551\" data-quantity=\"1\" data-product_id=\"27551\" data-product_sku=\"\" class=\"button product_type_simple add_to_cart_button ajax_add_to_cart\" data-no-translation=\"\" data-trp-gettext=\"\">Add to cart<\/a><span class=\"product-quickview\"><a href=\"#\" data-product_id=\"27551\" class=\"quickview quickview-button quickview-27551\" >Quick View <i class=\"icon-search\"><\/i><\/a><\/span>\t\t<\/div>\n\t<\/div>\n\t<div class=\"products-content\">\n\t\t<div class=\"contents\">\n\t\t\t<h3 class=\"product-title\"><a href=\"https:\/\/magnumopuskiado.hu\/en\/product\/tmnt-az-utolso-ronin-limitalt-elorendeles\/\">TMNT Az Utols\u00f3 R\u00f3nin &#8211; Limit\u00e1lt<\/a><\/h3>\n\t\t\t\n\t<span class=\"price\"><span class=\"woocommerce-Price-amount amount\"><bdi>20 000&nbsp;<span class=\"woocommerce-Price-currencySymbol\">&#70;&#116;<\/span><\/bdi><\/span><\/span>\n\t\t\t\t\t<\/div>\n\t<\/div>\n<\/div>\t\t\t\t\t\t\t<\/div>\r\n\t\t\t\t<\/div>\r\n\t\t\t\r\n\t<\/div>\r\n\t\t\t\t\t<\/div>\n\t\t\t\t<\/div>\n\t\t\t\t\t<\/div>\n\t\t<\/div>\n\t\t\t\t\t<\/div>\n\t\t<\/section>\n\t\t\t\t\t<\/div>\n\t\t<\/div>\n\t\t\t\t\t<\/div>\n\t\t<\/section>\n\t\t\t\t<section class=\"elementor-section elementor-top-section elementor-element elementor-element-2baabd0 elementor-section-full_width elementor-section-height-default elementor-section-height-default\" data-id=\"2baabd0\" data-element_type=\"section\" data-e-type=\"section\" data-settings=\"{&quot;background_background&quot;:&quot;classic&quot;}\">\n\t\t\t\t\t\t<div class=\"elementor-container elementor-column-gap-default\">\n\t\t\t\t\t<div class=\"elementor-column elementor-col-100 elementor-top-column elementor-element elementor-element-a070e11\" data-id=\"a070e11\" data-element_type=\"column\" data-e-type=\"column\" data-settings=\"{&quot;background_background&quot;:&quot;classic&quot;}\">\n\t\t\t<div class=\"elementor-widget-wrap\">\n\t\t\t\t\t\t\t<\/div>\n\t\t<\/div>\n\t\t\t\t\t<\/div>\n\t\t<\/section>\n\t\t\t\t<\/div>","protected":false},"excerpt":{"rendered":"<p>Kos\u00e1rba teszemQuick View TMNT Az Utols\u00f3 R\u00f3nin &#8211; Norm\u00e1l [EL\u0150RENDEL\u00c9S] 12 000&nbsp;&#70;&#116; Original price was: 12 000&nbsp;&#070;&#116;.10 800&nbsp;&#70;&#116;Current price is: 10 800&nbsp;&#070;&#116;. Kos\u00e1rba teszemQuick View TMNT Az Utols\u00f3 R\u00f3nin &#8211; Nindzsa Edis\u00f6n [EL\u0150RENDEL\u00c9S] 10 000&nbsp;&#70;&#116; Kos\u00e1rba teszemQuick View TMNT Az Utols\u00f3 R\u00f3nin &#8211; Limit\u00e1lt [EL\u0150RENDEL\u00c9S] 20 000&nbsp;&#70;&#116; Original price was: 20 000&nbsp;&#070;&#116;.18 000&nbsp;&#70;&#116;Current price is: [&hellip;]<\/p>\n","protected":false},"author":1,"featured_media":0,"parent":0,"menu_order":1,"comment_status":"closed","ping_status":"closed","template":"page-templates\/homepage.php","meta":{"footnotes":""},"class_list":["post-26170","page","type-page","status-publish","hentry","has-post-thumbnail"],"_links":{"self":[{"href":"https:\/\/magnumopuskiado.hu\/en\/wp-json\/wp\/v2\/pages\/26170","targetHints":{"allow":["GET"]}}],"collection":[{"href":"https:\/\/magnumopuskiado.hu\/en\/wp-json\/wp\/v2\/pages"}],"about":[{"href":"https:\/\/magnumopuskiado.hu\/en\/wp-json\/wp\/v2\/types\/page"}],"author":[{"embeddable":true,"href":"https:\/\/magnumopuskiado.hu\/en\/wp-json\/wp\/v2\/users\/1"}],"replies":[{"embeddable":true,"href":"https:\/\/magnumopuskiado.hu\/en\/wp-json\/wp\/v2\/comments?post=26170"}],"version-history":[{"count":34,"href":"https:\/\/magnumopuskiado.hu\/en\/wp-json\/wp\/v2\/pages\/26170\/revisions"}],"predecessor-version":[{"id":27695,"href":"https:\/\/magnumopuskiado.hu\/en\/wp-json\/wp\/v2\/pages\/26170\/revisions\/27695"}],"wp:attachment":[{"href":"https:\/\/magnumopuskiado.hu\/en\/wp-json\/wp\/v2\/media?parent=26170"}],"curies":[{"name":"wp","href":"https:\/\/api.w.org\/{rel}","templated":true}]}}