{"id":25146,"date":"2023-08-23T18:14:04","date_gmt":"2023-08-23T18:14:04","guid":{"rendered":"https:\/\/magnumopuskiado.hu\/?post_type=product&#038;p=25146"},"modified":"2026-04-07T17:33:34","modified_gmt":"2026-04-07T15:33:34","slug":"saga-6-normal","status":"publish","type":"product","link":"https:\/\/magnumopuskiado.hu\/en\/product\/saga-6-normal\/","title":{"rendered":"Saga 6. k\u00f6tet &#8211; Norm\u00e1l"},"content":{"rendered":"","protected":false},"excerpt":{"rendered":"<h3>Brian K. Vaughan &amp; Fiona Staples<\/h3>\n<h6>Hatodik k\u00f6tet, a Saga sorozat #31-36 r\u00e9sz\u00e9t tartalmazza.<br \/>\n148 oldal, eredeti m\u00e9ret (17\u00d726 cm), puhak\u00f6t\u00e9s, matt\/UV lakkozott bor\u00edt\u00f3, gerinck\u00e9p<\/h6>","protected":false},"featured_media":25263,"template":"","meta":[],"product_brand":[],"product_cat":[22],"product_tag":[],"class_list":{"0":"post-25146","1":"product","2":"type-product","3":"status-publish","4":"has-post-thumbnail","6":"product_cat-saga","9":"first","10":"instock","11":"sale","12":"taxable","13":"shipping-taxable","14":"purchasable","15":"product-type-simple"},"_links":{"self":[{"href":"https:\/\/magnumopuskiado.hu\/en\/wp-json\/wp\/v2\/product\/25146","targetHints":{"allow":["GET"]}}],"collection":[{"href":"https:\/\/magnumopuskiado.hu\/en\/wp-json\/wp\/v2\/product"}],"about":[{"href":"https:\/\/magnumopuskiado.hu\/en\/wp-json\/wp\/v2\/types\/product"}],"version-history":[{"count":9,"href":"https:\/\/magnumopuskiado.hu\/en\/wp-json\/wp\/v2\/product\/25146\/revisions"}],"predecessor-version":[{"id":25157,"href":"https:\/\/magnumopuskiado.hu\/en\/wp-json\/wp\/v2\/product\/25146\/revisions\/25157"}],"wp:featuredmedia":[{"embeddable":true,"href":"https:\/\/magnumopuskiado.hu\/en\/wp-json\/wp\/v2\/media\/25263"}],"wp:attachment":[{"href":"https:\/\/magnumopuskiado.hu\/en\/wp-json\/wp\/v2\/media?parent=25146"}],"wp:term":[{"taxonomy":"product_brand","embeddable":true,"href":"https:\/\/magnumopuskiado.hu\/en\/wp-json\/wp\/v2\/product_brand?post=25146"},{"taxonomy":"product_cat","embeddable":true,"href":"https:\/\/magnumopuskiado.hu\/en\/wp-json\/wp\/v2\/product_cat?post=25146"},{"taxonomy":"product_tag","embeddable":true,"href":"https:\/\/magnumopuskiado.hu\/en\/wp-json\/wp\/v2\/product_tag?post=25146"}],"curies":[{"name":"wp","href":"https:\/\/api.w.org\/{rel}","templated":true}]}}