{"id":25150,"date":"2023-08-23T18:15:31","date_gmt":"2023-08-23T18:15:31","guid":{"rendered":"https:\/\/magnumopuskiado.hu\/?post_type=product&#038;p=25150"},"modified":"2025-02-14T23:23:35","modified_gmt":"2025-02-14T22:23:35","slug":"saga-6-kotet-egyedi","status":"publish","type":"product","link":"https:\/\/magnumopuskiado.hu\/en\/product\/saga-6-kotet-egyedi\/","title":{"rendered":"Saga 6. k\u00f6tet &#8211; F\u00f3ka Edis\u00f6n"},"content":{"rendered":"","protected":false},"excerpt":{"rendered":"<h3>Brian K. Vaughan &amp; Fiona Staples<\/h3>\n<h6>Hatodik k\u00f6tet, a Saga sorozat #31-36 r\u00e9sz\u00e9t tartalmazza.<br \/>\n148 oldal, puhak\u00f6t\u00e9s (minim\u00e1lis fel\u00edrat, \u00e1r\/vonalk\u00f3d n\u00e9lk\u00fcl)<br \/>\n<em>A norm\u00e1l v\u00e1ltozat\u00e9val azonos, vagyis a sorba ill\u0151 gerinck\u00e9ppel!<\/em><\/h6>\n<p>Kiz\u00e1r\u00f3lag n\u00e1lunk kaphat\u00f3.<\/p>","protected":false},"featured_media":25264,"template":"","meta":[],"product_brand":[],"product_cat":[22],"product_tag":[],"class_list":{"0":"post-25150","1":"product","2":"type-product","3":"status-publish","4":"has-post-thumbnail","6":"product_cat-saga","9":"first","10":"instock","11":"taxable","12":"shipping-taxable","13":"purchasable","14":"product-type-simple"},"_links":{"self":[{"href":"https:\/\/magnumopuskiado.hu\/en\/wp-json\/wp\/v2\/product\/25150","targetHints":{"allow":["GET"]}}],"collection":[{"href":"https:\/\/magnumopuskiado.hu\/en\/wp-json\/wp\/v2\/product"}],"about":[{"href":"https:\/\/magnumopuskiado.hu\/en\/wp-json\/wp\/v2\/types\/product"}],"version-history":[{"count":18,"href":"https:\/\/magnumopuskiado.hu\/en\/wp-json\/wp\/v2\/product\/25150\/revisions"}],"predecessor-version":[{"id":26351,"href":"https:\/\/magnumopuskiado.hu\/en\/wp-json\/wp\/v2\/product\/25150\/revisions\/26351"}],"wp:featuredmedia":[{"embeddable":true,"href":"https:\/\/magnumopuskiado.hu\/en\/wp-json\/wp\/v2\/media\/25264"}],"wp:attachment":[{"href":"https:\/\/magnumopuskiado.hu\/en\/wp-json\/wp\/v2\/media?parent=25150"}],"wp:term":[{"taxonomy":"product_brand","embeddable":true,"href":"https:\/\/magnumopuskiado.hu\/en\/wp-json\/wp\/v2\/product_brand?post=25150"},{"taxonomy":"product_cat","embeddable":true,"href":"https:\/\/magnumopuskiado.hu\/en\/wp-json\/wp\/v2\/product_cat?post=25150"},{"taxonomy":"product_tag","embeddable":true,"href":"https:\/\/magnumopuskiado.hu\/en\/wp-json\/wp\/v2\/product_tag?post=25150"}],"curies":[{"name":"wp","href":"https:\/\/api.w.org\/{rel}","templated":true}]}}