{"id":26000,"date":"2024-05-06T12:07:37","date_gmt":"2024-05-06T10:07:37","guid":{"rendered":"https:\/\/magnumopuskiado.hu\/?post_type=product&#038;p=26000"},"modified":"2025-12-04T11:42:58","modified_gmt":"2025-12-04T10:42:58","slug":"blade-runner-2019-2-a-koloniak-limitalt","status":"publish","type":"product","link":"https:\/\/magnumopuskiado.hu\/en\/product\/blade-runner-2019-2-a-koloniak-limitalt\/","title":{"rendered":"Blade Runner 2019 \/ 2. &#8211; Limit\u00e1lt kiad\u00e1s"},"content":{"rendered":"","protected":false},"excerpt":{"rendered":"<h4>Michael Green &amp; Mark Johnson, Andres Guinaldo<\/h4>\n<h6>M\u00e1sodik k\u00f6tet, a Blade Runner 2019 sorozat #5-8 r\u00e9szeit tartalmazza.<br \/>\n128 oldal, &#8216;oversize&#8217; kem\u00e9nyt\u00e1bl\u00e1s (19\u00d728 cm), f\u00e9mhat\u00e1s\u00fa bor\u00edt\u00f3\/szintetikus burkol\u00f3<\/h6>","protected":false},"featured_media":26022,"template":"","meta":[],"product_brand":[],"product_cat":[19],"product_tag":[],"class_list":{"0":"post-26000","1":"product","2":"type-product","3":"status-publish","4":"has-post-thumbnail","6":"product_cat-blade-runner","9":"first","10":"instock","11":"taxable","12":"shipping-taxable","13":"purchasable","14":"product-type-simple"},"_links":{"self":[{"href":"https:\/\/magnumopuskiado.hu\/en\/wp-json\/wp\/v2\/product\/26000","targetHints":{"allow":["GET"]}}],"collection":[{"href":"https:\/\/magnumopuskiado.hu\/en\/wp-json\/wp\/v2\/product"}],"about":[{"href":"https:\/\/magnumopuskiado.hu\/en\/wp-json\/wp\/v2\/types\/product"}],"version-history":[{"count":11,"href":"https:\/\/magnumopuskiado.hu\/en\/wp-json\/wp\/v2\/product\/26000\/revisions"}],"predecessor-version":[{"id":26854,"href":"https:\/\/magnumopuskiado.hu\/en\/wp-json\/wp\/v2\/product\/26000\/revisions\/26854"}],"wp:featuredmedia":[{"embeddable":true,"href":"https:\/\/magnumopuskiado.hu\/en\/wp-json\/wp\/v2\/media\/26022"}],"wp:attachment":[{"href":"https:\/\/magnumopuskiado.hu\/en\/wp-json\/wp\/v2\/media?parent=26000"}],"wp:term":[{"taxonomy":"product_brand","embeddable":true,"href":"https:\/\/magnumopuskiado.hu\/en\/wp-json\/wp\/v2\/product_brand?post=26000"},{"taxonomy":"product_cat","embeddable":true,"href":"https:\/\/magnumopuskiado.hu\/en\/wp-json\/wp\/v2\/product_cat?post=26000"},{"taxonomy":"product_tag","embeddable":true,"href":"https:\/\/magnumopuskiado.hu\/en\/wp-json\/wp\/v2\/product_tag?post=26000"}],"curies":[{"name":"wp","href":"https:\/\/api.w.org\/{rel}","templated":true}]}}