{"id":26013,"date":"2024-05-06T12:22:51","date_gmt":"2024-05-06T10:22:51","guid":{"rendered":"https:\/\/magnumopuskiado.hu\/?post_type=product&#038;p=26013"},"modified":"2025-09-01T10:37:30","modified_gmt":"2025-09-01T08:37:30","slug":"blade-runner-2019-3-otthon-edes-otthon-normal","status":"publish","type":"product","link":"https:\/\/magnumopuskiado.hu\/en\/product\/blade-runner-2019-3-otthon-edes-otthon-normal\/","title":{"rendered":"Blade Runner 2019 \/ 3. &#8211; Norm\u00e1l"},"content":{"rendered":"","protected":false},"excerpt":{"rendered":"<h4>Michael Green &amp; Mark Johnson, Andres Guinaldo<\/h4>\n<h6>Harmadik k\u00f6tet, a Blade Runner 2019 sorozat #9-12 + FCBD r\u00e9szeit tartalmazza.<br \/>\n112 oldal, &#8216;oversize&#8217; kem\u00e9nyt\u00e1bl\u00e1s (19\u00d728 cm), matt\/UV lakkozott bor\u00edt\u00f3, gerinck\u00e9p<\/h6>","protected":false},"featured_media":26019,"template":"","meta":[],"product_brand":[],"product_cat":[19],"product_tag":[],"class_list":{"0":"post-26013","1":"product","2":"type-product","3":"status-publish","4":"has-post-thumbnail","6":"product_cat-blade-runner","9":"first","10":"instock","11":"taxable","12":"shipping-taxable","13":"purchasable","14":"product-type-simple"},"_links":{"self":[{"href":"https:\/\/magnumopuskiado.hu\/en\/wp-json\/wp\/v2\/product\/26013","targetHints":{"allow":["GET"]}}],"collection":[{"href":"https:\/\/magnumopuskiado.hu\/en\/wp-json\/wp\/v2\/product"}],"about":[{"href":"https:\/\/magnumopuskiado.hu\/en\/wp-json\/wp\/v2\/types\/product"}],"version-history":[{"count":11,"href":"https:\/\/magnumopuskiado.hu\/en\/wp-json\/wp\/v2\/product\/26013\/revisions"}],"predecessor-version":[{"id":26839,"href":"https:\/\/magnumopuskiado.hu\/en\/wp-json\/wp\/v2\/product\/26013\/revisions\/26839"}],"wp:featuredmedia":[{"embeddable":true,"href":"https:\/\/magnumopuskiado.hu\/en\/wp-json\/wp\/v2\/media\/26019"}],"wp:attachment":[{"href":"https:\/\/magnumopuskiado.hu\/en\/wp-json\/wp\/v2\/media?parent=26013"}],"wp:term":[{"taxonomy":"product_brand","embeddable":true,"href":"https:\/\/magnumopuskiado.hu\/en\/wp-json\/wp\/v2\/product_brand?post=26013"},{"taxonomy":"product_cat","embeddable":true,"href":"https:\/\/magnumopuskiado.hu\/en\/wp-json\/wp\/v2\/product_cat?post=26013"},{"taxonomy":"product_tag","embeddable":true,"href":"https:\/\/magnumopuskiado.hu\/en\/wp-json\/wp\/v2\/product_tag?post=26013"}],"curies":[{"name":"wp","href":"https:\/\/api.w.org\/{rel}","templated":true}]}}