{"id":26038,"date":"2024-09-11T16:07:33","date_gmt":"2024-09-11T14:07:33","guid":{"rendered":"https:\/\/magnumopuskiado.hu\/?post_type=product&#038;p=26038"},"modified":"2025-12-27T19:28:00","modified_gmt":"2025-12-27T18:28:00","slug":"saga-3-kotet-normal","status":"publish","type":"product","link":"https:\/\/magnumopuskiado.hu\/en\/product\/saga-3-kotet-normal\/","title":{"rendered":"Saga 3. k\u00f6tet &#8211; Norm\u00e1l [PK]"},"content":{"rendered":"","protected":false},"excerpt":{"rendered":"<h3>Brian K. Vaughan &amp; Fiona Staples<\/h3>\n<h6>Harmadik k\u00f6tet, a Saga sorozat #13-18 r\u00e9sz\u00e9t tartalmazza.<br \/>\n152 oldal, eredeti m\u00e9ret (17\u00d726 cm), puhak\u00f6t\u00e9s, matt\/UV lakkozott bor\u00edt\u00f3, gerinck\u00e9p<\/h6>","protected":false},"featured_media":26731,"template":"","meta":[],"product_brand":[],"product_cat":[22],"product_tag":[],"class_list":{"0":"post-26038","1":"product","2":"type-product","3":"status-publish","4":"has-post-thumbnail","6":"product_cat-saga","9":"first","10":"instock","11":"sale","12":"taxable","13":"shipping-taxable","14":"purchasable","15":"product-type-simple"},"_links":{"self":[{"href":"https:\/\/magnumopuskiado.hu\/en\/wp-json\/wp\/v2\/product\/26038","targetHints":{"allow":["GET"]}}],"collection":[{"href":"https:\/\/magnumopuskiado.hu\/en\/wp-json\/wp\/v2\/product"}],"about":[{"href":"https:\/\/magnumopuskiado.hu\/en\/wp-json\/wp\/v2\/types\/product"}],"version-history":[{"count":4,"href":"https:\/\/magnumopuskiado.hu\/en\/wp-json\/wp\/v2\/product\/26038\/revisions"}],"predecessor-version":[{"id":26808,"href":"https:\/\/magnumopuskiado.hu\/en\/wp-json\/wp\/v2\/product\/26038\/revisions\/26808"}],"wp:featuredmedia":[{"embeddable":true,"href":"https:\/\/magnumopuskiado.hu\/en\/wp-json\/wp\/v2\/media\/26731"}],"wp:attachment":[{"href":"https:\/\/magnumopuskiado.hu\/en\/wp-json\/wp\/v2\/media?parent=26038"}],"wp:term":[{"taxonomy":"product_brand","embeddable":true,"href":"https:\/\/magnumopuskiado.hu\/en\/wp-json\/wp\/v2\/product_brand?post=26038"},{"taxonomy":"product_cat","embeddable":true,"href":"https:\/\/magnumopuskiado.hu\/en\/wp-json\/wp\/v2\/product_cat?post=26038"},{"taxonomy":"product_tag","embeddable":true,"href":"https:\/\/magnumopuskiado.hu\/en\/wp-json\/wp\/v2\/product_tag?post=26038"}],"curies":[{"name":"wp","href":"https:\/\/api.w.org\/{rel}","templated":true}]}}