{"id":26044,"date":"2024-05-06T13:15:33","date_gmt":"2024-05-06T11:15:33","guid":{"rendered":"https:\/\/magnumopuskiado.hu\/?post_type=product&#038;p=26044"},"modified":"2026-04-22T16:22:01","modified_gmt":"2026-04-22T14:22:01","slug":"klaus-normal-valtozat","status":"publish","type":"product","link":"https:\/\/magnumopuskiado.hu\/en\/product\/klaus-normal-valtozat\/","title":{"rendered":"Klaus &#8211; Norm\u00e1l"},"content":{"rendered":"","protected":false},"excerpt":{"rendered":"<h3>Grant Morrison, Dan Mora<\/h3>\n<h6>A teljes Klaus sorozatot tartalmazza (#1-7)<br \/>\n208 oldal. &#8216;oversize&#8217;\u00a0 kem\u00e9nyt\u00e1bl\u00e1s (28\u00d719 cm) , matt\/UV lakkozott bor\u00edt\u00f3<\/h6>","protected":false},"featured_media":26242,"template":"","meta":[],"product_brand":[],"product_cat":[294],"product_tag":[],"class_list":{"0":"post-26044","1":"product","2":"type-product","3":"status-publish","4":"has-post-thumbnail","6":"product_cat-klaus","9":"first","10":"instock","11":"taxable","12":"shipping-taxable","13":"purchasable","14":"product-type-simple"},"_links":{"self":[{"href":"https:\/\/magnumopuskiado.hu\/en\/wp-json\/wp\/v2\/product\/26044","targetHints":{"allow":["GET"]}}],"collection":[{"href":"https:\/\/magnumopuskiado.hu\/en\/wp-json\/wp\/v2\/product"}],"about":[{"href":"https:\/\/magnumopuskiado.hu\/en\/wp-json\/wp\/v2\/types\/product"}],"version-history":[{"count":5,"href":"https:\/\/magnumopuskiado.hu\/en\/wp-json\/wp\/v2\/product\/26044\/revisions"}],"predecessor-version":[{"id":26844,"href":"https:\/\/magnumopuskiado.hu\/en\/wp-json\/wp\/v2\/product\/26044\/revisions\/26844"}],"wp:featuredmedia":[{"embeddable":true,"href":"https:\/\/magnumopuskiado.hu\/en\/wp-json\/wp\/v2\/media\/26242"}],"wp:attachment":[{"href":"https:\/\/magnumopuskiado.hu\/en\/wp-json\/wp\/v2\/media?parent=26044"}],"wp:term":[{"taxonomy":"product_brand","embeddable":true,"href":"https:\/\/magnumopuskiado.hu\/en\/wp-json\/wp\/v2\/product_brand?post=26044"},{"taxonomy":"product_cat","embeddable":true,"href":"https:\/\/magnumopuskiado.hu\/en\/wp-json\/wp\/v2\/product_cat?post=26044"},{"taxonomy":"product_tag","embeddable":true,"href":"https:\/\/magnumopuskiado.hu\/en\/wp-json\/wp\/v2\/product_tag?post=26044"}],"curies":[{"name":"wp","href":"https:\/\/api.w.org\/{rel}","templated":true}]}}