{"id":26046,"date":"2024-05-06T13:10:46","date_gmt":"2024-05-06T11:10:46","guid":{"rendered":"https:\/\/magnumopuskiado.hu\/?post_type=product&#038;p=26046"},"modified":"2025-12-05T00:36:40","modified_gmt":"2025-12-04T23:36:40","slug":"klaus-gyujtoi-kiadas","status":"publish","type":"product","link":"https:\/\/magnumopuskiado.hu\/en\/product\/klaus-gyujtoi-kiadas\/","title":{"rendered":"Klaus &#8211; Limit\u00e1l"},"content":{"rendered":"","protected":false},"excerpt":{"rendered":"<h3>Grant Morrison &amp; Dan Mora<\/h3>\n<h6>A teljes Klaus sorozatot tartalmazza (#1-7)<br \/>\n208 oldal, &#8216;oversize&#8217; kem\u00e9nyk\u00f6t\u00e9s (19\u00d728 cm), matt\/pr\u00e9gelt bor\u00edt\u00f3, UV lakkozott v\u00e9d\u0151bor\u00edt\u00f3<\/h6>","protected":false},"featured_media":26236,"template":"","meta":[],"product_brand":[],"product_cat":[294],"product_tag":[],"class_list":{"0":"post-26046","1":"product","2":"type-product","3":"status-publish","4":"has-post-thumbnail","6":"product_cat-klaus","9":"first","10":"instock","11":"taxable","12":"shipping-taxable","13":"purchasable","14":"product-type-simple"},"_links":{"self":[{"href":"https:\/\/magnumopuskiado.hu\/en\/wp-json\/wp\/v2\/product\/26046","targetHints":{"allow":["GET"]}}],"collection":[{"href":"https:\/\/magnumopuskiado.hu\/en\/wp-json\/wp\/v2\/product"}],"about":[{"href":"https:\/\/magnumopuskiado.hu\/en\/wp-json\/wp\/v2\/types\/product"}],"version-history":[{"count":8,"href":"https:\/\/magnumopuskiado.hu\/en\/wp-json\/wp\/v2\/product\/26046\/revisions"}],"predecessor-version":[{"id":26887,"href":"https:\/\/magnumopuskiado.hu\/en\/wp-json\/wp\/v2\/product\/26046\/revisions\/26887"}],"wp:featuredmedia":[{"embeddable":true,"href":"https:\/\/magnumopuskiado.hu\/en\/wp-json\/wp\/v2\/media\/26236"}],"wp:attachment":[{"href":"https:\/\/magnumopuskiado.hu\/en\/wp-json\/wp\/v2\/media?parent=26046"}],"wp:term":[{"taxonomy":"product_brand","embeddable":true,"href":"https:\/\/magnumopuskiado.hu\/en\/wp-json\/wp\/v2\/product_brand?post=26046"},{"taxonomy":"product_cat","embeddable":true,"href":"https:\/\/magnumopuskiado.hu\/en\/wp-json\/wp\/v2\/product_cat?post=26046"},{"taxonomy":"product_tag","embeddable":true,"href":"https:\/\/magnumopuskiado.hu\/en\/wp-json\/wp\/v2\/product_tag?post=26046"}],"curies":[{"name":"wp","href":"https:\/\/api.w.org\/{rel}","templated":true}]}}