{"id":26060,"date":"2024-05-06T13:32:17","date_gmt":"2024-05-06T11:32:17","guid":{"rendered":"https:\/\/magnumopuskiado.hu\/?post_type=product&#038;p=26060"},"modified":"2024-12-31T22:38:52","modified_gmt":"2024-12-31T21:38:52","slug":"death-gyujtoi-kiadas","status":"publish","type":"product","link":"https:\/\/magnumopuskiado.hu\/en\/product\/death-gyujtoi-kiadas\/","title":{"rendered":"Hal\u00e1l (Death) &#8211; Limit\u00e1lt"},"content":{"rendered":"","protected":false},"excerpt":{"rendered":"<h3>Neil Gaiman &amp; Chris Bachallo<\/h3>\n<h6>Mindk\u00e9t minisorozatot (High Cost of Livint &amp; Time of Your Life) \u00e9s a kieg\u00e9sz\u00edt\u0151 t\u00f6rt\u00e9netek tartalmazza.<br \/>\n19\u00d728 cm, 360 oldal, &#8216;oversize&#8217; kem\u00e9nyk\u00f6t\u00e9s, limit\u00e1lt kiad\u00e1s<br \/>\n[Fumax]<\/h6>\n","protected":false},"featured_media":26192,"template":"","meta":[],"product_brand":[],"product_cat":[295],"product_tag":[],"class_list":{"0":"post-26060","1":"product","2":"type-product","3":"status-publish","4":"has-post-thumbnail","6":"product_cat-magnum-opus","9":"first","10":"instock","11":"taxable","12":"shipping-taxable","13":"purchasable","14":"product-type-simple"},"_links":{"self":[{"href":"https:\/\/magnumopuskiado.hu\/en\/wp-json\/wp\/v2\/product\/26060","targetHints":{"allow":["GET"]}}],"collection":[{"href":"https:\/\/magnumopuskiado.hu\/en\/wp-json\/wp\/v2\/product"}],"about":[{"href":"https:\/\/magnumopuskiado.hu\/en\/wp-json\/wp\/v2\/types\/product"}],"version-history":[{"count":7,"href":"https:\/\/magnumopuskiado.hu\/en\/wp-json\/wp\/v2\/product\/26060\/revisions"}],"predecessor-version":[{"id":26880,"href":"https:\/\/magnumopuskiado.hu\/en\/wp-json\/wp\/v2\/product\/26060\/revisions\/26880"}],"wp:featuredmedia":[{"embeddable":true,"href":"https:\/\/magnumopuskiado.hu\/en\/wp-json\/wp\/v2\/media\/26192"}],"wp:attachment":[{"href":"https:\/\/magnumopuskiado.hu\/en\/wp-json\/wp\/v2\/media?parent=26060"}],"wp:term":[{"taxonomy":"product_brand","embeddable":true,"href":"https:\/\/magnumopuskiado.hu\/en\/wp-json\/wp\/v2\/product_brand?post=26060"},{"taxonomy":"product_cat","embeddable":true,"href":"https:\/\/magnumopuskiado.hu\/en\/wp-json\/wp\/v2\/product_cat?post=26060"},{"taxonomy":"product_tag","embeddable":true,"href":"https:\/\/magnumopuskiado.hu\/en\/wp-json\/wp\/v2\/product_tag?post=26060"}],"curies":[{"name":"wp","href":"https:\/\/api.w.org\/{rel}","templated":true}]}}