{"id":26062,"date":"2024-05-06T13:34:37","date_gmt":"2024-05-06T11:34:37","guid":{"rendered":"https:\/\/magnumopuskiado.hu\/?post_type=product&#038;p=26062"},"modified":"2026-04-23T14:12:25","modified_gmt":"2026-04-23T12:12:25","slug":"sandman-1-6-death-gyujtoi-kiadas","status":"publish","type":"product","link":"https:\/\/magnumopuskiado.hu\/en\/product\/sandman-1-6-death-gyujtoi-kiadas\/","title":{"rendered":"Sandman 1-6 + Death # Limit\u00e1lt sor"},"content":{"rendered":"","protected":false},"excerpt":{"rendered":"<h3>Neil Gaiman &amp; (&#8230;)<\/h3>\n<h6>Az \u00f6sszes Sandman k\u00f6tet limit\u00e1lt v\u00e1ltozat\u00e1t tartalmaz\u00f3 csomag. (Bontatlan, \u00faj kiadv\u00e1nyok &#8211; a k\u00e9p csak illusztr\u00e1ci\u00f3)<br \/>\n[Fumax]<\/h6>\n","protected":false},"featured_media":26754,"template":"","meta":[],"product_brand":[],"product_cat":[295],"product_tag":[],"class_list":{"0":"post-26062","1":"product","2":"type-product","3":"status-publish","4":"has-post-thumbnail","6":"product_cat-magnum-opus","9":"first","10":"instock","11":"taxable","12":"shipping-taxable","13":"purchasable","14":"product-type-simple"},"_links":{"self":[{"href":"https:\/\/magnumopuskiado.hu\/en\/wp-json\/wp\/v2\/product\/26062","targetHints":{"allow":["GET"]}}],"collection":[{"href":"https:\/\/magnumopuskiado.hu\/en\/wp-json\/wp\/v2\/product"}],"about":[{"href":"https:\/\/magnumopuskiado.hu\/en\/wp-json\/wp\/v2\/types\/product"}],"version-history":[{"count":8,"href":"https:\/\/magnumopuskiado.hu\/en\/wp-json\/wp\/v2\/product\/26062\/revisions"}],"predecessor-version":[{"id":26889,"href":"https:\/\/magnumopuskiado.hu\/en\/wp-json\/wp\/v2\/product\/26062\/revisions\/26889"}],"wp:featuredmedia":[{"embeddable":true,"href":"https:\/\/magnumopuskiado.hu\/en\/wp-json\/wp\/v2\/media\/26754"}],"wp:attachment":[{"href":"https:\/\/magnumopuskiado.hu\/en\/wp-json\/wp\/v2\/media?parent=26062"}],"wp:term":[{"taxonomy":"product_brand","embeddable":true,"href":"https:\/\/magnumopuskiado.hu\/en\/wp-json\/wp\/v2\/product_brand?post=26062"},{"taxonomy":"product_cat","embeddable":true,"href":"https:\/\/magnumopuskiado.hu\/en\/wp-json\/wp\/v2\/product_cat?post=26062"},{"taxonomy":"product_tag","embeddable":true,"href":"https:\/\/magnumopuskiado.hu\/en\/wp-json\/wp\/v2\/product_tag?post=26062"}],"curies":[{"name":"wp","href":"https:\/\/api.w.org\/{rel}","templated":true}]}}