{"id":26066,"date":"2024-05-06T13:48:27","date_gmt":"2024-05-06T11:48:27","guid":{"rendered":"https:\/\/magnumopuskiado.hu\/?post_type=product&#038;p=26066"},"modified":"2024-11-06T15:13:42","modified_gmt":"2024-11-06T14:13:42","slug":"transmetropolitan-3-gyujtoi-kiadas","status":"publish","type":"product","link":"https:\/\/magnumopuskiado.hu\/en\/product\/transmetropolitan-3-gyujtoi-kiadas\/","title":{"rendered":"Transmetropolitan 3. Limit\u00e1lt"},"content":{"rendered":"","protected":false},"excerpt":{"rendered":"<h3>Warren Ellis &amp; Darick Robertson<\/h3>\n<h6>544 oldal, &#8216;oversize&#8217; kem\u00e9nyk\u00f6t\u00e9s, limit\u00e1lt kiad\u00e1s<br \/>\n[Fumax]<\/h6>\n","protected":false},"featured_media":26195,"template":"","meta":[],"product_brand":[],"product_cat":[295],"product_tag":[],"class_list":{"0":"post-26066","1":"product","2":"type-product","3":"status-publish","4":"has-post-thumbnail","6":"product_cat-magnum-opus","9":"first","10":"instock","11":"taxable","12":"shipping-taxable","13":"purchasable","14":"product-type-simple"},"_links":{"self":[{"href":"https:\/\/magnumopuskiado.hu\/en\/wp-json\/wp\/v2\/product\/26066","targetHints":{"allow":["GET"]}}],"collection":[{"href":"https:\/\/magnumopuskiado.hu\/en\/wp-json\/wp\/v2\/product"}],"about":[{"href":"https:\/\/magnumopuskiado.hu\/en\/wp-json\/wp\/v2\/types\/product"}],"version-history":[{"count":5,"href":"https:\/\/magnumopuskiado.hu\/en\/wp-json\/wp\/v2\/product\/26066\/revisions"}],"predecessor-version":[{"id":26876,"href":"https:\/\/magnumopuskiado.hu\/en\/wp-json\/wp\/v2\/product\/26066\/revisions\/26876"}],"wp:featuredmedia":[{"embeddable":true,"href":"https:\/\/magnumopuskiado.hu\/en\/wp-json\/wp\/v2\/media\/26195"}],"wp:attachment":[{"href":"https:\/\/magnumopuskiado.hu\/en\/wp-json\/wp\/v2\/media?parent=26066"}],"wp:term":[{"taxonomy":"product_brand","embeddable":true,"href":"https:\/\/magnumopuskiado.hu\/en\/wp-json\/wp\/v2\/product_brand?post=26066"},{"taxonomy":"product_cat","embeddable":true,"href":"https:\/\/magnumopuskiado.hu\/en\/wp-json\/wp\/v2\/product_cat?post=26066"},{"taxonomy":"product_tag","embeddable":true,"href":"https:\/\/magnumopuskiado.hu\/en\/wp-json\/wp\/v2\/product_tag?post=26066"}],"curies":[{"name":"wp","href":"https:\/\/api.w.org\/{rel}","templated":true}]}}