{"id":26068,"date":"2024-05-06T13:48:57","date_gmt":"2024-05-06T11:48:57","guid":{"rendered":"https:\/\/magnumopuskiado.hu\/?post_type=product&#038;p=26068"},"modified":"2025-07-08T08:49:29","modified_gmt":"2025-07-08T06:49:29","slug":"transmetropolitan-1-3-gyujtoi-kiadas","status":"publish","type":"product","link":"https:\/\/magnumopuskiado.hu\/en\/product\/transmetropolitan-1-3-gyujtoi-kiadas\/","title":{"rendered":"Transmetropolitan 1-3. Limit\u00e1lt sor"},"content":{"rendered":"","protected":false},"excerpt":{"rendered":"<h3>Warren Ellis &amp; Darick Robertson<\/h3>\n<h6>A teljes Transmetropolitan gy\u0171jtem\u00e9ny limit\u00e1lt v\u00e1ltozat\u00e1t tartalmaz\u00f3 csomag. (Bontatlan, \u00faj kiadv\u00e1nyok &#8211; a k\u00e9p csak illusztr\u00e1ci\u00f3)<br \/>\n[Fumax]<\/h6>\n","protected":false},"featured_media":26120,"template":"","meta":[],"product_brand":[],"product_cat":[295],"product_tag":[],"class_list":{"0":"post-26068","1":"product","2":"type-product","3":"status-publish","4":"has-post-thumbnail","6":"product_cat-magnum-opus","9":"first","10":"instock","11":"taxable","12":"shipping-taxable","13":"purchasable","14":"product-type-simple"},"_links":{"self":[{"href":"https:\/\/magnumopuskiado.hu\/en\/wp-json\/wp\/v2\/product\/26068","targetHints":{"allow":["GET"]}}],"collection":[{"href":"https:\/\/magnumopuskiado.hu\/en\/wp-json\/wp\/v2\/product"}],"about":[{"href":"https:\/\/magnumopuskiado.hu\/en\/wp-json\/wp\/v2\/types\/product"}],"version-history":[{"count":6,"href":"https:\/\/magnumopuskiado.hu\/en\/wp-json\/wp\/v2\/product\/26068\/revisions"}],"predecessor-version":[{"id":26985,"href":"https:\/\/magnumopuskiado.hu\/en\/wp-json\/wp\/v2\/product\/26068\/revisions\/26985"}],"wp:featuredmedia":[{"embeddable":true,"href":"https:\/\/magnumopuskiado.hu\/en\/wp-json\/wp\/v2\/media\/26120"}],"wp:attachment":[{"href":"https:\/\/magnumopuskiado.hu\/en\/wp-json\/wp\/v2\/media?parent=26068"}],"wp:term":[{"taxonomy":"product_brand","embeddable":true,"href":"https:\/\/magnumopuskiado.hu\/en\/wp-json\/wp\/v2\/product_brand?post=26068"},{"taxonomy":"product_cat","embeddable":true,"href":"https:\/\/magnumopuskiado.hu\/en\/wp-json\/wp\/v2\/product_cat?post=26068"},{"taxonomy":"product_tag","embeddable":true,"href":"https:\/\/magnumopuskiado.hu\/en\/wp-json\/wp\/v2\/product_tag?post=26068"}],"curies":[{"name":"wp","href":"https:\/\/api.w.org\/{rel}","templated":true}]}}