{"id":26070,"date":"2024-05-06T13:50:52","date_gmt":"2024-05-06T11:50:52","guid":{"rendered":"https:\/\/magnumopuskiado.hu\/?post_type=product&#038;p=26070"},"modified":"2025-11-20T23:07:14","modified_gmt":"2025-11-20T22:07:14","slug":"blankets-gyujtoi-kiadas","status":"publish","type":"product","link":"https:\/\/magnumopuskiado.hu\/en\/product\/blankets-gyujtoi-kiadas\/","title":{"rendered":"Blankets (Takar\u00f3k) &#8211; Limit\u00e1lt"},"content":{"rendered":"","protected":false},"excerpt":{"rendered":"<h3>Craig Thompson<\/h3>\n<h6>596 oldal, kem\u00e9nyk\u00f6t\u00e9s, v\u00e9d\u0151bor\u00edt\u00f3 (limit\u00e1lt kiad\u00e1s)<\/h6>","protected":false},"featured_media":26191,"template":"","meta":[],"product_brand":[],"product_cat":[295],"product_tag":[],"class_list":{"0":"post-26070","1":"product","2":"type-product","3":"status-publish","4":"has-post-thumbnail","6":"product_cat-magnum-opus","9":"first","10":"instock","11":"taxable","12":"shipping-taxable","13":"purchasable","14":"product-type-simple"},"_links":{"self":[{"href":"https:\/\/magnumopuskiado.hu\/en\/wp-json\/wp\/v2\/product\/26070","targetHints":{"allow":["GET"]}}],"collection":[{"href":"https:\/\/magnumopuskiado.hu\/en\/wp-json\/wp\/v2\/product"}],"about":[{"href":"https:\/\/magnumopuskiado.hu\/en\/wp-json\/wp\/v2\/types\/product"}],"version-history":[{"count":8,"href":"https:\/\/magnumopuskiado.hu\/en\/wp-json\/wp\/v2\/product\/26070\/revisions"}],"predecessor-version":[{"id":26874,"href":"https:\/\/magnumopuskiado.hu\/en\/wp-json\/wp\/v2\/product\/26070\/revisions\/26874"}],"wp:featuredmedia":[{"embeddable":true,"href":"https:\/\/magnumopuskiado.hu\/en\/wp-json\/wp\/v2\/media\/26191"}],"wp:attachment":[{"href":"https:\/\/magnumopuskiado.hu\/en\/wp-json\/wp\/v2\/media?parent=26070"}],"wp:term":[{"taxonomy":"product_brand","embeddable":true,"href":"https:\/\/magnumopuskiado.hu\/en\/wp-json\/wp\/v2\/product_brand?post=26070"},{"taxonomy":"product_cat","embeddable":true,"href":"https:\/\/magnumopuskiado.hu\/en\/wp-json\/wp\/v2\/product_cat?post=26070"},{"taxonomy":"product_tag","embeddable":true,"href":"https:\/\/magnumopuskiado.hu\/en\/wp-json\/wp\/v2\/product_tag?post=26070"}],"curies":[{"name":"wp","href":"https:\/\/api.w.org\/{rel}","templated":true}]}}