{"id":26079,"date":"2024-05-06T14:12:34","date_gmt":"2024-05-06T12:12:34","guid":{"rendered":"https:\/\/magnumopuskiado.hu\/?post_type=product&#038;p=26079"},"modified":"2025-12-05T00:36:40","modified_gmt":"2025-12-04T23:36:40","slug":"kulonleges-uriemberek-szovetsege-1-2-gyujtoi-kiadas","status":"publish","type":"product","link":"https:\/\/magnumopuskiado.hu\/en\/product\/kulonleges-uriemberek-szovetsege-1-2-gyujtoi-kiadas\/","title":{"rendered":"K\u00fcl\u00f6nleges \u00dariemberek Sz\u00f6vets\u00e9ge 1-2. &#8211; Limit\u00e1lt"},"content":{"rendered":"","protected":false},"excerpt":{"rendered":"<h3>Alan Moore &amp;\u00a0Kevin O&#8217;Neill<\/h3>\n<h6>Els\u0151 k\u00e9t k\u00f6tet, &#8216;oversize&#8217; kem\u00e9nyk\u00f6t\u00e9s (19\u00d728 cm), limit\u00e1lt kiad\u00e1s<br \/>\n[Fumax]<\/h6>\n","protected":false},"featured_media":26110,"template":"","meta":[],"product_brand":[],"product_cat":[295],"product_tag":[],"class_list":{"0":"post-26079","1":"product","2":"type-product","3":"status-publish","4":"has-post-thumbnail","6":"product_cat-magnum-opus","9":"first","10":"instock","11":"taxable","12":"shipping-taxable","13":"purchasable","14":"product-type-simple"},"_links":{"self":[{"href":"https:\/\/magnumopuskiado.hu\/en\/wp-json\/wp\/v2\/product\/26079","targetHints":{"allow":["GET"]}}],"collection":[{"href":"https:\/\/magnumopuskiado.hu\/en\/wp-json\/wp\/v2\/product"}],"about":[{"href":"https:\/\/magnumopuskiado.hu\/en\/wp-json\/wp\/v2\/types\/product"}],"version-history":[{"count":6,"href":"https:\/\/magnumopuskiado.hu\/en\/wp-json\/wp\/v2\/product\/26079\/revisions"}],"predecessor-version":[{"id":26866,"href":"https:\/\/magnumopuskiado.hu\/en\/wp-json\/wp\/v2\/product\/26079\/revisions\/26866"}],"wp:featuredmedia":[{"embeddable":true,"href":"https:\/\/magnumopuskiado.hu\/en\/wp-json\/wp\/v2\/media\/26110"}],"wp:attachment":[{"href":"https:\/\/magnumopuskiado.hu\/en\/wp-json\/wp\/v2\/media?parent=26079"}],"wp:term":[{"taxonomy":"product_brand","embeddable":true,"href":"https:\/\/magnumopuskiado.hu\/en\/wp-json\/wp\/v2\/product_brand?post=26079"},{"taxonomy":"product_cat","embeddable":true,"href":"https:\/\/magnumopuskiado.hu\/en\/wp-json\/wp\/v2\/product_cat?post=26079"},{"taxonomy":"product_tag","embeddable":true,"href":"https:\/\/magnumopuskiado.hu\/en\/wp-json\/wp\/v2\/product_tag?post=26079"}],"curies":[{"name":"wp","href":"https:\/\/api.w.org\/{rel}","templated":true}]}}