{"id":26375,"date":"2024-05-08T13:50:12","date_gmt":"2024-05-08T11:50:12","guid":{"rendered":"https:\/\/magnumopuskiado.hu\/?post_type=product&#038;p=26375"},"modified":"2026-02-13T10:48:36","modified_gmt":"2026-02-13T09:48:36","slug":"blacksad-2-hofeher-nemzet-normal","status":"publish","type":"product","link":"https:\/\/magnumopuskiado.hu\/en\/product\/blacksad-2-hofeher-nemzet-normal\/","title":{"rendered":"Blacksad 2. H\u00f3feh\u00e9r nemzet &#8211; Norm\u00e1l"},"content":{"rendered":"","protected":false},"excerpt":{"rendered":"<h3>Juan D\u00edaz Canales &amp; Juanjo Guarnido<\/h3>\n<h6>H\u00f3feh\u00e9r nemzet &#8211; M\u00e1sodik k\u00f6tet (m\u00e1sodik kiad\u00e1s)<br \/>\n56 oldal, eredeti m\u00e9ret (24\u00d732 cm), kem\u00e9nyt\u00e1bl\u00e1s.<\/h6>","protected":false},"featured_media":26436,"template":"","meta":[],"product_brand":[],"product_cat":[296,295],"product_tag":[],"class_list":{"0":"post-26375","1":"product","2":"type-product","3":"status-publish","4":"has-post-thumbnail","6":"product_cat-blacksad","7":"product_cat-magnum-opus","10":"first","11":"instock","12":"taxable","13":"shipping-taxable","14":"purchasable","15":"product-type-simple"},"_links":{"self":[{"href":"https:\/\/magnumopuskiado.hu\/en\/wp-json\/wp\/v2\/product\/26375","targetHints":{"allow":["GET"]}}],"collection":[{"href":"https:\/\/magnumopuskiado.hu\/en\/wp-json\/wp\/v2\/product"}],"about":[{"href":"https:\/\/magnumopuskiado.hu\/en\/wp-json\/wp\/v2\/types\/product"}],"version-history":[{"count":7,"href":"https:\/\/magnumopuskiado.hu\/en\/wp-json\/wp\/v2\/product\/26375\/revisions"}],"predecessor-version":[{"id":26976,"href":"https:\/\/magnumopuskiado.hu\/en\/wp-json\/wp\/v2\/product\/26375\/revisions\/26976"}],"wp:featuredmedia":[{"embeddable":true,"href":"https:\/\/magnumopuskiado.hu\/en\/wp-json\/wp\/v2\/media\/26436"}],"wp:attachment":[{"href":"https:\/\/magnumopuskiado.hu\/en\/wp-json\/wp\/v2\/media?parent=26375"}],"wp:term":[{"taxonomy":"product_brand","embeddable":true,"href":"https:\/\/magnumopuskiado.hu\/en\/wp-json\/wp\/v2\/product_brand?post=26375"},{"taxonomy":"product_cat","embeddable":true,"href":"https:\/\/magnumopuskiado.hu\/en\/wp-json\/wp\/v2\/product_cat?post=26375"},{"taxonomy":"product_tag","embeddable":true,"href":"https:\/\/magnumopuskiado.hu\/en\/wp-json\/wp\/v2\/product_tag?post=26375"}],"curies":[{"name":"wp","href":"https:\/\/api.w.org\/{rel}","templated":true}]}}