{"id":26391,"date":"2024-05-08T13:57:38","date_gmt":"2024-05-08T11:57:38","guid":{"rendered":"https:\/\/magnumopuskiado.hu\/?post_type=product&#038;p=26391"},"modified":"2024-11-13T15:02:42","modified_gmt":"2024-11-13T14:02:42","slug":"blacksad-3-vervoros-lelek-limitalt","status":"publish","type":"product","link":"https:\/\/magnumopuskiado.hu\/en\/product\/blacksad-3-vervoros-lelek-limitalt\/","title":{"rendered":"Blacksad 3. V\u00e9rv\u00f6r\u00f6s l\u00e9lek &#8211; Limit\u00e1lt"},"content":{"rendered":"","protected":false},"excerpt":{"rendered":"<h3>Juan Diaz Canales &amp; Juanjo Guarnido<\/h3>\n<h6>Harmadik k\u00f6tet<br \/>\n56 oldal, eredeti m\u00e9ret (32\u00d724 cm), kem\u00e9ny t\u00e1bl\u00e1s, limit\u00e1lt v\u00e1ltozat<br \/>\n[Pesti K\u00f6nyv]<\/h6>\n","protected":false},"featured_media":26753,"template":"","meta":[],"product_brand":[],"product_cat":[296,295],"product_tag":[],"class_list":{"0":"post-26391","1":"product","2":"type-product","3":"status-publish","4":"has-post-thumbnail","6":"product_cat-blacksad","7":"product_cat-magnum-opus","10":"first","11":"instock","12":"taxable","13":"shipping-taxable","14":"purchasable","15":"product-type-simple"},"_links":{"self":[{"href":"https:\/\/magnumopuskiado.hu\/en\/wp-json\/wp\/v2\/product\/26391","targetHints":{"allow":["GET"]}}],"collection":[{"href":"https:\/\/magnumopuskiado.hu\/en\/wp-json\/wp\/v2\/product"}],"about":[{"href":"https:\/\/magnumopuskiado.hu\/en\/wp-json\/wp\/v2\/types\/product"}],"version-history":[{"count":2,"href":"https:\/\/magnumopuskiado.hu\/en\/wp-json\/wp\/v2\/product\/26391\/revisions"}],"predecessor-version":[{"id":26827,"href":"https:\/\/magnumopuskiado.hu\/en\/wp-json\/wp\/v2\/product\/26391\/revisions\/26827"}],"wp:featuredmedia":[{"embeddable":true,"href":"https:\/\/magnumopuskiado.hu\/en\/wp-json\/wp\/v2\/media\/26753"}],"wp:attachment":[{"href":"https:\/\/magnumopuskiado.hu\/en\/wp-json\/wp\/v2\/media?parent=26391"}],"wp:term":[{"taxonomy":"product_brand","embeddable":true,"href":"https:\/\/magnumopuskiado.hu\/en\/wp-json\/wp\/v2\/product_brand?post=26391"},{"taxonomy":"product_cat","embeddable":true,"href":"https:\/\/magnumopuskiado.hu\/en\/wp-json\/wp\/v2\/product_cat?post=26391"},{"taxonomy":"product_tag","embeddable":true,"href":"https:\/\/magnumopuskiado.hu\/en\/wp-json\/wp\/v2\/product_tag?post=26391"}],"curies":[{"name":"wp","href":"https:\/\/api.w.org\/{rel}","templated":true}]}}