{"id":26397,"date":"2024-05-08T14:04:19","date_gmt":"2024-05-08T12:04:19","guid":{"rendered":"https:\/\/magnumopuskiado.hu\/?post_type=product&#038;p=26397"},"modified":"2026-02-12T11:47:16","modified_gmt":"2026-02-12T10:47:16","slug":"blacksad-6-1-limitalt","status":"publish","type":"product","link":"https:\/\/magnumopuskiado.hu\/en\/product\/blacksad-6-1-limitalt\/","title":{"rendered":"Blacksad 6\/1. A f\u00fcgg\u00f6ny lehull &#8211; Limit\u00e1lt"},"content":{"rendered":"","protected":false},"excerpt":{"rendered":"<h3>Juan Diaz Canales &amp; Juanjo Guarnido<\/h3>\n<h6>Hatodik k\u00f6tet, a befejez\u0151 t\u00f6rt\u00e9net els\u0151 fel\u00e9t tartalmazza.<br \/>\n56 oldal, eredeti m\u00e9ret (32\u00d724 cm), kem\u00e9ny t\u00e1bl\u00e1s, limit\u00e1lt v\u00e1ltozat<br \/>\n[Pesti K\u00f6nyv]<\/h6>\n","protected":false},"featured_media":26723,"template":"","meta":[],"product_brand":[],"product_cat":[296,295],"product_tag":[],"class_list":{"0":"post-26397","1":"product","2":"type-product","3":"status-publish","4":"has-post-thumbnail","6":"product_cat-blacksad","7":"product_cat-magnum-opus","10":"first","11":"instock","12":"taxable","13":"shipping-taxable","14":"purchasable","15":"product-type-simple"},"_links":{"self":[{"href":"https:\/\/magnumopuskiado.hu\/en\/wp-json\/wp\/v2\/product\/26397","targetHints":{"allow":["GET"]}}],"collection":[{"href":"https:\/\/magnumopuskiado.hu\/en\/wp-json\/wp\/v2\/product"}],"about":[{"href":"https:\/\/magnumopuskiado.hu\/en\/wp-json\/wp\/v2\/types\/product"}],"version-history":[{"count":4,"href":"https:\/\/magnumopuskiado.hu\/en\/wp-json\/wp\/v2\/product\/26397\/revisions"}],"predecessor-version":[{"id":26860,"href":"https:\/\/magnumopuskiado.hu\/en\/wp-json\/wp\/v2\/product\/26397\/revisions\/26860"}],"wp:featuredmedia":[{"embeddable":true,"href":"https:\/\/magnumopuskiado.hu\/en\/wp-json\/wp\/v2\/media\/26723"}],"wp:attachment":[{"href":"https:\/\/magnumopuskiado.hu\/en\/wp-json\/wp\/v2\/media?parent=26397"}],"wp:term":[{"taxonomy":"product_brand","embeddable":true,"href":"https:\/\/magnumopuskiado.hu\/en\/wp-json\/wp\/v2\/product_brand?post=26397"},{"taxonomy":"product_cat","embeddable":true,"href":"https:\/\/magnumopuskiado.hu\/en\/wp-json\/wp\/v2\/product_cat?post=26397"},{"taxonomy":"product_tag","embeddable":true,"href":"https:\/\/magnumopuskiado.hu\/en\/wp-json\/wp\/v2\/product_tag?post=26397"}],"curies":[{"name":"wp","href":"https:\/\/api.w.org\/{rel}","templated":true}]}}