{"id":26706,"date":"2024-08-26T15:39:03","date_gmt":"2024-08-26T13:39:03","guid":{"rendered":"https:\/\/magnumopuskiado.hu\/?post_type=product&#038;p=26706"},"modified":"2025-12-05T21:13:03","modified_gmt":"2025-12-05T20:13:03","slug":"saga-3-kotet-gyujtoi-kiadas","status":"publish","type":"product","link":"https:\/\/magnumopuskiado.hu\/en\/product\/saga-3-kotet-gyujtoi-kiadas\/","title":{"rendered":"Saga 3. k\u00f6tet &#8211; Gy\u0171jt\u0151i Kiad\u00e1s [MO]"},"content":{"rendered":"","protected":false},"excerpt":{"rendered":"<h3>Brian K. Vaughan &amp; Fiona Staples<\/h3>\n<h6>Harmadik k\u00f6tet, a Saga sorozat #13-18 r\u00e9sz\u00e9t tartalmazza.<br \/>\n152 oldal, eredeti m\u00e9ret (26\u00d717 cm), kem\u00e9nyt\u00e1bl\u00e1s gy\u0171jt\u0151i kiad\u00e1s (v\u00e1szonk\u00f6t\u00e9s, pr\u00e9g\/vakdombor elemek, UV lakk, sz\u00ednes el\u0151z\u00e9kek)<\/h6>\n<p><em>Minden k\u00f6tethez biztos\u00edtunk egy\u00a0 speci\u00e1lis, k\u00e9preg\u00e9nyek t\u00e1rol\u00e1s\u00e1ra szolg\u00e1l\u00f3 f\u00f3li\u00e1t<\/em><\/p>","protected":false},"featured_media":26961,"template":"","meta":[],"product_brand":[],"product_cat":[22],"product_tag":[],"class_list":{"0":"post-26706","1":"product","2":"type-product","3":"status-publish","4":"has-post-thumbnail","6":"product_cat-saga","9":"first","10":"instock","11":"taxable","12":"shipping-taxable","13":"purchasable","14":"product-type-simple"},"_links":{"self":[{"href":"https:\/\/magnumopuskiado.hu\/en\/wp-json\/wp\/v2\/product\/26706","targetHints":{"allow":["GET"]}}],"collection":[{"href":"https:\/\/magnumopuskiado.hu\/en\/wp-json\/wp\/v2\/product"}],"about":[{"href":"https:\/\/magnumopuskiado.hu\/en\/wp-json\/wp\/v2\/types\/product"}],"version-history":[{"count":7,"href":"https:\/\/magnumopuskiado.hu\/en\/wp-json\/wp\/v2\/product\/26706\/revisions"}],"predecessor-version":[{"id":26904,"href":"https:\/\/magnumopuskiado.hu\/en\/wp-json\/wp\/v2\/product\/26706\/revisions\/26904"}],"wp:featuredmedia":[{"embeddable":true,"href":"https:\/\/magnumopuskiado.hu\/en\/wp-json\/wp\/v2\/media\/26961"}],"wp:attachment":[{"href":"https:\/\/magnumopuskiado.hu\/en\/wp-json\/wp\/v2\/media?parent=26706"}],"wp:term":[{"taxonomy":"product_brand","embeddable":true,"href":"https:\/\/magnumopuskiado.hu\/en\/wp-json\/wp\/v2\/product_brand?post=26706"},{"taxonomy":"product_cat","embeddable":true,"href":"https:\/\/magnumopuskiado.hu\/en\/wp-json\/wp\/v2\/product_cat?post=26706"},{"taxonomy":"product_tag","embeddable":true,"href":"https:\/\/magnumopuskiado.hu\/en\/wp-json\/wp\/v2\/product_tag?post=26706"}],"curies":[{"name":"wp","href":"https:\/\/api.w.org\/{rel}","templated":true}]}}