{"id":26755,"date":"2024-09-11T15:03:53","date_gmt":"2024-09-11T13:03:53","guid":{"rendered":"https:\/\/magnumopuskiado.hu\/?post_type=product&#038;p=26755"},"modified":"2024-11-06T15:13:40","modified_gmt":"2024-11-06T14:13:40","slug":"death-normal","status":"publish","type":"product","link":"https:\/\/magnumopuskiado.hu\/en\/product\/death-normal\/","title":{"rendered":"Hal\u00e1l (Death) &#8211; Norm\u00e1l"},"content":{"rendered":"","protected":false},"excerpt":{"rendered":"<h3>Neil Gaiman &amp; Chris Bachallo (&#8230;)<\/h3>\n<h6>Mindk\u00e9t minisorozatot (High Cost of Livint &amp; Time of Your Life) \u00e9s a kieg\u00e9sz\u00edt\u0151 t\u00f6rt\u00e9netek tartalmazza.<br \/>\n192&#215;284 mm, 304 oldal, kem\u00e9nyk\u00f6t\u00e9s [Fumax, 3. kiad\u00e1s]<\/h6>\n","protected":false},"featured_media":26756,"template":"","meta":[],"product_brand":[],"product_cat":[295],"product_tag":[],"class_list":{"0":"post-26755","1":"product","2":"type-product","3":"status-publish","4":"has-post-thumbnail","6":"product_cat-magnum-opus","9":"first","10":"instock","11":"taxable","12":"shipping-taxable","13":"purchasable","14":"product-type-simple"},"_links":{"self":[{"href":"https:\/\/magnumopuskiado.hu\/en\/wp-json\/wp\/v2\/product\/26755","targetHints":{"allow":["GET"]}}],"collection":[{"href":"https:\/\/magnumopuskiado.hu\/en\/wp-json\/wp\/v2\/product"}],"about":[{"href":"https:\/\/magnumopuskiado.hu\/en\/wp-json\/wp\/v2\/types\/product"}],"version-history":[{"count":3,"href":"https:\/\/magnumopuskiado.hu\/en\/wp-json\/wp\/v2\/product\/26755\/revisions"}],"predecessor-version":[{"id":26812,"href":"https:\/\/magnumopuskiado.hu\/en\/wp-json\/wp\/v2\/product\/26755\/revisions\/26812"}],"wp:featuredmedia":[{"embeddable":true,"href":"https:\/\/magnumopuskiado.hu\/en\/wp-json\/wp\/v2\/media\/26756"}],"wp:attachment":[{"href":"https:\/\/magnumopuskiado.hu\/en\/wp-json\/wp\/v2\/media?parent=26755"}],"wp:term":[{"taxonomy":"product_brand","embeddable":true,"href":"https:\/\/magnumopuskiado.hu\/en\/wp-json\/wp\/v2\/product_brand?post=26755"},{"taxonomy":"product_cat","embeddable":true,"href":"https:\/\/magnumopuskiado.hu\/en\/wp-json\/wp\/v2\/product_cat?post=26755"},{"taxonomy":"product_tag","embeddable":true,"href":"https:\/\/magnumopuskiado.hu\/en\/wp-json\/wp\/v2\/product_tag?post=26755"}],"curies":[{"name":"wp","href":"https:\/\/api.w.org\/{rel}","templated":true}]}}