{"id":26758,"date":"2024-09-11T15:06:39","date_gmt":"2024-09-11T13:06:39","guid":{"rendered":"https:\/\/magnumopuskiado.hu\/?post_type=product&#038;p=26758"},"modified":"2026-03-26T17:04:36","modified_gmt":"2026-03-26T16:04:36","slug":"watchmen-normal","status":"publish","type":"product","link":"https:\/\/magnumopuskiado.hu\/en\/product\/watchmen-normal\/","title":{"rendered":"Watchmen &#8211; Norm\u00e1l"},"content":{"rendered":"","protected":false},"excerpt":{"rendered":"<h3>Alan Moore &amp;\u00a0Dave Gibbons<\/h3>\n<h6>A k\u00f6tet a teljes 12 fejezetes Watchmen k\u00e9preg\u00e9nyt, \u00e9s a ford\u00edt\u00f3, B\u00e1r\u00e1ny Ferenc jegyzeteit tartalmazza.<br \/>\n192&#215;284 mm, 424 oldal, kem\u00e9nyk\u00f6t\u00e9s [Fumax, 3. kiad\u00e1s]<\/h6>\n","protected":false},"featured_media":26759,"template":"","meta":[],"product_brand":[],"product_cat":[295],"product_tag":[],"class_list":{"0":"post-26758","1":"product","2":"type-product","3":"status-publish","4":"has-post-thumbnail","6":"product_cat-magnum-opus","9":"first","10":"instock","11":"taxable","12":"shipping-taxable","13":"purchasable","14":"product-type-simple"},"_links":{"self":[{"href":"https:\/\/magnumopuskiado.hu\/en\/wp-json\/wp\/v2\/product\/26758","targetHints":{"allow":["GET"]}}],"collection":[{"href":"https:\/\/magnumopuskiado.hu\/en\/wp-json\/wp\/v2\/product"}],"about":[{"href":"https:\/\/magnumopuskiado.hu\/en\/wp-json\/wp\/v2\/types\/product"}],"version-history":[{"count":5,"href":"https:\/\/magnumopuskiado.hu\/en\/wp-json\/wp\/v2\/product\/26758\/revisions"}],"predecessor-version":[{"id":26813,"href":"https:\/\/magnumopuskiado.hu\/en\/wp-json\/wp\/v2\/product\/26758\/revisions\/26813"}],"wp:featuredmedia":[{"embeddable":true,"href":"https:\/\/magnumopuskiado.hu\/en\/wp-json\/wp\/v2\/media\/26759"}],"wp:attachment":[{"href":"https:\/\/magnumopuskiado.hu\/en\/wp-json\/wp\/v2\/media?parent=26758"}],"wp:term":[{"taxonomy":"product_brand","embeddable":true,"href":"https:\/\/magnumopuskiado.hu\/en\/wp-json\/wp\/v2\/product_brand?post=26758"},{"taxonomy":"product_cat","embeddable":true,"href":"https:\/\/magnumopuskiado.hu\/en\/wp-json\/wp\/v2\/product_cat?post=26758"},{"taxonomy":"product_tag","embeddable":true,"href":"https:\/\/magnumopuskiado.hu\/en\/wp-json\/wp\/v2\/product_tag?post=26758"}],"curies":[{"name":"wp","href":"https:\/\/api.w.org\/{rel}","templated":true}]}}