{"id":26768,"date":"2024-09-11T15:42:43","date_gmt":"2024-09-11T13:42:43","guid":{"rendered":"https:\/\/magnumopuskiado.hu\/?post_type=product&#038;p=26768"},"modified":"2025-02-12T12:08:58","modified_gmt":"2025-02-12T11:08:58","slug":"saga-3-kotet-robot-edison","status":"publish","type":"product","link":"https:\/\/magnumopuskiado.hu\/en\/product\/saga-3-kotet-robot-edison\/","title":{"rendered":"Saga 3. k\u00f6tet &#8211; Robot Edis\u00f6n"},"content":{"rendered":"","protected":false},"excerpt":{"rendered":"<h3>Brian K. Vaughan &amp; Fiona Staples<\/h3>\n<h6>Harmadik k\u00f6tet, a Saga sorozat #13-18 r\u00e9sz\u00e9t tartalmazza.<br \/>\n152 oldal, puhak\u00f6t\u00e9s, UV lakk (minim\u00e1lis fel\u00edrat, \u00e1r\/vonalk\u00f3d n\u00e9lk\u00fcl)<br \/>\n<em>A norm\u00e1l v\u00e1ltozat\u00e9val azonos, vagyis a sorba ill\u0151 gerinck\u00e9ppel!<br \/>\n<\/em><\/h6>\n<p>Kiz\u00e1r\u00f3lag n\u00e1lunk kaphat\u00f3.<\/p>","protected":false},"featured_media":26769,"template":"","meta":[],"product_brand":[],"product_cat":[22],"product_tag":[],"class_list":{"0":"post-26768","1":"product","2":"type-product","3":"status-publish","4":"has-post-thumbnail","6":"product_cat-saga","9":"first","10":"instock","11":"taxable","12":"shipping-taxable","13":"purchasable","14":"product-type-simple"},"_links":{"self":[{"href":"https:\/\/magnumopuskiado.hu\/en\/wp-json\/wp\/v2\/product\/26768","targetHints":{"allow":["GET"]}}],"collection":[{"href":"https:\/\/magnumopuskiado.hu\/en\/wp-json\/wp\/v2\/product"}],"about":[{"href":"https:\/\/magnumopuskiado.hu\/en\/wp-json\/wp\/v2\/types\/product"}],"version-history":[{"count":4,"href":"https:\/\/magnumopuskiado.hu\/en\/wp-json\/wp\/v2\/product\/26768\/revisions"}],"predecessor-version":[{"id":26900,"href":"https:\/\/magnumopuskiado.hu\/en\/wp-json\/wp\/v2\/product\/26768\/revisions\/26900"}],"wp:featuredmedia":[{"embeddable":true,"href":"https:\/\/magnumopuskiado.hu\/en\/wp-json\/wp\/v2\/media\/26769"}],"wp:attachment":[{"href":"https:\/\/magnumopuskiado.hu\/en\/wp-json\/wp\/v2\/media?parent=26768"}],"wp:term":[{"taxonomy":"product_brand","embeddable":true,"href":"https:\/\/magnumopuskiado.hu\/en\/wp-json\/wp\/v2\/product_brand?post=26768"},{"taxonomy":"product_cat","embeddable":true,"href":"https:\/\/magnumopuskiado.hu\/en\/wp-json\/wp\/v2\/product_cat?post=26768"},{"taxonomy":"product_tag","embeddable":true,"href":"https:\/\/magnumopuskiado.hu\/en\/wp-json\/wp\/v2\/product_tag?post=26768"}],"curies":[{"name":"wp","href":"https:\/\/api.w.org\/{rel}","templated":true}]}}