{"id":26947,"date":"2024-11-06T15:13:40","date_gmt":"2024-11-06T14:13:40","guid":{"rendered":"https:\/\/magnumopuskiado.hu\/?post_type=product&#038;p=26947"},"modified":"2026-04-12T02:27:48","modified_gmt":"2026-04-12T00:27:48","slug":"saga-7-kotet-szarnyas-edison-elorendeles","status":"publish","type":"product","link":"https:\/\/magnumopuskiado.hu\/en\/product\/saga-7-kotet-szarnyas-edison-elorendeles\/","title":{"rendered":"Saga 7. k\u00f6tet &#8211; Sz\u00e1rnyas Edis\u00f6n"},"content":{"rendered":"","protected":false},"excerpt":{"rendered":"<h3>Brian K. Vaughan &amp; Fiona Staples<\/h3>\n<h6>Hetedik k\u00f6tet, a Saga sorozat #37-42 r\u00e9sz\u00e9t tartalmazza.<br \/>\n152 oldal, puhak\u00f6t\u00e9s, UV lakk (minim\u00e1lis fel\u00edrat, \u00e1r\/vonalk\u00f3d n\u00e9lk\u00fcl)<br \/>\n<em>A norm\u00e1l v\u00e1ltozat\u00e9val azonos, vagyis a sorba ill\u0151 gerinck\u00e9ppel!<\/em><\/h6>\n<h4><\/h4>\n<p>Kiz\u00e1r\u00f3lag n\u00e1lunk kaphat\u00f3.<\/p>","protected":false},"featured_media":26963,"template":"","meta":[],"product_brand":[],"product_cat":[22],"product_tag":[],"class_list":{"0":"post-26947","1":"product","2":"type-product","3":"status-publish","4":"has-post-thumbnail","6":"product_cat-saga","9":"first","10":"instock","11":"featured","12":"taxable","13":"shipping-taxable","14":"purchasable","15":"product-type-simple"},"_links":{"self":[{"href":"https:\/\/magnumopuskiado.hu\/en\/wp-json\/wp\/v2\/product\/26947","targetHints":{"allow":["GET"]}}],"collection":[{"href":"https:\/\/magnumopuskiado.hu\/en\/wp-json\/wp\/v2\/product"}],"about":[{"href":"https:\/\/magnumopuskiado.hu\/en\/wp-json\/wp\/v2\/types\/product"}],"version-history":[{"count":4,"href":"https:\/\/magnumopuskiado.hu\/en\/wp-json\/wp\/v2\/product\/26947\/revisions"}],"predecessor-version":[{"id":27262,"href":"https:\/\/magnumopuskiado.hu\/en\/wp-json\/wp\/v2\/product\/26947\/revisions\/27262"}],"wp:featuredmedia":[{"embeddable":true,"href":"https:\/\/magnumopuskiado.hu\/en\/wp-json\/wp\/v2\/media\/26963"}],"wp:attachment":[{"href":"https:\/\/magnumopuskiado.hu\/en\/wp-json\/wp\/v2\/media?parent=26947"}],"wp:term":[{"taxonomy":"product_brand","embeddable":true,"href":"https:\/\/magnumopuskiado.hu\/en\/wp-json\/wp\/v2\/product_brand?post=26947"},{"taxonomy":"product_cat","embeddable":true,"href":"https:\/\/magnumopuskiado.hu\/en\/wp-json\/wp\/v2\/product_cat?post=26947"},{"taxonomy":"product_tag","embeddable":true,"href":"https:\/\/magnumopuskiado.hu\/en\/wp-json\/wp\/v2\/product_tag?post=26947"}],"curies":[{"name":"wp","href":"https:\/\/api.w.org\/{rel}","templated":true}]}}