{"id":26952,"date":"2024-11-06T15:13:40","date_gmt":"2024-11-06T14:13:40","guid":{"rendered":"https:\/\/magnumopuskiado.hu\/?post_type=product&#038;p=26952"},"modified":"2026-01-31T21:51:27","modified_gmt":"2026-01-31T20:51:27","slug":"metabarok-2-kotet-aghnar-es-oda-normal-elorendeles","status":"publish","type":"product","link":"https:\/\/magnumopuskiado.hu\/en\/product\/metabarok-2-kotet-aghnar-es-oda-normal-elorendeles\/","title":{"rendered":"Metab\u00e1r\u00f3k 2. k\u00f6tet (Aghnar \u00e9s Oda) &#8211; Norm\u00e1l"},"content":{"rendered":"<p>Alejandro Jodorowsky, Juan Gim\u00e9nez<\/p>\n<p>Els\u0151 k\u00f6tet a n\u00e9gyb\u0151l. (Az eredetileg 8 k\u00f6tetes sorozat els\u0151 k\u00e9t k\u00f6tet\u00e9t tartalmazza)<br \/>\nAz INCAL-ban megismert Metab\u00e1r\u00f3k v\u00e9rvonal\u00e1nak t\u00f6rt\u00e9nete a kezdetekt\u0151l.<br \/>\n(Az 11. \u00e9s 20. oldalak k\u00f6z\u00f6tti sz\u00e1l ut\u00f3lag ker\u00fclt a k\u00e9preg\u00e9nybe, eredetileg nem tartalmazta.)<br \/>\nKem\u00e9nyt\u00e1bl\u00e1s matt bor\u00edt\u00f3 UV f\u00f3li\u00e1zott feliratokkal<\/p>\n<p>&nbsp;<\/p>","protected":false},"excerpt":{"rendered":"<h3>Alejandro Jodorowsky, Juan Gim\u00e9nez<\/h3>\n<h6>M\u00e1sodik k\u00f6tet a n\u00e9gyb\u0151l.<br \/>\n136 oldal, eredeti m\u00e9ret (24\u00d732 cm), kem\u00e9nyt\u00e1bl\u00e1s, matt\/UV lakozott bor\u00edt\u00f3<\/h6>\n<h4><\/h4>","protected":false},"featured_media":26966,"template":"","meta":[],"product_brand":[],"product_cat":[21],"product_tag":[],"class_list":{"0":"post-26952","1":"product","2":"type-product","3":"status-publish","4":"has-post-thumbnail","6":"product_cat-metabarok","9":"first","10":"instock","11":"sale","12":"featured","13":"taxable","14":"shipping-taxable","15":"purchasable","16":"product-type-simple"},"_links":{"self":[{"href":"https:\/\/magnumopuskiado.hu\/en\/wp-json\/wp\/v2\/product\/26952","targetHints":{"allow":["GET"]}}],"collection":[{"href":"https:\/\/magnumopuskiado.hu\/en\/wp-json\/wp\/v2\/product"}],"about":[{"href":"https:\/\/magnumopuskiado.hu\/en\/wp-json\/wp\/v2\/types\/product"}],"version-history":[{"count":4,"href":"https:\/\/magnumopuskiado.hu\/en\/wp-json\/wp\/v2\/product\/26952\/revisions"}],"predecessor-version":[{"id":27265,"href":"https:\/\/magnumopuskiado.hu\/en\/wp-json\/wp\/v2\/product\/26952\/revisions\/27265"}],"wp:featuredmedia":[{"embeddable":true,"href":"https:\/\/magnumopuskiado.hu\/en\/wp-json\/wp\/v2\/media\/26966"}],"wp:attachment":[{"href":"https:\/\/magnumopuskiado.hu\/en\/wp-json\/wp\/v2\/media?parent=26952"}],"wp:term":[{"taxonomy":"product_brand","embeddable":true,"href":"https:\/\/magnumopuskiado.hu\/en\/wp-json\/wp\/v2\/product_brand?post=26952"},{"taxonomy":"product_cat","embeddable":true,"href":"https:\/\/magnumopuskiado.hu\/en\/wp-json\/wp\/v2\/product_cat?post=26952"},{"taxonomy":"product_tag","embeddable":true,"href":"https:\/\/magnumopuskiado.hu\/en\/wp-json\/wp\/v2\/product_tag?post=26952"}],"curies":[{"name":"wp","href":"https:\/\/api.w.org\/{rel}","templated":true}]}}