{"id":26954,"date":"2024-11-06T15:13:39","date_gmt":"2024-11-06T14:13:39","guid":{"rendered":"https:\/\/magnumopuskiado.hu\/?post_type=product&#038;p=26954"},"modified":"2025-11-05T20:39:45","modified_gmt":"2025-11-05T19:39:45","slug":"metabarok-2-kotet-aghnar-es-oda-limitalt-kiadas-elorendeles","status":"publish","type":"product","link":"https:\/\/magnumopuskiado.hu\/en\/product\/metabarok-2-kotet-aghnar-es-oda-limitalt-kiadas-elorendeles\/","title":{"rendered":"Metab\u00e1r\u00f3k 2. k\u00f6tet (Aghnar \u00e9s Oda) &#8211; Limit\u00e1lt kiad\u00e1s"},"content":{"rendered":"<p>Alejandro Jodorowsky, Juan Gim\u00e9nez<\/p>\n<p>Els\u0151 k\u00f6tet a n\u00e9gyb\u0151l. (Az eredetileg 8 k\u00f6tetes sorozat els\u0151 k\u00e9t k\u00f6tet\u00e9t tartalmazza)<br \/>\nAz INCAL-ban megismert Metab\u00e1r\u00f3k v\u00e9rvonal\u00e1nak t\u00f6rt\u00e9nete a kezdetekt\u0151l.<br \/>\n(Az 11. \u00e9s 20. oldalak k\u00f6z\u00f6tti sz\u00e1l ut\u00f3lag ker\u00fclt a k\u00e9preg\u00e9nybe, eredetileg nem tartalmazta.)<\/p>\n<p>Gy\u0171jt\u0151i v\u00e1ltozat:<br \/>\n&#8211; A v\u00e9d\u0151bor\u00edt\u00f3 mindk\u00e9t oldal\u00e1n nyomott \u00e9s kreat\u00edv pap\u00edrra k\u00e9sz\u00fcl (f\u00f3li\u00e1z\u00e1s helyett lakkoz\u00e1ssal)<br \/>\n&#8211; UV gerincfelirat (&#8216;\u00f6sszerak\u00f3s&#8217;, a m\u00e1sik h\u00e1rom k\u00f6tettel v\u00e1lik teljess\u00e9)<br \/>\n&#8211; A kem\u00e9nyt\u00e1bl\u00e1s bor\u00edt\u00f3 speci\u00e1lis s\u00f6t\u00e9tk\u00e9k burkol\u00f3anyagon dombornyom\u00e1ssal<br \/>\n&#8211; Egyedi el\u0151z\u00e9kek<\/p>\n<p>&nbsp;<\/p>","protected":false},"excerpt":{"rendered":"<h3>Alejandro Jodorowsky, Juan Gim\u00e9nez<\/h3>\n<h6>M\u00e1sodik k\u00f6tet a n\u00e9gyb\u0151l.<br \/>\n136 oldal, eredeti m\u00e9ret (32\u00d724 cm), kem\u00e9nyk\u00f6t\u00e9ses &#8216;m\u0171b\u0151r&#8217; bor\u00edt\u00f3\/vakdombor, matt hat\u00e1s\u00fa v\u00e9d\u0151bor\u00edt\u00f3<\/h6>\n<h4><\/h4>","protected":false},"featured_media":26968,"template":"","meta":[],"product_brand":[],"product_cat":[21],"product_tag":[],"class_list":{"0":"post-26954","1":"product","2":"type-product","3":"status-publish","4":"has-post-thumbnail","6":"product_cat-metabarok","9":"first","10":"instock","11":"featured","12":"taxable","13":"shipping-taxable","14":"purchasable","15":"product-type-simple"},"_links":{"self":[{"href":"https:\/\/magnumopuskiado.hu\/en\/wp-json\/wp\/v2\/product\/26954","targetHints":{"allow":["GET"]}}],"collection":[{"href":"https:\/\/magnumopuskiado.hu\/en\/wp-json\/wp\/v2\/product"}],"about":[{"href":"https:\/\/magnumopuskiado.hu\/en\/wp-json\/wp\/v2\/types\/product"}],"version-history":[{"count":4,"href":"https:\/\/magnumopuskiado.hu\/en\/wp-json\/wp\/v2\/product\/26954\/revisions"}],"predecessor-version":[{"id":27266,"href":"https:\/\/magnumopuskiado.hu\/en\/wp-json\/wp\/v2\/product\/26954\/revisions\/27266"}],"wp:featuredmedia":[{"embeddable":true,"href":"https:\/\/magnumopuskiado.hu\/en\/wp-json\/wp\/v2\/media\/26968"}],"wp:attachment":[{"href":"https:\/\/magnumopuskiado.hu\/en\/wp-json\/wp\/v2\/media?parent=26954"}],"wp:term":[{"taxonomy":"product_brand","embeddable":true,"href":"https:\/\/magnumopuskiado.hu\/en\/wp-json\/wp\/v2\/product_brand?post=26954"},{"taxonomy":"product_cat","embeddable":true,"href":"https:\/\/magnumopuskiado.hu\/en\/wp-json\/wp\/v2\/product_cat?post=26954"},{"taxonomy":"product_tag","embeddable":true,"href":"https:\/\/magnumopuskiado.hu\/en\/wp-json\/wp\/v2\/product_tag?post=26954"}],"curies":[{"name":"wp","href":"https:\/\/api.w.org\/{rel}","templated":true}]}}