{"id":27189,"date":"2024-11-18T12:38:09","date_gmt":"2024-11-18T11:38:09","guid":{"rendered":"https:\/\/magnumopuskiado.hu\/?post_type=product&#038;p=27189"},"modified":"2026-04-04T22:20:35","modified_gmt":"2026-04-04T20:20:35","slug":"v-mint-verbosszu-normal","status":"publish","type":"product","link":"https:\/\/magnumopuskiado.hu\/en\/product\/v-mint-verbosszu-normal\/","title":{"rendered":"V Mint V\u00e9rbossz\u00fa &#8211; Norm\u00e1l"},"content":{"rendered":"","protected":false},"excerpt":{"rendered":"<h3>Alan Moore &amp; David Lloyd<\/h3>\n<h6>A k\u00f6tet a teljes 10 f\u00fczetnyi V for Vendetta k\u00e9preg\u00e9nysorozatot tartalmazza.<\/h6>\n<p>&nbsp;<\/p>\n<p>&nbsp;<\/p>","protected":false},"featured_media":27190,"template":"","meta":[],"product_brand":[],"product_cat":[295],"product_tag":[],"class_list":{"0":"post-27189","1":"product","2":"type-product","3":"status-publish","4":"has-post-thumbnail","6":"product_cat-magnum-opus","9":"first","10":"instock","11":"taxable","12":"shipping-taxable","13":"purchasable","14":"product-type-simple"},"_links":{"self":[{"href":"https:\/\/magnumopuskiado.hu\/en\/wp-json\/wp\/v2\/product\/27189","targetHints":{"allow":["GET"]}}],"collection":[{"href":"https:\/\/magnumopuskiado.hu\/en\/wp-json\/wp\/v2\/product"}],"about":[{"href":"https:\/\/magnumopuskiado.hu\/en\/wp-json\/wp\/v2\/types\/product"}],"version-history":[{"count":1,"href":"https:\/\/magnumopuskiado.hu\/en\/wp-json\/wp\/v2\/product\/27189\/revisions"}],"predecessor-version":[{"id":27191,"href":"https:\/\/magnumopuskiado.hu\/en\/wp-json\/wp\/v2\/product\/27189\/revisions\/27191"}],"wp:featuredmedia":[{"embeddable":true,"href":"https:\/\/magnumopuskiado.hu\/en\/wp-json\/wp\/v2\/media\/27190"}],"wp:attachment":[{"href":"https:\/\/magnumopuskiado.hu\/en\/wp-json\/wp\/v2\/media?parent=27189"}],"wp:term":[{"taxonomy":"product_brand","embeddable":true,"href":"https:\/\/magnumopuskiado.hu\/en\/wp-json\/wp\/v2\/product_brand?post=27189"},{"taxonomy":"product_cat","embeddable":true,"href":"https:\/\/magnumopuskiado.hu\/en\/wp-json\/wp\/v2\/product_cat?post=27189"},{"taxonomy":"product_tag","embeddable":true,"href":"https:\/\/magnumopuskiado.hu\/en\/wp-json\/wp\/v2\/product_tag?post=27189"}],"curies":[{"name":"wp","href":"https:\/\/api.w.org\/{rel}","templated":true}]}}