{"id":27357,"date":"2025-01-30T12:20:19","date_gmt":"2025-01-30T11:20:19","guid":{"rendered":"https:\/\/magnumopuskiado.hu\/?post_type=product&#038;p=27357"},"modified":"2025-11-29T12:06:20","modified_gmt":"2025-11-29T11:06:20","slug":"sandman-6-normal-elorendeles","status":"publish","type":"product","link":"https:\/\/magnumopuskiado.hu\/en\/product\/sandman-6-normal-elorendeles\/","title":{"rendered":"Sandman 6. Norm\u00e1l"},"content":{"rendered":"","protected":false},"excerpt":{"rendered":"<h3>Neil Gaiman &amp; (&#8230;)<\/h3>\n<h6>19\u00d728 cm, &#8216;oversize&#8217; kem\u00e9nyk\u00f6t\u00e9s, 176 oldal, norm\u00e1l kiad\u00e1s<br \/>\n[Fumax]<\/h6>\n","protected":false},"featured_media":27358,"template":"","meta":[],"product_brand":[],"product_cat":[295],"product_tag":[],"class_list":{"0":"post-27357","1":"product","2":"type-product","3":"status-publish","4":"has-post-thumbnail","6":"product_cat-magnum-opus","9":"first","10":"instock","11":"sale","12":"taxable","13":"shipping-taxable","14":"purchasable","15":"product-type-simple"},"_links":{"self":[{"href":"https:\/\/magnumopuskiado.hu\/en\/wp-json\/wp\/v2\/product\/27357","targetHints":{"allow":["GET"]}}],"collection":[{"href":"https:\/\/magnumopuskiado.hu\/en\/wp-json\/wp\/v2\/product"}],"about":[{"href":"https:\/\/magnumopuskiado.hu\/en\/wp-json\/wp\/v2\/types\/product"}],"version-history":[{"count":2,"href":"https:\/\/magnumopuskiado.hu\/en\/wp-json\/wp\/v2\/product\/27357\/revisions"}],"predecessor-version":[{"id":27401,"href":"https:\/\/magnumopuskiado.hu\/en\/wp-json\/wp\/v2\/product\/27357\/revisions\/27401"}],"wp:featuredmedia":[{"embeddable":true,"href":"https:\/\/magnumopuskiado.hu\/en\/wp-json\/wp\/v2\/media\/27358"}],"wp:attachment":[{"href":"https:\/\/magnumopuskiado.hu\/en\/wp-json\/wp\/v2\/media?parent=27357"}],"wp:term":[{"taxonomy":"product_brand","embeddable":true,"href":"https:\/\/magnumopuskiado.hu\/en\/wp-json\/wp\/v2\/product_brand?post=27357"},{"taxonomy":"product_cat","embeddable":true,"href":"https:\/\/magnumopuskiado.hu\/en\/wp-json\/wp\/v2\/product_cat?post=27357"},{"taxonomy":"product_tag","embeddable":true,"href":"https:\/\/magnumopuskiado.hu\/en\/wp-json\/wp\/v2\/product_tag?post=27357"}],"curies":[{"name":"wp","href":"https:\/\/api.w.org\/{rel}","templated":true}]}}