{"id":27367,"date":"2025-02-10T13:16:26","date_gmt":"2025-02-10T12:16:26","guid":{"rendered":"https:\/\/magnumopuskiado.hu\/?post_type=product&#038;p=27367"},"modified":"2025-10-03T14:53:09","modified_gmt":"2025-10-03T12:53:09","slug":"x-man-xavier-vilaga-limitalt","status":"publish","type":"product","link":"https:\/\/magnumopuskiado.hu\/en\/product\/x-man-xavier-vilaga-limitalt\/","title":{"rendered":"X-MEN XAVIER VIL\u00c1GA &#8211; Limit\u00e1lt"},"content":{"rendered":"","protected":false},"excerpt":{"rendered":"<h6>Jonathan Hickman: X-Men &#8211; Xavier vil\u00e1ga \/ X hatv\u00e1nyai (House of X, Powers of X) kem\u00e9nyt\u00e1bl\u00e1s k\u00e9preg\u00e9ny Limit\u00e1lt kiad\u00e1s<\/h6>\n<p>&nbsp;<\/p>\n<p>&nbsp;<\/p>","protected":false},"featured_media":27368,"template":"","meta":[],"product_brand":[],"product_cat":[295],"product_tag":[],"class_list":{"0":"post-27367","1":"product","2":"type-product","3":"status-publish","4":"has-post-thumbnail","6":"product_cat-magnum-opus","9":"first","10":"instock","11":"taxable","12":"shipping-taxable","13":"purchasable","14":"product-type-simple"},"_links":{"self":[{"href":"https:\/\/magnumopuskiado.hu\/en\/wp-json\/wp\/v2\/product\/27367","targetHints":{"allow":["GET"]}}],"collection":[{"href":"https:\/\/magnumopuskiado.hu\/en\/wp-json\/wp\/v2\/product"}],"about":[{"href":"https:\/\/magnumopuskiado.hu\/en\/wp-json\/wp\/v2\/types\/product"}],"version-history":[{"count":2,"href":"https:\/\/magnumopuskiado.hu\/en\/wp-json\/wp\/v2\/product\/27367\/revisions"}],"predecessor-version":[{"id":27438,"href":"https:\/\/magnumopuskiado.hu\/en\/wp-json\/wp\/v2\/product\/27367\/revisions\/27438"}],"wp:featuredmedia":[{"embeddable":true,"href":"https:\/\/magnumopuskiado.hu\/en\/wp-json\/wp\/v2\/media\/27368"}],"wp:attachment":[{"href":"https:\/\/magnumopuskiado.hu\/en\/wp-json\/wp\/v2\/media?parent=27367"}],"wp:term":[{"taxonomy":"product_brand","embeddable":true,"href":"https:\/\/magnumopuskiado.hu\/en\/wp-json\/wp\/v2\/product_brand?post=27367"},{"taxonomy":"product_cat","embeddable":true,"href":"https:\/\/magnumopuskiado.hu\/en\/wp-json\/wp\/v2\/product_cat?post=27367"},{"taxonomy":"product_tag","embeddable":true,"href":"https:\/\/magnumopuskiado.hu\/en\/wp-json\/wp\/v2\/product_tag?post=27367"}],"curies":[{"name":"wp","href":"https:\/\/api.w.org\/{rel}","templated":true}]}}