{"id":27542,"date":"2025-11-01T11:43:20","date_gmt":"2025-11-01T10:43:20","guid":{"rendered":"https:\/\/magnumopuskiado.hu\/?post_type=product&#038;p=27542"},"modified":"2026-04-22T16:22:01","modified_gmt":"2026-04-22T14:22:01","slug":"tmnt-az-utolso-ronin-nindzsa-edison-elorendeles","status":"publish","type":"product","link":"https:\/\/magnumopuskiado.hu\/en\/product\/tmnt-az-utolso-ronin-nindzsa-edison-elorendeles\/","title":{"rendered":"TMNT Az Utols\u00f3 R\u00f3nin &#8211; Nindzsa Edis\u00f6n"},"content":{"rendered":"","protected":false},"excerpt":{"rendered":"<h3>Kevin Eastman, Peter Laird &amp; Tom Waltz<\/h3>\n<h6>TMNT The Last Ronin \/ Az Utols\u00f3 R\u00f3nin<br \/>\nA teljes t\u00f6rt\u00e9net egyben. (#1-5)<br \/>\n224 oldal, oversize (19\u00d728 cm), kem\u00e9nyk\u00f6t\u00e9s, matt\/UV\/foszforeszk\u00e1l\u00f3 bor\u00edt\u00f3<\/h6>","protected":false},"featured_media":27675,"template":"","meta":[],"product_brand":[],"product_cat":[298],"product_tag":[],"class_list":{"0":"post-27542","1":"product","2":"type-product","3":"status-publish","4":"has-post-thumbnail","6":"product_cat-last-ronin","9":"first","10":"instock","11":"taxable","12":"shipping-taxable","13":"purchasable","14":"product-type-simple"},"_links":{"self":[{"href":"https:\/\/magnumopuskiado.hu\/en\/wp-json\/wp\/v2\/product\/27542","targetHints":{"allow":["GET"]}}],"collection":[{"href":"https:\/\/magnumopuskiado.hu\/en\/wp-json\/wp\/v2\/product"}],"about":[{"href":"https:\/\/magnumopuskiado.hu\/en\/wp-json\/wp\/v2\/types\/product"}],"version-history":[{"count":7,"href":"https:\/\/magnumopuskiado.hu\/en\/wp-json\/wp\/v2\/product\/27542\/revisions"}],"predecessor-version":[{"id":27958,"href":"https:\/\/magnumopuskiado.hu\/en\/wp-json\/wp\/v2\/product\/27542\/revisions\/27958"}],"wp:featuredmedia":[{"embeddable":true,"href":"https:\/\/magnumopuskiado.hu\/en\/wp-json\/wp\/v2\/media\/27675"}],"wp:attachment":[{"href":"https:\/\/magnumopuskiado.hu\/en\/wp-json\/wp\/v2\/media?parent=27542"}],"wp:term":[{"taxonomy":"product_brand","embeddable":true,"href":"https:\/\/magnumopuskiado.hu\/en\/wp-json\/wp\/v2\/product_brand?post=27542"},{"taxonomy":"product_cat","embeddable":true,"href":"https:\/\/magnumopuskiado.hu\/en\/wp-json\/wp\/v2\/product_cat?post=27542"},{"taxonomy":"product_tag","embeddable":true,"href":"https:\/\/magnumopuskiado.hu\/en\/wp-json\/wp\/v2\/product_tag?post=27542"}],"curies":[{"name":"wp","href":"https:\/\/api.w.org\/{rel}","templated":true}]}}