{"id":27547,"date":"2025-10-09T13:32:24","date_gmt":"2025-10-09T11:32:24","guid":{"rendered":"https:\/\/magnumopuskiado.hu\/?post_type=product&#038;p=27547"},"modified":"2026-01-24T14:05:51","modified_gmt":"2026-01-24T13:05:51","slug":"saga-8-kotet-szarvas-edison-elorendeles","status":"publish","type":"product","link":"https:\/\/magnumopuskiado.hu\/en\/product\/saga-8-kotet-szarvas-edison-elorendeles\/","title":{"rendered":"Saga 8. k\u00f6tet &#8211; Szarvas Edis\u00f6n"},"content":{"rendered":"","protected":false},"excerpt":{"rendered":"<h3>Brian K. Vaughan &amp; Fiona Staples<\/h3>\n<h6>Nyolcadik k\u00f6tet, a Saga sorozat #43-48 r\u00e9sz\u00e9t tartalmazza.<br \/>\n152 oldal, puhak\u00f6t\u00e9s, UV lakk (minim\u00e1lis fel\u00edrat, \u00e1r\/vonalk\u00f3d n\u00e9lk\u00fcl)<br \/>\n<em>A norm\u00e1l v\u00e1ltozat\u00e9val azonos, vagyis a sorba ill\u0151 gerinck\u00e9ppel!<\/em><\/h6>\n<h4><\/h4>\n<p>Kiz\u00e1r\u00f3lag n\u00e1lunk kaphat\u00f3.<\/p>","protected":false},"featured_media":27578,"template":"","meta":[],"product_brand":[],"product_cat":[22],"product_tag":[],"class_list":{"0":"post-27547","1":"product","2":"type-product","3":"status-publish","4":"has-post-thumbnail","6":"product_cat-saga","9":"first","10":"instock","11":"featured","12":"taxable","13":"shipping-taxable","14":"purchasable","15":"product-type-simple"},"_links":{"self":[{"href":"https:\/\/magnumopuskiado.hu\/en\/wp-json\/wp\/v2\/product\/27547","targetHints":{"allow":["GET"]}}],"collection":[{"href":"https:\/\/magnumopuskiado.hu\/en\/wp-json\/wp\/v2\/product"}],"about":[{"href":"https:\/\/magnumopuskiado.hu\/en\/wp-json\/wp\/v2\/types\/product"}],"version-history":[{"count":5,"href":"https:\/\/magnumopuskiado.hu\/en\/wp-json\/wp\/v2\/product\/27547\/revisions"}],"predecessor-version":[{"id":27875,"href":"https:\/\/magnumopuskiado.hu\/en\/wp-json\/wp\/v2\/product\/27547\/revisions\/27875"}],"wp:featuredmedia":[{"embeddable":true,"href":"https:\/\/magnumopuskiado.hu\/en\/wp-json\/wp\/v2\/media\/27578"}],"wp:attachment":[{"href":"https:\/\/magnumopuskiado.hu\/en\/wp-json\/wp\/v2\/media?parent=27547"}],"wp:term":[{"taxonomy":"product_brand","embeddable":true,"href":"https:\/\/magnumopuskiado.hu\/en\/wp-json\/wp\/v2\/product_brand?post=27547"},{"taxonomy":"product_cat","embeddable":true,"href":"https:\/\/magnumopuskiado.hu\/en\/wp-json\/wp\/v2\/product_cat?post=27547"},{"taxonomy":"product_tag","embeddable":true,"href":"https:\/\/magnumopuskiado.hu\/en\/wp-json\/wp\/v2\/product_tag?post=27547"}],"curies":[{"name":"wp","href":"https:\/\/api.w.org\/{rel}","templated":true}]}}