{"id":27549,"date":"2025-10-09T13:36:59","date_gmt":"2025-10-09T11:36:59","guid":{"rendered":"https:\/\/magnumopuskiado.hu\/?post_type=product&#038;p=27549"},"modified":"2026-04-18T18:46:04","modified_gmt":"2026-04-18T16:46:04","slug":"saga-8-kotet-normal","status":"publish","type":"product","link":"https:\/\/magnumopuskiado.hu\/en\/product\/saga-8-kotet-normal\/","title":{"rendered":"Saga 8. k\u00f6tet &#8211; Norm\u00e1l"},"content":{"rendered":"","protected":false},"excerpt":{"rendered":"<h3>Brian K. Vaughan &amp; Fiona Staples<\/h3>\n<h6>Nyolcadik k\u00f6tet, a Saga sorozat #43-48 r\u00e9sz\u00e9t tartalmazza.<br \/>\n152 oldal, eredeti m\u00e9ret (17\u00d726 cm), puhak\u00f6t\u00e9s, matt\/UV lakkozott bor\u00edt\u00f3, gerinck\u00e9p<\/h6>\n<h4><\/h4>","protected":false},"featured_media":27581,"template":"","meta":[],"product_brand":[],"product_cat":[22],"product_tag":[],"class_list":{"0":"post-27549","1":"product","2":"type-product","3":"status-publish","4":"has-post-thumbnail","6":"product_cat-saga","9":"first","10":"instock","11":"sale","12":"featured","13":"taxable","14":"shipping-taxable","15":"purchasable","16":"product-type-simple"},"_links":{"self":[{"href":"https:\/\/magnumopuskiado.hu\/en\/wp-json\/wp\/v2\/product\/27549","targetHints":{"allow":["GET"]}}],"collection":[{"href":"https:\/\/magnumopuskiado.hu\/en\/wp-json\/wp\/v2\/product"}],"about":[{"href":"https:\/\/magnumopuskiado.hu\/en\/wp-json\/wp\/v2\/types\/product"}],"version-history":[{"count":5,"href":"https:\/\/magnumopuskiado.hu\/en\/wp-json\/wp\/v2\/product\/27549\/revisions"}],"predecessor-version":[{"id":27876,"href":"https:\/\/magnumopuskiado.hu\/en\/wp-json\/wp\/v2\/product\/27549\/revisions\/27876"}],"wp:featuredmedia":[{"embeddable":true,"href":"https:\/\/magnumopuskiado.hu\/en\/wp-json\/wp\/v2\/media\/27581"}],"wp:attachment":[{"href":"https:\/\/magnumopuskiado.hu\/en\/wp-json\/wp\/v2\/media?parent=27549"}],"wp:term":[{"taxonomy":"product_brand","embeddable":true,"href":"https:\/\/magnumopuskiado.hu\/en\/wp-json\/wp\/v2\/product_brand?post=27549"},{"taxonomy":"product_cat","embeddable":true,"href":"https:\/\/magnumopuskiado.hu\/en\/wp-json\/wp\/v2\/product_cat?post=27549"},{"taxonomy":"product_tag","embeddable":true,"href":"https:\/\/magnumopuskiado.hu\/en\/wp-json\/wp\/v2\/product_tag?post=27549"}],"curies":[{"name":"wp","href":"https:\/\/api.w.org\/{rel}","templated":true}]}}