{"id":27551,"date":"2025-10-09T13:40:53","date_gmt":"2025-10-09T11:40:53","guid":{"rendered":"https:\/\/magnumopuskiado.hu\/?post_type=product&#038;p=27551"},"modified":"2026-04-18T18:46:04","modified_gmt":"2026-04-18T16:46:04","slug":"tmnt-az-utolso-ronin-limitalt-elorendeles","status":"publish","type":"product","link":"https:\/\/magnumopuskiado.hu\/en\/product\/tmnt-az-utolso-ronin-limitalt-elorendeles\/","title":{"rendered":"TMNT Az Utols\u00f3 R\u00f3nin &#8211; Limit\u00e1lt"},"content":{"rendered":"","protected":false},"excerpt":{"rendered":"<h3>Kevin Eastman, Peter Laird &amp; Tom Waltz<\/h3>\n<h6>TMNT The Last Ronin \/ Az Utols\u00f3 R\u00f3nin<br \/>\nA teljes t\u00f6rt\u00e9neten fel\u00fcl 80 oldalnyi extr\u00e1val.<br \/>\n304 oldal, oversize (19\u00d728 cm), kem\u00e9nyk\u00f6t\u00e9s, matt\/UV lakkozott bor\u00edt\u00f3, szintetikus burkol\u00f3, egyedi szalag<\/h6>","protected":false},"featured_media":27672,"template":"","meta":[],"product_brand":[],"product_cat":[298],"product_tag":[],"class_list":{"0":"post-27551","1":"product","2":"type-product","3":"status-publish","4":"has-post-thumbnail","6":"product_cat-last-ronin","9":"first","10":"instock","11":"taxable","12":"shipping-taxable","13":"purchasable","14":"product-type-simple"},"_links":{"self":[{"href":"https:\/\/magnumopuskiado.hu\/en\/wp-json\/wp\/v2\/product\/27551","targetHints":{"allow":["GET"]}}],"collection":[{"href":"https:\/\/magnumopuskiado.hu\/en\/wp-json\/wp\/v2\/product"}],"about":[{"href":"https:\/\/magnumopuskiado.hu\/en\/wp-json\/wp\/v2\/types\/product"}],"version-history":[{"count":6,"href":"https:\/\/magnumopuskiado.hu\/en\/wp-json\/wp\/v2\/product\/27551\/revisions"}],"predecessor-version":[{"id":27957,"href":"https:\/\/magnumopuskiado.hu\/en\/wp-json\/wp\/v2\/product\/27551\/revisions\/27957"}],"wp:featuredmedia":[{"embeddable":true,"href":"https:\/\/magnumopuskiado.hu\/en\/wp-json\/wp\/v2\/media\/27672"}],"wp:attachment":[{"href":"https:\/\/magnumopuskiado.hu\/en\/wp-json\/wp\/v2\/media?parent=27551"}],"wp:term":[{"taxonomy":"product_brand","embeddable":true,"href":"https:\/\/magnumopuskiado.hu\/en\/wp-json\/wp\/v2\/product_brand?post=27551"},{"taxonomy":"product_cat","embeddable":true,"href":"https:\/\/magnumopuskiado.hu\/en\/wp-json\/wp\/v2\/product_cat?post=27551"},{"taxonomy":"product_tag","embeddable":true,"href":"https:\/\/magnumopuskiado.hu\/en\/wp-json\/wp\/v2\/product_tag?post=27551"}],"curies":[{"name":"wp","href":"https:\/\/api.w.org\/{rel}","templated":true}]}}