{"id":27553,"date":"2025-10-09T13:42:12","date_gmt":"2025-10-09T11:42:12","guid":{"rendered":"https:\/\/magnumopuskiado.hu\/?post_type=product&#038;p=27553"},"modified":"2026-04-04T22:20:35","modified_gmt":"2026-04-04T20:20:35","slug":"tmnt-az-utolso-ronin-normal-elorendeles","status":"publish","type":"product","link":"https:\/\/magnumopuskiado.hu\/en\/product\/tmnt-az-utolso-ronin-normal-elorendeles\/","title":{"rendered":"TMNT Az Utols\u00f3 R\u00f3nin &#8211; Norm\u00e1l"},"content":{"rendered":"","protected":false},"excerpt":{"rendered":"<h3>Kevin Eastman, Peter Laird &amp; Tom Waltz<\/h3>\n<h6>TMNT The Last Ronin \/ Az Utols\u00f3 R\u00f3nin<br \/>\nA teljes t\u00f6rt\u00e9net egyben. (#1-5)<br \/>\n224 oldal, oversize (19\u00d728 cm), kem\u00e9nyk\u00f6t\u00e9s, matt\/UV lakkozott bor\u00edt\u00f3<\/h6>","protected":false},"featured_media":27658,"template":"","meta":[],"product_brand":[],"product_cat":[298],"product_tag":[],"class_list":{"0":"post-27553","1":"product","2":"type-product","3":"status-publish","4":"has-post-thumbnail","6":"product_cat-last-ronin","9":"first","10":"instock","11":"sale","12":"taxable","13":"shipping-taxable","14":"purchasable","15":"product-type-simple"},"_links":{"self":[{"href":"https:\/\/magnumopuskiado.hu\/en\/wp-json\/wp\/v2\/product\/27553","targetHints":{"allow":["GET"]}}],"collection":[{"href":"https:\/\/magnumopuskiado.hu\/en\/wp-json\/wp\/v2\/product"}],"about":[{"href":"https:\/\/magnumopuskiado.hu\/en\/wp-json\/wp\/v2\/types\/product"}],"version-history":[{"count":5,"href":"https:\/\/magnumopuskiado.hu\/en\/wp-json\/wp\/v2\/product\/27553\/revisions"}],"predecessor-version":[{"id":27959,"href":"https:\/\/magnumopuskiado.hu\/en\/wp-json\/wp\/v2\/product\/27553\/revisions\/27959"}],"wp:featuredmedia":[{"embeddable":true,"href":"https:\/\/magnumopuskiado.hu\/en\/wp-json\/wp\/v2\/media\/27658"}],"wp:attachment":[{"href":"https:\/\/magnumopuskiado.hu\/en\/wp-json\/wp\/v2\/media?parent=27553"}],"wp:term":[{"taxonomy":"product_brand","embeddable":true,"href":"https:\/\/magnumopuskiado.hu\/en\/wp-json\/wp\/v2\/product_brand?post=27553"},{"taxonomy":"product_cat","embeddable":true,"href":"https:\/\/magnumopuskiado.hu\/en\/wp-json\/wp\/v2\/product_cat?post=27553"},{"taxonomy":"product_tag","embeddable":true,"href":"https:\/\/magnumopuskiado.hu\/en\/wp-json\/wp\/v2\/product_tag?post=27553"}],"curies":[{"name":"wp","href":"https:\/\/api.w.org\/{rel}","templated":true}]}}