{"id":27555,"date":"2025-10-09T13:49:54","date_gmt":"2025-10-09T11:49:54","guid":{"rendered":"https:\/\/magnumopuskiado.hu\/?post_type=product&#038;p=27555"},"modified":"2026-03-02T19:37:04","modified_gmt":"2026-03-02T18:37:04","slug":"blade-runner-2029-1-limitalt-kiadas-elorendeles","status":"publish","type":"product","link":"https:\/\/magnumopuskiado.hu\/en\/product\/blade-runner-2029-1-limitalt-kiadas-elorendeles\/","title":{"rendered":"Blade Runner 2029 \/ 1. &#8211; Limit\u00e1lt kiad\u00e1s"},"content":{"rendered":"","protected":false},"excerpt":{"rendered":"<h4>Mike Johnson &amp; Andres Guinaldo, Marco Lesko<\/h4>\n<h6>Els\u0151 k\u00f6tet a h\u00e1romb\u00f3l, a Blade Runner 2029 sorozat #1-4 r\u00e9szeit tartalmazza.<br \/>\n128 oldal, &#8216;oversize&#8217; kem\u00e9nyt\u00e1bl\u00e1s (19\u00d728 cm), f\u00e9mhat\u00e1s\u00fa bor\u00edt\u00f3\/szintetikus burkol\u00f3.<\/h6>","protected":false},"featured_media":27592,"template":"","meta":[],"product_brand":[],"product_cat":[19],"product_tag":[],"class_list":{"0":"post-27555","1":"product","2":"type-product","3":"status-publish","4":"has-post-thumbnail","6":"product_cat-blade-runner","9":"first","10":"instock","11":"taxable","12":"shipping-taxable","13":"purchasable","14":"product-type-simple"},"_links":{"self":[{"href":"https:\/\/magnumopuskiado.hu\/en\/wp-json\/wp\/v2\/product\/27555","targetHints":{"allow":["GET"]}}],"collection":[{"href":"https:\/\/magnumopuskiado.hu\/en\/wp-json\/wp\/v2\/product"}],"about":[{"href":"https:\/\/magnumopuskiado.hu\/en\/wp-json\/wp\/v2\/types\/product"}],"version-history":[{"count":4,"href":"https:\/\/magnumopuskiado.hu\/en\/wp-json\/wp\/v2\/product\/27555\/revisions"}],"predecessor-version":[{"id":27842,"href":"https:\/\/magnumopuskiado.hu\/en\/wp-json\/wp\/v2\/product\/27555\/revisions\/27842"}],"wp:featuredmedia":[{"embeddable":true,"href":"https:\/\/magnumopuskiado.hu\/en\/wp-json\/wp\/v2\/media\/27592"}],"wp:attachment":[{"href":"https:\/\/magnumopuskiado.hu\/en\/wp-json\/wp\/v2\/media?parent=27555"}],"wp:term":[{"taxonomy":"product_brand","embeddable":true,"href":"https:\/\/magnumopuskiado.hu\/en\/wp-json\/wp\/v2\/product_brand?post=27555"},{"taxonomy":"product_cat","embeddable":true,"href":"https:\/\/magnumopuskiado.hu\/en\/wp-json\/wp\/v2\/product_cat?post=27555"},{"taxonomy":"product_tag","embeddable":true,"href":"https:\/\/magnumopuskiado.hu\/en\/wp-json\/wp\/v2\/product_tag?post=27555"}],"curies":[{"name":"wp","href":"https:\/\/api.w.org\/{rel}","templated":true}]}}