{"id":27559,"date":"2025-10-09T14:02:45","date_gmt":"2025-10-09T12:02:45","guid":{"rendered":"https:\/\/magnumopuskiado.hu\/?post_type=product&#038;p=27559"},"modified":"2025-11-17T11:31:31","modified_gmt":"2025-11-17T10:31:31","slug":"blade-runner-2029-1-momoko","status":"publish","type":"product","link":"https:\/\/magnumopuskiado.hu\/en\/product\/blade-runner-2029-1-momoko\/","title":{"rendered":"Blade Runner 2029 \/ 1. &#8211; Momoko Edis\u00f6n"},"content":{"rendered":"","protected":false},"excerpt":{"rendered":"<h4>Mike Johnson &amp; Andres Guinaldo, Marco Lesko<\/h4>\n<h6>Els\u0151 k\u00f6tet a h\u00e1romb\u00f3l, a Blade Runner 2029 sorozat #1-4 r\u00e9szeit tartalmazza.<br \/>\n104 oldal, &#8216;oversize&#8217; kem\u00e9nyk\u00f6t\u00e9s (28\u00d719 cm), matt\/UV lakkozott bor\u00edt\u00f3<\/h6>\n<p>&nbsp;<\/p>","protected":false},"featured_media":27577,"template":"","meta":[],"product_brand":[],"product_cat":[19],"product_tag":[],"class_list":{"0":"post-27559","1":"product","2":"type-product","3":"status-publish","4":"has-post-thumbnail","6":"product_cat-blade-runner","9":"first","10":"instock","11":"taxable","12":"shipping-taxable","13":"purchasable","14":"product-type-simple"},"_links":{"self":[{"href":"https:\/\/magnumopuskiado.hu\/en\/wp-json\/wp\/v2\/product\/27559","targetHints":{"allow":["GET"]}}],"collection":[{"href":"https:\/\/magnumopuskiado.hu\/en\/wp-json\/wp\/v2\/product"}],"about":[{"href":"https:\/\/magnumopuskiado.hu\/en\/wp-json\/wp\/v2\/types\/product"}],"version-history":[{"count":5,"href":"https:\/\/magnumopuskiado.hu\/en\/wp-json\/wp\/v2\/product\/27559\/revisions"}],"predecessor-version":[{"id":27840,"href":"https:\/\/magnumopuskiado.hu\/en\/wp-json\/wp\/v2\/product\/27559\/revisions\/27840"}],"wp:featuredmedia":[{"embeddable":true,"href":"https:\/\/magnumopuskiado.hu\/en\/wp-json\/wp\/v2\/media\/27577"}],"wp:attachment":[{"href":"https:\/\/magnumopuskiado.hu\/en\/wp-json\/wp\/v2\/media?parent=27559"}],"wp:term":[{"taxonomy":"product_brand","embeddable":true,"href":"https:\/\/magnumopuskiado.hu\/en\/wp-json\/wp\/v2\/product_brand?post=27559"},{"taxonomy":"product_cat","embeddable":true,"href":"https:\/\/magnumopuskiado.hu\/en\/wp-json\/wp\/v2\/product_cat?post=27559"},{"taxonomy":"product_tag","embeddable":true,"href":"https:\/\/magnumopuskiado.hu\/en\/wp-json\/wp\/v2\/product_tag?post=27559"}],"curies":[{"name":"wp","href":"https:\/\/api.w.org\/{rel}","templated":true}]}}