{"id":28024,"date":"2026-02-04T13:34:27","date_gmt":"2026-02-04T12:34:27","guid":{"rendered":"https:\/\/magnumopuskiado.hu\/?post_type=product&#038;p=28024"},"modified":"2026-03-05T13:23:18","modified_gmt":"2026-03-05T12:23:18","slug":"blacksad-tortenetek-heti-weekly-normal","status":"publish","type":"product","link":"https:\/\/magnumopuskiado.hu\/en\/product\/blacksad-tortenetek-heti-weekly-normal\/","title":{"rendered":"Blacksad &#8211; Heti (Weekly)"},"content":{"rendered":"","protected":false},"excerpt":{"rendered":"<h3>Rajz: Giovanni Rigano; Forgat\u00f3k\u00f6nyv: Juan Diaz Canales<\/h3>\n<h6>A Blacksad egyik kedvelt szerepl\u0151j\u00e9nek, Hetinek az &#8220;eredett\u00f6rt\u00e9net\u00e9t&#8221; ismerj\u00fck meg ebben az albumban.<br \/>\n64 oldal, eredeti m\u00e9ret (32\u00d724 cm), kem\u00e9ny t\u00e1bl\u00e1s.<br \/>\n[Pesti K\u00f6nyv]<\/h6>\n","protected":false},"featured_media":28025,"template":"","meta":[],"product_brand":[],"product_cat":[296,295],"product_tag":[],"class_list":{"0":"post-28024","1":"product","2":"type-product","3":"status-publish","4":"has-post-thumbnail","6":"product_cat-blacksad","7":"product_cat-magnum-opus","10":"first","11":"instock","12":"taxable","13":"shipping-taxable","14":"purchasable","15":"product-type-simple"},"_links":{"self":[{"href":"https:\/\/magnumopuskiado.hu\/en\/wp-json\/wp\/v2\/product\/28024","targetHints":{"allow":["GET"]}}],"collection":[{"href":"https:\/\/magnumopuskiado.hu\/en\/wp-json\/wp\/v2\/product"}],"about":[{"href":"https:\/\/magnumopuskiado.hu\/en\/wp-json\/wp\/v2\/types\/product"}],"version-history":[{"count":2,"href":"https:\/\/magnumopuskiado.hu\/en\/wp-json\/wp\/v2\/product\/28024\/revisions"}],"predecessor-version":[{"id":28030,"href":"https:\/\/magnumopuskiado.hu\/en\/wp-json\/wp\/v2\/product\/28024\/revisions\/28030"}],"wp:featuredmedia":[{"embeddable":true,"href":"https:\/\/magnumopuskiado.hu\/en\/wp-json\/wp\/v2\/media\/28025"}],"wp:attachment":[{"href":"https:\/\/magnumopuskiado.hu\/en\/wp-json\/wp\/v2\/media?parent=28024"}],"wp:term":[{"taxonomy":"product_brand","embeddable":true,"href":"https:\/\/magnumopuskiado.hu\/en\/wp-json\/wp\/v2\/product_brand?post=28024"},{"taxonomy":"product_cat","embeddable":true,"href":"https:\/\/magnumopuskiado.hu\/en\/wp-json\/wp\/v2\/product_cat?post=28024"},{"taxonomy":"product_tag","embeddable":true,"href":"https:\/\/magnumopuskiado.hu\/en\/wp-json\/wp\/v2\/product_tag?post=28024"}],"curies":[{"name":"wp","href":"https:\/\/api.w.org\/{rel}","templated":true}]}}