{"id":41,"date":"2022-01-25T07:19:12","date_gmt":"2022-01-25T07:19:12","guid":{"rendered":"https:\/\/magnumopuskiado.byteit.hu\/?post_type=product&#038;p=41"},"modified":"2025-08-12T19:58:40","modified_gmt":"2025-08-12T17:58:40","slug":"blade-runner-2019-los-angeles","status":"publish","type":"product","link":"https:\/\/magnumopuskiado.hu\/en\/product\/blade-runner-2019-los-angeles\/","title":{"rendered":"Blade Runner 2019 \/ 1. &#8211; Norm\u00e1l"},"content":{"rendered":"","protected":false},"excerpt":{"rendered":"<h4>Michael Green &amp; Mark Johnson, Andres Guinaldo<\/h4>\n<h6>Els\u0151 k\u00f6tet, a Blade Runner 2019 sorozat #1-4 r\u00e9szeit tartalmazza.<br \/>\n104 oldal, &#8216;oversize&#8217; kem\u00e9nyk\u00f6t\u00e9s (28\u00d719 cm), matt\/UV lakkozott bor\u00edt\u00f3<\/h6>","protected":false},"featured_media":26346,"template":"","meta":[],"product_brand":[],"product_cat":[19],"product_tag":[],"class_list":{"0":"post-41","1":"product","2":"type-product","3":"status-publish","4":"has-post-thumbnail","6":"product_cat-blade-runner","9":"first","10":"instock","11":"taxable","12":"shipping-taxable","13":"purchasable","14":"product-type-simple"},"_links":{"self":[{"href":"https:\/\/magnumopuskiado.hu\/en\/wp-json\/wp\/v2\/product\/41","targetHints":{"allow":["GET"]}}],"collection":[{"href":"https:\/\/magnumopuskiado.hu\/en\/wp-json\/wp\/v2\/product"}],"about":[{"href":"https:\/\/magnumopuskiado.hu\/en\/wp-json\/wp\/v2\/types\/product"}],"version-history":[{"count":10,"href":"https:\/\/magnumopuskiado.hu\/en\/wp-json\/wp\/v2\/product\/41\/revisions"}],"predecessor-version":[{"id":26834,"href":"https:\/\/magnumopuskiado.hu\/en\/wp-json\/wp\/v2\/product\/41\/revisions\/26834"}],"wp:featuredmedia":[{"embeddable":true,"href":"https:\/\/magnumopuskiado.hu\/en\/wp-json\/wp\/v2\/media\/26346"}],"wp:attachment":[{"href":"https:\/\/magnumopuskiado.hu\/en\/wp-json\/wp\/v2\/media?parent=41"}],"wp:term":[{"taxonomy":"product_brand","embeddable":true,"href":"https:\/\/magnumopuskiado.hu\/en\/wp-json\/wp\/v2\/product_brand?post=41"},{"taxonomy":"product_cat","embeddable":true,"href":"https:\/\/magnumopuskiado.hu\/en\/wp-json\/wp\/v2\/product_cat?post=41"},{"taxonomy":"product_tag","embeddable":true,"href":"https:\/\/magnumopuskiado.hu\/en\/wp-json\/wp\/v2\/product_tag?post=41"}],"curies":[{"name":"wp","href":"https:\/\/api.w.org\/{rel}","templated":true}]}}